{"id":2287,"date":"2019-05-06T10:02:19","date_gmt":"2019-05-06T10:02:19","guid":{"rendered":"https:\/\/www.busqui.com\/moules-individuels\/gouda-type-moulds\/"},"modified":"2020-02-17T11:19:17","modified_gmt":"2020-02-17T11:19:17","slug":"moules-de-type-gouda","status":"publish","type":"page","link":"https:\/\/www.busqui.com\/fr\/moules-individuels\/moules-de-type-gouda\/","title":{"rendered":"MOULES DE TYPE GOUDA"},"content":{"rendered":"<section class=\"wpb-content-wrapper\">[vc_row][vc_column][mk_padding_divider size=\u00a0\u00bb80&Prime;][\/vc_column][\/vc_row][vc_row column_padding=\u00a0\u00bb2&Prime;][vc_column width=\u00a0\u00bb1\/2&Prime;][vc_gallery type=\u00a0\u00bbflexslider_slide\u00a0\u00bb interval=\u00a0\u00bb3&Prime; images=\u00a0\u00bb1289,1294,1299&Prime; img_size=\u00a0\u00bbfull\u00a0\u00bb][\/vc_column][vc_column width=\u00a0\u00bb1\/2&Prime;][vc_column_text css=\u00a0\u00bb.vc_custom_1581938088724{margin-bottom: 0px !important;}\u00a0\u00bb]\n<h2>Sp\u00e9cifications techniques Moules simples<\/h2>\n<p>Ce moule unique a une \u00abperforation prot\u00e9g\u00e9e\u00bb. La perforation est prot\u00e9g\u00e9e contre les dommages et le motif sp\u00e9cial renforce \u00e9galement la construction. De plus, une \u00e9paisseur de feuille de 15 mm est utilis\u00e9e. Les canaux de perforation sont plut\u00f4t courts: seulement 3 mm. Pour le nettoyage, c&rsquo;est id\u00e9al, le risque de perforation bloqu\u00e9e devient n\u00e9gligeable[\/vc_column_text][mk_padding_divider size=\u00a0\u00bb25&Prime;][vc_row_inner attached=\u00a0\u00bbtrue\u00a0\u00bb][vc_column_inner width=\u00a0\u00bb1\/2&Prime;][mk_button dimension=\u00a0\u00bbflat\u00a0\u00bb corner_style=\u00a0\u00bbrounded\u00a0\u00bb size=\u00a0\u00bblarge\u00a0\u00bb icon=\u00a0\u00bbmk-icon-cloud-download\u00a0\u00bb url=\u00a0\u00bb\/wp-content\/uploads\/2020\/02\/gouda-type-moulds.pdf\u00a0\u00bb target=\u00a0\u00bb_blank\u00a0\u00bb margin_right=\u00a0\u00bb0&Prime; bg_color=\u00a0\u00bb#09bd93&Prime; btn_hover_bg=\u00a0\u00bb#09abb3&Prime; btn_hover_txt_color=\u00a0\u00bb#ffffff\u00a0\u00bb]TABLEAU FICHE TECHNIQUE[\/mk_button][mk_button dimension=\u00a0\u00bbflat\u00a0\u00bb corner_style=\u00a0\u00bbrounded\u00a0\u00bb size=\u00a0\u00bblarge\u00a0\u00bb icon=\u00a0\u00bbmk-icon-phone\u00a0\u00bb url=\u00a0\u00bb\/fr\/contact\/\u00a0\u00bb margin_right=\u00a0\u00bb0&Prime; bg_color=\u00a0\u00bb#09abb3&Prime; btn_hover_bg=\u00a0\u00bb#09bd93&Prime; btn_hover_txt_color=\u00a0\u00bb#ffffff\u00a0\u00bb]CONTACT COMMERCIAL[\/mk_button][\/vc_column_inner][vc_column_inner width=\u00a0\u00bb1\/2&Prime;][\/vc_column_inner][\/vc_row_inner][mk_padding_divider size=\u00a0\u00bb15&Prime;][\/vc_column][\/vc_row][vc_row column_padding=\u00a0\u00bb2&Prime;][vc_column width=\u00a0\u00bb2\/3&Prime;][vc_single_image image=\u00a0\u00bb1065&Prime; img_size=\u00a0\u00bb703&#215;376&Prime; style=\u00a0\u00bbvc_box_rounded\u00a0\u00bb css=\u00a0\u00bb.vc_custom_1571154098541{border-radius: 5px !important;}\u00a0\u00bb][mk_padding_divider][\/vc_column][vc_column width=\u00a0\u00bb1\/3&Prime; css=\u00a0\u00bb.vc_custom_1571153834912{padding-top: 20px !important;padding-right: 40px !important;padding-bottom: 20px !important;padding-left: 40px !important;background-color: #46c183 !important;border-radius: 5px !important;}\u00a0\u00bb][vc_column_text css=\u00a0\u00bb.vc_custom_1581938286371{margin-bottom: 0px !important;}\u00a0\u00bb]\n<h2><span style=\"color: #ffffff;\">Pourquoi choisir nos moules?<\/span><\/h2>\n[\/vc_column_text][mk_custom_list icon_color=\u00a0\u00bb#ffffff\u00a0\u00bb animation=\u00a0\u00bbfade-in\u00a0\u00bb]\n<ul>\n<li><span style=\"color: #ffffff;\">Moules \u00e0 fromage personnalis\u00e9s.<\/span><\/li>\n<li><span style=\"color: #ffffff;\">Mat\u00e9riaux de la plus haute qualit\u00e9.<\/span><\/li>\n<li><span style=\"color: #ffffff;\">Une passion pour livrer du fromage avec la forme parfaite.<\/span><\/li>\n<li><span style=\"color: #ffffff;\">Conseils et soutien pour la vie.<\/span><\/li>\n<li><span style=\"color: #ffffff;\">Livraison et support dans le monde entier.<\/span><\/li>\n<\/ul>\n[\/mk_custom_list][mk_padding_divider][\/vc_column][\/vc_row]\n<\/section>","protected":false},"excerpt":{"rendered":"<p>[vc_row][vc_column][mk_padding_divider size=\u00a0\u00bb80&Prime;][\/vc_column][\/vc_row][vc_row column_padding=\u00a0\u00bb2&Prime;][vc_column width=\u00a0\u00bb1\/2&Prime;][vc_gallery type=\u00a0\u00bbflexslider_slide\u00a0\u00bb interval=\u00a0\u00bb3&Prime; images=\u00a0\u00bb1289,1294,1299&Prime; img_size=\u00a0\u00bbfull\u00a0\u00bb][\/vc_column][vc_column width=\u00a0\u00bb1\/2&Prime;][vc_column_text css=\u00a0\u00bb.vc_custom_1581938088724{margin-bottom: 0px !important;}\u00a0\u00bb] Sp\u00e9cifications techniques Moules simples Ce moule unique a une \u00abperforation prot\u00e9g\u00e9e\u00bb. La perforation est prot\u00e9g\u00e9e contre les dommages et le motif sp\u00e9cial renforce \u00e9galement la construction. De plus, une \u00e9paisseur de feuille de 15 mm est utilis\u00e9e. Les canaux de perforation sont plut\u00f4t [&hellip;]<\/p>\n","protected":false},"author":1,"featured_media":0,"parent":2236,"menu_order":0,"comment_status":"closed","ping_status":"closed","template":"","meta":[],"_links":{"self":[{"href":"https:\/\/www.busqui.com\/fr\/wp-json\/wp\/v2\/pages\/2287"}],"collection":[{"href":"https:\/\/www.busqui.com\/fr\/wp-json\/wp\/v2\/pages"}],"about":[{"href":"https:\/\/www.busqui.com\/fr\/wp-json\/wp\/v2\/types\/page"}],"author":[{"embeddable":true,"href":"https:\/\/www.busqui.com\/fr\/wp-json\/wp\/v2\/users\/1"}],"replies":[{"embeddable":true,"href":"https:\/\/www.busqui.com\/fr\/wp-json\/wp\/v2\/comments?post=2287"}],"version-history":[{"count":0,"href":"https:\/\/www.busqui.com\/fr\/wp-json\/wp\/v2\/pages\/2287\/revisions"}],"up":[{"embeddable":true,"href":"https:\/\/www.busqui.com\/fr\/wp-json\/wp\/v2\/pages\/2236"}],"wp:attachment":[{"href":"https:\/\/www.busqui.com\/fr\/wp-json\/wp\/v2\/media?parent=2287"}],"curies":[{"name":"wp","href":"https:\/\/api.w.org\/{rel}","templated":true}]}}