{"id":2273,"date":"2018-11-28T09:14:15","date_gmt":"2018-11-28T09:14:15","guid":{"rendered":"https:\/\/www.busqui.com\/moulds-for-fresh-cheese\/"},"modified":"2020-02-17T11:40:51","modified_gmt":"2020-02-17T11:40:51","slug":"moules-pour-fromage-frais","status":"publish","type":"page","link":"https:\/\/www.busqui.com\/fr\/moules-pour-fromage-frais\/","title":{"rendered":"Moules Pour Fromage Frais"},"content":{"rendered":"<section class=\"wpb-content-wrapper\">[vc_row][vc_column][vc_row_inner][vc_column_inner css=\u00a0\u00bb.vc_custom_1557138864902{margin-right: 0px !important;margin-left: 0px !important;padding-right: 0px !important;padding-left: 0px !important;}\u00a0\u00bb][mk_padding_divider size=\u00a0\u00bb100&Prime;][\/vc_column_inner][\/vc_row_inner][\/vc_column][\/vc_row][vc_row column_padding=\u00a0\u00bb2&Prime;][vc_column width=\u00a0\u00bb1\/2&Prime;][vc_images_carousel images=\u00a0\u00bb1526,1531,1536&Prime; img_size=\u00a0\u00bbfull\u00a0\u00bb css_animation=\u00a0\u00bbfadeIn\u00a0\u00bb][\/vc_column][vc_column width=\u00a0\u00bb1\/2&Prime;][mk_fancy_title size=\u00a0\u00bb34&Prime; font_weight=\u00a0\u00bb500&Prime; font_style=\u00a0\u00bbnormal\u00a0\u00bb margin_top=\u00a0\u00bb20&Prime; font_family=\u00a0\u00bbnone\u00a0\u00bb]<span style=\"font-family: Futura; font-size: 32px;\">Multimolde sans bac<\/span>[\/mk_fancy_title][vc_column_text el_class=\u00a0\u00bbjustify\u00a0\u00bb css=\u00a0\u00bb.vc_custom_1581937572229{margin-bottom: 0px !important;}\u00a0\u00bb]Busqui propose une large gamme de moules pour le fromage frais, le fromage cottage et d&rsquo;autres sp\u00e9cialit\u00e9s o\u00f9 le client peut choisir parmi une large gamme de dimensions et de formes en fonction de ses besoins.<br \/>\nDe m\u00eame, ces moules permettent leur assemblage dans des multi-moules qui, avec des accessoires tels que des distributeurs de caill\u00e9, des tourneurs en acier inoxydable et bien s\u00fbr, nos machines de remplissage de caill\u00e9, offrent des performances de production \u00e9lev\u00e9es et une magnifique \u00e9conomie de temps et de produit.[\/vc_column_text][mk_padding_divider size=\u00a0\u00bb25&Prime;][vc_row_inner attached=\u00a0\u00bbtrue\u00a0\u00bb][vc_column_inner width=\u00a0\u00bb1\/2&Prime;][mk_button dimension=\u00a0\u00bbflat\u00a0\u00bb corner_style=\u00a0\u00bbrounded\u00a0\u00bb size=\u00a0\u00bblarge\u00a0\u00bb icon=\u00a0\u00bbmk-icon-phone\u00a0\u00bb url=\u00a0\u00bb\/fr\/contact\u00a0\u00bb margin_right=\u00a0\u00bb0&Prime; bg_color=\u00a0\u00bb#09abb3&Prime; btn_hover_bg=\u00a0\u00bb#09bd93&Prime; btn_hover_txt_color=\u00a0\u00bb#ffffff\u00a0\u00bb]CONTACT COMMERCIAL[\/mk_button][\/vc_column_inner][vc_column_inner width=\u00a0\u00bb1\/2&Prime;][\/vc_column_inner][\/vc_row_inner][mk_padding_divider size=\u00a0\u00bb15&Prime;][\/vc_column][\/vc_row][vc_row column_padding=\u00a0\u00bb2&Prime;][vc_column width=\u00a0\u00bb2\/3&Prime;][vc_single_image image=\u00a0\u00bb1065&Prime; img_size=\u00a0\u00bb703&#215;376&Prime; style=\u00a0\u00bbvc_box_rounded\u00a0\u00bb css=\u00a0\u00bb.vc_custom_1571154098541{border-radius: 5px !important;}\u00a0\u00bb][mk_padding_divider][\/vc_column][vc_column width=\u00a0\u00bb1\/3&Prime; css=\u00a0\u00bb.vc_custom_1571153834912{padding-top: 20px !important;padding-right: 40px !important;padding-bottom: 20px !important;padding-left: 40px !important;background-color: #46c183 !important;border-radius: 5px !important;}\u00a0\u00bb][vc_column_text css=\u00a0\u00bb.vc_custom_1581937596876{margin-bottom: 0px !important;}\u00a0\u00bb]\n<h2><span style=\"color: #ffffff;\">Pourquoi choisir nos moules?<\/span><\/h2>\n[\/vc_column_text][mk_custom_list icon_color=\u00a0\u00bb#ffffff\u00a0\u00bb animation=\u00a0\u00bbfade-in\u00a0\u00bb]\n<ul>\n<li><span style=\"color: #ffffff;\">Moules \u00e0 fromage personnalis\u00e9s.<\/span><\/li>\n<li><span style=\"color: #ffffff;\">Mat\u00e9riaux de la plus haute qualit\u00e9.<\/span><\/li>\n<li><span style=\"color: #ffffff;\">Une passion pour livrer du fromage avec la forme parfaite.<\/span><\/li>\n<li><span style=\"color: #ffffff;\">Conseils et soutien pour la vie.<\/span><\/li>\n<li><span style=\"color: #ffffff;\">Livraison et support dans le monde entier.<\/span><\/li>\n<\/ul>\n[\/mk_custom_list][mk_padding_divider][\/vc_column][\/vc_row]\n<\/section>","protected":false},"excerpt":{"rendered":"<p>[vc_row][vc_column][vc_row_inner][vc_column_inner css=\u00a0\u00bb.vc_custom_1557138864902{margin-right: 0px !important;margin-left: 0px !important;padding-right: 0px !important;padding-left: 0px !important;}\u00a0\u00bb][mk_padding_divider size=\u00a0\u00bb100&Prime;][\/vc_column_inner][\/vc_row_inner][\/vc_column][\/vc_row][vc_row column_padding=\u00a0\u00bb2&Prime;][vc_column width=\u00a0\u00bb1\/2&Prime;][vc_images_carousel images=\u00a0\u00bb1526,1531,1536&Prime; img_size=\u00a0\u00bbfull\u00a0\u00bb css_animation=\u00a0\u00bbfadeIn\u00a0\u00bb][\/vc_column][vc_column width=\u00a0\u00bb1\/2&Prime;][mk_fancy_title size=\u00a0\u00bb34&Prime; font_weight=\u00a0\u00bb500&Prime; font_style=\u00a0\u00bbnormal\u00a0\u00bb margin_top=\u00a0\u00bb20&Prime; font_family=\u00a0\u00bbnone\u00a0\u00bb]Multimolde sans bac[\/mk_fancy_title][vc_column_text el_class=\u00a0\u00bbjustify\u00a0\u00bb css=\u00a0\u00bb.vc_custom_1581937572229{margin-bottom: 0px !important;}\u00a0\u00bb]Busqui propose une large gamme de moules pour le fromage frais, le fromage cottage et d&rsquo;autres sp\u00e9cialit\u00e9s o\u00f9 le client peut choisir parmi une large gamme de dimensions [&hellip;]<\/p>\n","protected":false},"author":1,"featured_media":0,"parent":0,"menu_order":0,"comment_status":"closed","ping_status":"closed","template":"","meta":[],"_links":{"self":[{"href":"https:\/\/www.busqui.com\/fr\/wp-json\/wp\/v2\/pages\/2273"}],"collection":[{"href":"https:\/\/www.busqui.com\/fr\/wp-json\/wp\/v2\/pages"}],"about":[{"href":"https:\/\/www.busqui.com\/fr\/wp-json\/wp\/v2\/types\/page"}],"author":[{"embeddable":true,"href":"https:\/\/www.busqui.com\/fr\/wp-json\/wp\/v2\/users\/1"}],"replies":[{"embeddable":true,"href":"https:\/\/www.busqui.com\/fr\/wp-json\/wp\/v2\/comments?post=2273"}],"version-history":[{"count":0,"href":"https:\/\/www.busqui.com\/fr\/wp-json\/wp\/v2\/pages\/2273\/revisions"}],"wp:attachment":[{"href":"https:\/\/www.busqui.com\/fr\/wp-json\/wp\/v2\/media?parent=2273"}],"curies":[{"name":"wp","href":"https:\/\/api.w.org\/{rel}","templated":true}]}}