{"id":2253,"date":"2017-03-17T14:23:33","date_gmt":"2017-03-17T14:23:33","guid":{"rendered":"https:\/\/www.busqui.com\/busqui\/"},"modified":"2023-10-05T05:22:29","modified_gmt":"2023-10-05T05:22:29","slug":"busqui","status":"publish","type":"page","link":"https:\/\/www.busqui.com\/fr\/busqui\/","title":{"rendered":"Busqu\u00ed"},"content":{"rendered":"<section class=\"wpb-content-wrapper\">[vc_row fullwidth=\u00a0\u00bbtrue\u00a0\u00bb fullwidth_content=\u00a0\u00bbfalse\u00a0\u00bb visibility=\u00a0\u00bbhidden-sm\u00a0\u00bb css=\u00a0\u00bb.vc_custom_1637582314815{padding-top: 200px !important;padding-bottom: 200px !important;background-position: center !important;background-repeat: no-repeat !important;background-size: cover !important;}\u00a0\u00bb][vc_column width=\u00a0\u00bb1\/3&Prime;][vc_column_text css=\u00a0\u00bb.vc_custom_1581936364490{margin-bottom: 0px !important;}\u00a0\u00bb]\n<h1><span style=\"color: #ffffff;\">Busqu\u00ed<\/span><\/h1>\n<p>&nbsp;<\/p>\n<p><span style=\"color: #ffffff;\"><a style=\"color: #ffffff;\" href=\"https:\/\/www.busqui.com\/fr\/\">Accueil<\/a> \u00bb<strong> Busqu\u00ed<\/strong><\/span>[\/vc_column_text][\/vc_column][vc_column width=\u00a0\u00bb1\/3&Prime;][\/vc_column][vc_column width=\u00a0\u00bb1\/3&Prime;][vc_row_inner is_fullwidth_content=\u00a0\u00bbfalse\u00a0\u00bb][vc_column_inner width=\u00a0\u00bb1\/2&Prime;][mk_font_icons icon=\u00a0\u00bbmk-moon-phone-2&Prime; color=\u00a0\u00bb#ffffff\u00a0\u00bb size=\u00a0\u00bblarge\u00a0\u00bb circle=\u00a0\u00bbtrue\u00a0\u00bb circle_color=\u00a0\u00bb#09abb3&Prime; circle_border_color=\u00a0\u00bb#09abb3&Prime; align=\u00a0\u00bbcenter\u00a0\u00bb link=\u00a0\u00bbtel:+34935880139&Prime;][mk_font_icons icon=\u00a0\u00bbmk-li-mail\u00a0\u00bb color=\u00a0\u00bb#ffffff\u00a0\u00bb size=\u00a0\u00bblarge\u00a0\u00bb circle=\u00a0\u00bbtrue\u00a0\u00bb circle_color=\u00a0\u00bb#09bd93&Prime; circle_border_color=\u00a0\u00bb#09bd93&Prime; align=\u00a0\u00bbcenter\u00a0\u00bb link=\u00a0\u00bb\/fr\/contact\/\u00a0\u00bb][\/vc_column_inner][vc_column_inner width=\u00a0\u00bb1\/2&Prime;][\/vc_column_inner][\/vc_row_inner][\/vc_column][\/vc_row][vc_row fullwidth=\u00a0\u00bbtrue\u00a0\u00bb fullwidth_content=\u00a0\u00bbfalse\u00a0\u00bb visibility=\u00a0\u00bbvisible-sm\u00a0\u00bb css=\u00a0\u00bb.vc_custom_1637582319337{padding-top: 200px !important;padding-right: 0px !important;padding-bottom: 200px !important;background-position: center !important;background-repeat: no-repeat !important;background-size: cover !important;}\u00a0\u00bb][vc_column width=\u00a0\u00bb1\/3&Prime;][vc_column_text css=\u00a0\u00bb.vc_custom_1581936376460{margin-bottom: 0px !important;}\u00a0\u00bb]\n<h1><span style=\"color: #ffffff;\">Busqu\u00ed<\/span><\/h1>\n<p>&nbsp;<\/p>\n<p><span style=\"color: #ffffff;\"><a style=\"color: #ffffff;\" href=\"https:\/\/www.busqui.com\/fr\/\">Accueil<\/a> \u00bb<strong> Busqu\u00ed<\/strong><\/span>[\/vc_column_text][\/vc_column][vc_column width=\u00a0\u00bb1\/3&Prime;][vc_row_inner is_fullwidth_content=\u00a0\u00bbfalse\u00a0\u00bb][vc_column_inner][mk_font_icons icon=\u00a0\u00bbmk-moon-phone-2&Prime; color=\u00a0\u00bb#ffffff\u00a0\u00bb size=\u00a0\u00bblarge\u00a0\u00bb circle=\u00a0\u00bbtrue\u00a0\u00bb circle_color=\u00a0\u00bb#09abb3&Prime; circle_border_color=\u00a0\u00bb#09abb3&Prime; align=\u00a0\u00bbcenter\u00a0\u00bb link=\u00a0\u00bbtel:+34935880139&Prime;][\/vc_column_inner][\/vc_row_inner][\/vc_column][vc_column width=\u00a0\u00bb1\/3&Prime;][vc_row_inner is_fullwidth_content=\u00a0\u00bbfalse\u00a0\u00bb][vc_column_inner][mk_font_icons icon=\u00a0\u00bbmk-li-mail\u00a0\u00bb color=\u00a0\u00bb#ffffff\u00a0\u00bb size=\u00a0\u00bblarge\u00a0\u00bb circle=\u00a0\u00bbtrue\u00a0\u00bb circle_color=\u00a0\u00bb#09bd93&Prime; circle_border_color=\u00a0\u00bb#09bd93&Prime; align=\u00a0\u00bbcenter\u00a0\u00bb link=\u00a0\u00bb\/fr\/contact\/\u00a0\u00bb][\/vc_column_inner][\/vc_row_inner][\/vc_column][\/vc_row][vc_row fullwidth=\u00a0\u00bbtrue\u00a0\u00bb][vc_column][mk_padding_divider size=\u00a0\u00bb80&Prime;][\/vc_column][\/vc_row][vc_row][vc_column][vc_column_text css=\u00a0\u00bb.vc_custom_1696483341873{margin-bottom: 0px !important;}\u00a0\u00bb]\n<h3><strong>Depuis plus de cinquante ans, Mecanizados Busqu\u00ed SL. a \u00e9t\u00e9 d\u00e9di\u00e9e \u00e0 la fabrication de moules pour fromages.<\/strong><\/h3>\n<p>L&rsquo;exp\u00e9rience acquise au cours de ces ann\u00e9es nous a permis de perfectionner et de cr\u00e9er des syst\u00e8mes et des mod\u00e8les de moules de plus en plus parfaits et technologiquement avanc\u00e9s jusqu&rsquo;\u00e0 ce que nous atteignions les moules micro-perfor\u00e9s innovants, fabriqu\u00e9s en une seule pi\u00e8ce.<\/p>\n<p>Pour ce faire, Busqu\u00ed recherche et d\u00e9veloppe des projets pour am\u00e9liorer en permanence la conception de nos produits et le processus de production. Gr\u00e2ce \u00e0 cet effort, tous les moules Busqu\u00ed b\u00e9n\u00e9ficient d&rsquo;une garantie d&rsquo;un an.<\/p>\n<p>En tant que fabricants, nous offrons un service complet qui comprend les conseils techniques n\u00e9cessaires \u00e0 l&rsquo;adaptation de nos moules aux besoins de chaque client et de leurs syst\u00e8mes de fabrication, ainsi que la fourniture des produits de nettoyage appropri\u00e9s pour un bon entretien.<\/p>\n<p>Notre \u00e9quipe, compos\u00e9e d&rsquo;experts professionnels, s&rsquo;occupe personnellement de la mise en \u0153uvre de nos produits et garantit leur efficacit\u00e9.<\/p>\n<p>Le d\u00e9fi de Busqu\u00ed SL est de continuer \u00e0 grandir pour proposer de plus en plus de moules parfaits \u00e0 tous nos clients.[\/vc_column_text][\/vc_column][\/vc_row][vc_row fullwidth=\u00a0\u00bbtrue\u00a0\u00bb fullwidth_content=\u00a0\u00bbfalse\u00a0\u00bb css=\u00a0\u00bb.vc_custom_1574158437604{margin-top: 40px !important;margin-bottom: 40px !important;padding-top: 40px !important;padding-bottom: 40px !important;background-image: url(https:\/\/www.busqui.com\/wp-content\/uploads\/2019\/02\/busqui_servicios_background2.jpg?id=590) !important;background-position: center !important;background-repeat: no-repeat !important;background-size: cover !important;}\u00a0\u00bb][vc_column][mk_fancy_title color=\u00a0\u00bb#ffffff\u00a0\u00bb size=\u00a0\u00bb42&Prime; font_family=\u00a0\u00bbnone\u00a0\u00bb align=\u00a0\u00bbcenter\u00a0\u00bb]<span style=\"color: #ffffff;\">Rechercher \u00e0 l&rsquo;international<\/span>[\/mk_fancy_title][vc_column_text css=\u00a0\u00bb.vc_custom_1581936560857{margin-bottom: 0px !important;}\u00a0\u00bb]\n<p style=\"text-align: center;\"><span style=\"color: #ffffff;\">Actuellement Busqu\u00ed a plusieurs collaborateurs internationaux r\u00e9partis dans le monde.<\/span><\/p>\n<p style=\"text-align: center;\"><span style=\"color: #ffffff;\">Gr\u00e2ce au travail conjoint, nous avons renforc\u00e9 notre pr\u00e9sence \u00e0 l&rsquo;\u00e9tranger.<\/span><\/p>\n[\/vc_column_text][vc_row_inner][vc_column_inner width=\u00a0\u00bb1\/5&Prime;][\/vc_column_inner][vc_column_inner width=\u00a0\u00bb3\/5&Prime;][vc_video max_width=\u00a0\u00bb600&Prime; host=\u00a0\u00bbself_hosted\u00a0\u00bb mp4=\u00a0\u00bb\/wp-content\/uploads\/2019\/04\/busqui_video_home.mp4&Prime; custom_thumbnail=\u00a0\u00bbtrue\u00a0\u00bb aspect_ratio=\u00a0\u00bbtrue\u00a0\u00bb play_icon=\u00a0\u00bbmk-moon-play\u00a0\u00bb play_icon_size=\u00a0\u00bb128&Prime; play_icon_color=\u00a0\u00bbrgba(0,0,0,0.7)\u00a0\u00bb play_target=\u00a0\u00bbsame\u00a0\u00bb thumbnail_image=\u00a0\u00bb1052&Prime;][\/vc_column_inner][vc_column_inner width=\u00a0\u00bb1\/5&Prime;][\/vc_column_inner][\/vc_row_inner][\/vc_column][\/vc_row][vc_row][vc_column][mk_padding_divider][\/vc_column][\/vc_row][vc_row column_padding=\u00a0\u00bb2&Prime;][vc_column width=\u00a0\u00bb2\/3&Prime;][vc_single_image image=\u00a0\u00bb1065&Prime; img_size=\u00a0\u00bb703&#215;376&Prime; style=\u00a0\u00bbvc_box_rounded\u00a0\u00bb css=\u00a0\u00bb.vc_custom_1571154098541{border-radius: 5px !important;}\u00a0\u00bb][mk_padding_divider][\/vc_column][vc_column width=\u00a0\u00bb1\/3&Prime; css=\u00a0\u00bb.vc_custom_1571153834912{padding-top: 20px !important;padding-right: 40px !important;padding-bottom: 20px !important;padding-left: 40px !important;background-color: #46c183 !important;border-radius: 5px !important;}\u00a0\u00bb][vc_column_text css=\u00a0\u00bb.vc_custom_1581936594175{margin-bottom: 0px !important;}\u00a0\u00bb]\n<h2><span style=\"color: #ffffff;\">Pourquoi choisir nos moules?<\/span><\/h2>\n[\/vc_column_text][mk_custom_list icon_color=\u00a0\u00bb#ffffff\u00a0\u00bb animation=\u00a0\u00bbfade-in\u00a0\u00bb]\n<ul>\n<li><span style=\"color: #ffffff;\">Moules \u00e0 fromage personnalis\u00e9s.<\/span><\/li>\n<li><span style=\"color: #ffffff;\">Mat\u00e9riaux de la plus haute qualit\u00e9.<\/span><\/li>\n<li><span style=\"color: #ffffff;\">Une passion pour livrer du fromage avec la forme parfaite.<\/span><\/li>\n<li><span style=\"color: #ffffff;\">Conseils et soutien pour la vie.<\/span><\/li>\n<li><span style=\"color: #ffffff;\">Livraison et support dans le monde entier.<\/span><\/li>\n<\/ul>\n[\/mk_custom_list][mk_padding_divider][\/vc_column][\/vc_row]\n<\/section>","protected":false},"excerpt":{"rendered":"<p>[vc_row fullwidth=\u00a0\u00bbtrue\u00a0\u00bb fullwidth_content=\u00a0\u00bbfalse\u00a0\u00bb visibility=\u00a0\u00bbhidden-sm\u00a0\u00bb css=\u00a0\u00bb.vc_custom_1637582314815{padding-top: 200px !important;padding-bottom: 200px !important;background-position: center !important;background-repeat: no-repeat !important;background-size: cover !important;}\u00a0\u00bb][vc_column width=\u00a0\u00bb1\/3&Prime;][vc_column_text css=\u00a0\u00bb.vc_custom_1581936364490{margin-bottom: 0px !important;}\u00a0\u00bb] Busqu\u00ed &nbsp; Accueil \u00bb Busqu\u00ed[\/vc_column_text][\/vc_column][vc_column width=\u00a0\u00bb1\/3&Prime;][\/vc_column][vc_column width=\u00a0\u00bb1\/3&Prime;][vc_row_inner is_fullwidth_content=\u00a0\u00bbfalse\u00a0\u00bb][vc_column_inner width=\u00a0\u00bb1\/2&Prime;][mk_font_icons icon=\u00a0\u00bbmk-moon-phone-2&Prime; color=\u00a0\u00bb#ffffff\u00a0\u00bb size=\u00a0\u00bblarge\u00a0\u00bb circle=\u00a0\u00bbtrue\u00a0\u00bb circle_color=\u00a0\u00bb#09abb3&Prime; circle_border_color=\u00a0\u00bb#09abb3&Prime; align=\u00a0\u00bbcenter\u00a0\u00bb link=\u00a0\u00bbtel:+34935880139&Prime;][mk_font_icons icon=\u00a0\u00bbmk-li-mail\u00a0\u00bb color=\u00a0\u00bb#ffffff\u00a0\u00bb size=\u00a0\u00bblarge\u00a0\u00bb circle=\u00a0\u00bbtrue\u00a0\u00bb circle_color=\u00a0\u00bb#09bd93&Prime; circle_border_color=\u00a0\u00bb#09bd93&Prime; align=\u00a0\u00bbcenter\u00a0\u00bb link=\u00a0\u00bb\/fr\/contact\/\u00a0\u00bb][\/vc_column_inner][vc_column_inner width=\u00a0\u00bb1\/2&Prime;][\/vc_column_inner][\/vc_row_inner][\/vc_column][\/vc_row][vc_row fullwidth=\u00a0\u00bbtrue\u00a0\u00bb fullwidth_content=\u00a0\u00bbfalse\u00a0\u00bb visibility=\u00a0\u00bbvisible-sm\u00a0\u00bb css=\u00a0\u00bb.vc_custom_1637582319337{padding-top: 200px !important;padding-right: 0px !important;padding-bottom: 200px !important;background-position: [&hellip;]<\/p>\n","protected":false},"author":1,"featured_media":0,"parent":0,"menu_order":0,"comment_status":"closed","ping_status":"closed","template":"","meta":[],"_links":{"self":[{"href":"https:\/\/www.busqui.com\/fr\/wp-json\/wp\/v2\/pages\/2253"}],"collection":[{"href":"https:\/\/www.busqui.com\/fr\/wp-json\/wp\/v2\/pages"}],"about":[{"href":"https:\/\/www.busqui.com\/fr\/wp-json\/wp\/v2\/types\/page"}],"author":[{"embeddable":true,"href":"https:\/\/www.busqui.com\/fr\/wp-json\/wp\/v2\/users\/1"}],"replies":[{"embeddable":true,"href":"https:\/\/www.busqui.com\/fr\/wp-json\/wp\/v2\/comments?post=2253"}],"version-history":[{"count":1,"href":"https:\/\/www.busqui.com\/fr\/wp-json\/wp\/v2\/pages\/2253\/revisions"}],"predecessor-version":[{"id":2608,"href":"https:\/\/www.busqui.com\/fr\/wp-json\/wp\/v2\/pages\/2253\/revisions\/2608"}],"wp:attachment":[{"href":"https:\/\/www.busqui.com\/fr\/wp-json\/wp\/v2\/media?parent=2253"}],"curies":[{"name":"wp","href":"https:\/\/api.w.org\/{rel}","templated":true}]}}