{"id":2250,"date":"2017-03-17T14:23:18","date_gmt":"2017-03-17T14:23:18","guid":{"rendered":"https:\/\/www.busqui.com\/why-choose-us\/"},"modified":"2021-11-22T11:55:47","modified_gmt":"2021-11-22T11:55:47","slug":"pourquoi-nous-choisir","status":"publish","type":"page","link":"https:\/\/www.busqui.com\/fr\/pourquoi-nous-choisir\/","title":{"rendered":"Pourquoi nous choisir"},"content":{"rendered":"<section class=\"wpb-content-wrapper\">[vc_row fullwidth=\u00a0\u00bbtrue\u00a0\u00bb fullwidth_content=\u00a0\u00bbfalse\u00a0\u00bb visibility=\u00a0\u00bbhidden-sm\u00a0\u00bb css=\u00a0\u00bb.vc_custom_1637582144366{padding-top: 200px !important;padding-bottom: 200px !important;background-position: center !important;background-repeat: no-repeat !important;background-size: cover !important;}\u00a0\u00bb][vc_column width=\u00a0\u00bb1\/3&Prime;][vc_column_text css=\u00a0\u00bb.vc_custom_1581936084966{margin-bottom: 0px !important;}\u00a0\u00bb]\n<h1><span style=\"color: #ffffff;\">Pourquoi nous choisir<\/span><\/h1>\n<p>&nbsp;<\/p>\n<p><span style=\"color: #ffffff;\"><a style=\"color: #ffffff;\" href=\"https:\/\/www.busqui.com\/fr\/\">Accueil<\/a> \u00bb<strong> Pourquoi nous choisir<\/strong><\/span>[\/vc_column_text][\/vc_column][vc_column width=\u00a0\u00bb1\/3&Prime;][\/vc_column][vc_column width=\u00a0\u00bb1\/3&Prime;][vc_row_inner is_fullwidth_content=\u00a0\u00bbfalse\u00a0\u00bb][vc_column_inner width=\u00a0\u00bb1\/2&Prime;][mk_font_icons icon=\u00a0\u00bbmk-moon-phone-2&Prime; color=\u00a0\u00bb#ffffff\u00a0\u00bb size=\u00a0\u00bblarge\u00a0\u00bb circle=\u00a0\u00bbtrue\u00a0\u00bb circle_color=\u00a0\u00bb#09abb3&Prime; circle_border_color=\u00a0\u00bb#09abb3&Prime; align=\u00a0\u00bbcenter\u00a0\u00bb link=\u00a0\u00bbtel:+34935880139&Prime;][mk_font_icons icon=\u00a0\u00bbmk-li-mail\u00a0\u00bb color=\u00a0\u00bb#ffffff\u00a0\u00bb size=\u00a0\u00bblarge\u00a0\u00bb circle=\u00a0\u00bbtrue\u00a0\u00bb circle_color=\u00a0\u00bb#09bd93&Prime; circle_border_color=\u00a0\u00bb#09bd93&Prime; align=\u00a0\u00bbcenter\u00a0\u00bb link=\u00a0\u00bb\/fr\/contact\/\u00a0\u00bb][\/vc_column_inner][vc_column_inner width=\u00a0\u00bb1\/2&Prime;][\/vc_column_inner][\/vc_row_inner][\/vc_column][\/vc_row][vc_row fullwidth=\u00a0\u00bbtrue\u00a0\u00bb fullwidth_content=\u00a0\u00bbfalse\u00a0\u00bb visibility=\u00a0\u00bbvisible-sm\u00a0\u00bb css=\u00a0\u00bb.vc_custom_1637582138588{padding-top: 200px !important;padding-right: 0px !important;padding-bottom: 200px !important;background-position: center !important;background-repeat: no-repeat !important;background-size: cover !important;}\u00a0\u00bb][vc_column width=\u00a0\u00bb1\/3&Prime;][vc_column_text css=\u00a0\u00bb.vc_custom_1581936104058{margin-bottom: 0px !important;}\u00a0\u00bb]\n<h1><span style=\"color: #ffffff;\">Pourquoi nous choisir<\/span><\/h1>\n<p>&nbsp;<\/p>\n<p><span style=\"color: #ffffff;\"><a style=\"color: #ffffff;\" href=\"https:\/\/www.busqui.com\/fr\/\">Accueil<\/a> \u00bb<strong> Pourquoi nous choisir<\/strong><\/span>[\/vc_column_text][\/vc_column][vc_column width=\u00a0\u00bb1\/3&Prime;][vc_row_inner is_fullwidth_content=\u00a0\u00bbfalse\u00a0\u00bb][vc_column_inner][mk_font_icons icon=\u00a0\u00bbmk-moon-phone-2&Prime; color=\u00a0\u00bb#ffffff\u00a0\u00bb size=\u00a0\u00bblarge\u00a0\u00bb circle=\u00a0\u00bbtrue\u00a0\u00bb circle_color=\u00a0\u00bb#09abb3&Prime; circle_border_color=\u00a0\u00bb#09abb3&Prime; align=\u00a0\u00bbcenter\u00a0\u00bb link=\u00a0\u00bbtel:+34935880139&Prime;][\/vc_column_inner][\/vc_row_inner][\/vc_column][vc_column width=\u00a0\u00bb1\/3&Prime;][vc_row_inner is_fullwidth_content=\u00a0\u00bbfalse\u00a0\u00bb][vc_column_inner][mk_font_icons icon=\u00a0\u00bbmk-li-mail\u00a0\u00bb color=\u00a0\u00bb#ffffff\u00a0\u00bb size=\u00a0\u00bblarge\u00a0\u00bb circle=\u00a0\u00bbtrue\u00a0\u00bb circle_color=\u00a0\u00bb#09bd93&Prime; circle_border_color=\u00a0\u00bb#09bd93&Prime; align=\u00a0\u00bbcenter\u00a0\u00bb link=\u00a0\u00bb\/fr\/contact\/\u00a0\u00bb][\/vc_column_inner][\/vc_row_inner][\/vc_column][\/vc_row][vc_row][vc_column][mk_padding_divider size=\u00a0\u00bb60&Prime;][\/vc_column][\/vc_row][vc_row][vc_column width=\u00a0\u00bb6\/12&Prime;][mk_image src=\u00a0\u00bbhttps:\/\/www.busqui.com\/wp-content\/uploads\/2019\/06\/busqui3134.jpg\u00a0\u00bb image_size=\u00a0\u00bbfull\u00a0\u00bb margin_bottom=\u00a0\u00bb0&Prime;][\/vc_column][vc_column width=\u00a0\u00bb1\/12&Prime;][\/vc_column][vc_column width=\u00a0\u00bb5\/12&Prime;][mk_fancy_title tag_name=\u00a0\u00bbh3&Prime; color=\u00a0\u00bb#353535&Prime; size=\u00a0\u00bb20&Prime; font_weight=\u00a0\u00bb400&Prime; txt_transform=\u00a0\u00bbcapitalize\u00a0\u00bb letter_spacing=\u00a0\u00bb1&Prime; margin_bottom=\u00a0\u00bb0&Prime; font_family=\u00a0\u00bbnone\u00a0\u00bb responsive_align=\u00a0\u00bbleft\u00a0\u00bb]\n<h3><strong>CONCEPTION<\/strong><\/h3>\n[\/mk_fancy_title][vc_column_text css=\u00a0\u00bb.vc_custom_1581936148618{margin-bottom: 0px !important;}\u00a0\u00bb]Mecanizados Busqu\u00ed, SL d\u00e9veloppe et produit toutes les phases de la production de moules depuis l&rsquo;outillage ou l&rsquo;outillage, jusqu&rsquo;\u00e0 l&rsquo;injection, la microperforation et l&rsquo;usinage ult\u00e9rieur.<\/p>\n<p>Notre moule est le seul fabriqu\u00e9 en une seule pi\u00e8ce adaptant les mesures internes et externes du moule aux besoins du client.<\/p>\n<p>Notre conception exclusive permet d&rsquo;obtenir un meilleur nettoyage en \u00e9vitant l&rsquo;accumulation de r\u00e9sidus dans les soudures ou les assemblages et en m\u00eame temps plus de durabilit\u00e9 car \u00e9tant d&rsquo;une seule pi\u00e8ce nous n&rsquo;avons pas de points faibles.<\/p>\n<p>Le r\u00e9sultat est que nous pouvons apporter au client une attention personnalis\u00e9e dans tout projet qu&rsquo;il souhaite r\u00e9aliser.[\/vc_column_text][\/vc_column][\/vc_row][vc_row][vc_column][mk_padding_divider size=\u00a0\u00bb100&Prime;][\/vc_column][\/vc_row][vc_row css=\u00a0\u00bb.vc_custom_1575365055206{background-position: center !important;background-repeat: no-repeat !important;background-size: cover !important;}\u00a0\u00bb][vc_column width=\u00a0\u00bb6\/12&Prime;][mk_fancy_title tag_name=\u00a0\u00bbh3&Prime; color=\u00a0\u00bb#353535&Prime; size=\u00a0\u00bb20&Prime; font_weight=\u00a0\u00bb400&Prime; txt_transform=\u00a0\u00bbcapitalize\u00a0\u00bb letter_spacing=\u00a0\u00bb1&Prime; margin_bottom=\u00a0\u00bb0&Prime; font_family=\u00a0\u00bbnone\u00a0\u00bb responsive_align=\u00a0\u00bbleft\u00a0\u00bb]\n<h3><strong>TERRAIN<\/strong><\/h3>\n[\/mk_fancy_title][vc_column_text css=\u00a0\u00bb.vc_custom_1581936175330{margin-bottom: 0px !important;}\u00a0\u00bb]Nous d\u00e9veloppons des cadres exclusifs en les adaptant aux dimensions du moule et au type de fromage que le client souhaite, en tenant toujours compte des plus appropri\u00e9s pour une meilleure d\u00e9su\u00e9ration et fermeture de la cro\u00fbte de fromage, bien que la diversit\u00e9 des cadres suppose un investissement plus important dans Recherche et d\u00e9veloppement par M. Busqu\u00ed SL<\/p>\n<p>Le r\u00e9sultat est un fromage bien ferm\u00e9 avec un niveau de marquage minimum donnant l&rsquo;impression de l&rsquo;avoir fait avec un chiffon.[\/vc_column_text][\/vc_column][vc_column width=\u00a0\u00bb1\/12&Prime;][\/vc_column][vc_column width=\u00a0\u00bb5\/12&Prime;][mk_image src=\u00a0\u00bbhttps:\/\/www.busqui.com\/wp-content\/uploads\/2019\/05\/busqui3088.jpg\u00a0\u00bb image_size=\u00a0\u00bbfull\u00a0\u00bb margin_bottom=\u00a0\u00bb0&Prime;][\/vc_column][\/vc_row][vc_row][vc_column][mk_padding_divider size=\u00a0\u00bb100&Prime;][\/vc_column][\/vc_row][vc_row][vc_column width=\u00a0\u00bb6\/12&Prime;][mk_image src=\u00a0\u00bbhttps:\/\/www.busqui.com\/wp-content\/uploads\/2019\/05\/busqui3156.jpg\u00a0\u00bb image_size=\u00a0\u00bbfull\u00a0\u00bb margin_bottom=\u00a0\u00bb0&Prime;][\/vc_column][vc_column width=\u00a0\u00bb1\/12&Prime;][\/vc_column][vc_column width=\u00a0\u00bb5\/12&Prime;][mk_fancy_title tag_name=\u00a0\u00bbh3&Prime; color=\u00a0\u00bb#353535&Prime; size=\u00a0\u00bb20&Prime; font_weight=\u00a0\u00bb400&Prime; txt_transform=\u00a0\u00bbcapitalize\u00a0\u00bb letter_spacing=\u00a0\u00bb1&Prime; margin_bottom=\u00a0\u00bb0&Prime; font_family=\u00a0\u00bbnone\u00a0\u00bb responsive_align=\u00a0\u00bbleft\u00a0\u00bb]\n<h3><strong>MICROPERFORATION<\/strong><\/h3>\n[\/mk_fancy_title][vc_column_text css=\u00a0\u00bb.vc_custom_1581936195494{margin-bottom: 0px !important;}\u00a0\u00bb]La mati\u00e8re plastique est form\u00e9e en interne par des mol\u00e9cules en forme de diamant, lui conf\u00e9rant ses propres caract\u00e9ristiques: \u00e9lasticit\u00e9, densit\u00e9 et r\u00e9sistance.<\/p>\n<p>D&rsquo;apr\u00e8s notre exp\u00e9rience et nos \u00e9tudes, nous avons s\u00e9lectionn\u00e9 un type de plastique qui, apr\u00e8s microperforation, cr\u00e9e un minimum de bavures et maintient le diam\u00e8tre des micropores dans le temps.<\/p>\n<p>Pour plus d&rsquo;efficacit\u00e9, notre microperforation est r\u00e9alis\u00e9e sous un angle de 45\u00ba en \u00e9vitant la rupture de la cha\u00eene chimique de notre mati\u00e8re premi\u00e8re et la rupture cons\u00e9quente du moule.<\/p>\n<p>De m\u00eame, notre service technique peut r\u00e9gler le diam\u00e8tre de la microperforation entre 0,4 &#8211; 0,8 mm.\u00a0Selon le type de fromage que le client souhaite obtenir.<\/p>\n<p>Traduite en pratique, notre m\u00e9thode de microperforation offre une plus grande durabilit\u00e9 et stabilit\u00e9 m\u00e9canique.[\/vc_column_text][\/vc_column][\/vc_row][vc_row][vc_column][mk_padding_divider size=\u00a0\u00bb100&Prime;][\/vc_column][\/vc_row][vc_row][vc_column width=\u00a0\u00bb6\/12&Prime;][mk_fancy_title tag_name=\u00a0\u00bbh3&Prime; color=\u00a0\u00bb#353535&Prime; size=\u00a0\u00bb20&Prime; font_weight=\u00a0\u00bb400&Prime; txt_transform=\u00a0\u00bbcapitalize\u00a0\u00bb letter_spacing=\u00a0\u00bb1&Prime; margin_bottom=\u00a0\u00bb0&Prime; font_family=\u00a0\u00bbnone\u00a0\u00bb responsive_align=\u00a0\u00bbleft\u00a0\u00bb]\n<h3><strong>MATI\u00c8RE PREMI\u00c8RE<\/strong><\/h3>\n[\/mk_fancy_title][vc_column_text css=\u00a0\u00bb.vc_custom_1581936214269{margin-bottom: 0px !important;}\u00a0\u00bb]Nous pouvons injecter nos moules en PE (poly\u00e9thyl\u00e8ne) et PP (polypropyl\u00e8ne), en pensant toujours au mat\u00e9riau le plus adapt\u00e9 au moule dont le client a besoin.<\/p>\n<p>La qualit\u00e9 des deux mat\u00e9riaux est haut de gamme, totalement vierge et fournie par des multinationales telles que Basf, BP et Shell.<\/p>\n<p>Les deux types de plastique sont adapt\u00e9s pour entrer en contact avec les aliments conform\u00e9ment aux r\u00e9glementations de la CEE et de l&rsquo;Espagne \u00e0 l&rsquo;\u00e9poque de la NORMATIVE 3A DES \u00c9TATS-UNIS D&rsquo;AM\u00c9RIQUE.[\/vc_column_text][\/vc_column][vc_column width=\u00a0\u00bb1\/12&Prime;][\/vc_column][vc_column width=\u00a0\u00bb5\/12&Prime;][mk_image src=\u00a0\u00bbhttps:\/\/www.busqui.com\/wp-content\/uploads\/2019\/06\/busqui3141.jpg\u00a0\u00bb image_size=\u00a0\u00bbfull\u00a0\u00bb margin_bottom=\u00a0\u00bb0&Prime;][\/vc_column][\/vc_row][vc_row][vc_column][mk_padding_divider size=\u00a0\u00bb100&Prime;][\/vc_column][\/vc_row][vc_row][vc_column width=\u00a0\u00bb6\/12&Prime;][mk_image src=\u00a0\u00bbhttps:\/\/www.busqui.com\/wp-content\/uploads\/2019\/06\/busqui3150.jpg\u00a0\u00bb image_size=\u00a0\u00bbfull\u00a0\u00bb margin_bottom=\u00a0\u00bb0&Prime;][\/vc_column][vc_column width=\u00a0\u00bb1\/12&Prime;][\/vc_column][vc_column width=\u00a0\u00bb5\/12&Prime;][mk_fancy_title tag_name=\u00a0\u00bbh3&Prime; color=\u00a0\u00bb#353535&Prime; size=\u00a0\u00bb20&Prime; font_weight=\u00a0\u00bb400&Prime; txt_transform=\u00a0\u00bbcapitalize\u00a0\u00bb letter_spacing=\u00a0\u00bb1&Prime; margin_bottom=\u00a0\u00bb0&Prime; font_family=\u00a0\u00bbnone\u00a0\u00bb responsive_align=\u00a0\u00bbleft\u00a0\u00bb]\n<h3 class=\"one-half\">LOGOS ET MARQUES DE PRODUCTION<\/h3>\n[\/mk_fancy_title][vc_column_text css=\u00a0\u00bb.vc_custom_1581936259594{margin-bottom: 0px !important;}\u00a0\u00bb]Busqu\u00ed peut cr\u00e9er une matrice unique pour votre fromage. De cette fa\u00e7on, nous pouvons graver le logo ou la marque que vous souhaitez dans le moule.<\/p>\n<p>Actuellement, la mise en place de la tra\u00e7abilit\u00e9 de la production fromag\u00e8re devient une n\u00e9cessit\u00e9 tant pour garantir la qualit\u00e9 des produits que pour \u00eatre comp\u00e9titif par rapport \u00e0 d&rsquo;autres marques similaires. Busqu\u00ed vous propose donc de nombreuses identit\u00e9s, gr\u00e2ce \u00e0 un large assortiment de formes et de couleurs, qu&rsquo;elles soient standards ou personnalis\u00e9es \u00e0 votre marque.<br \/>\nNous proposons une num\u00e9rotation s\u00e9quentielle, adaptable \u00e0 votre type de fabrication mais aussi le nouveau format Data Matrix, innovant sur le march\u00e9 et qui fonctionne comme un code-barres.<\/p>\n[\/vc_column_text][\/vc_column][\/vc_row][vc_row][vc_column][mk_padding_divider size=\u00a0\u00bb100&Prime;][\/vc_column][\/vc_row][vc_row][vc_column width=\u00a0\u00bb6\/12&Prime;][mk_fancy_title tag_name=\u00a0\u00bbh3&Prime; color=\u00a0\u00bb#353535&Prime; size=\u00a0\u00bb20&Prime; font_weight=\u00a0\u00bb400&Prime; txt_transform=\u00a0\u00bbcapitalize\u00a0\u00bb letter_spacing=\u00a0\u00bb1&Prime; margin_bottom=\u00a0\u00bb0&Prime; font_family=\u00a0\u00bbnone\u00a0\u00bb responsive_align=\u00a0\u00bbleft\u00a0\u00bb]\n<h3 class=\"one-half\"><strong>FINITIONS<\/strong><\/h3>\n[\/mk_fancy_title][vc_column_text css=\u00a0\u00bb.vc_custom_1581936269041{margin-bottom: 0px !important;}\u00a0\u00bb]Les producteurs de fromage rencontrent g\u00e9n\u00e9ralement le probl\u00e8me qu&rsquo;en acqu\u00e9rant un nouveau moule, leur fromage a tendance \u00e0 coller \u00e0 ses parois, g\u00eanant le d\u00e9moulage et, \u00e0 de nombreuses reprises, provoquant la rupture d\u00e9finitive du fromage.<\/p>\n<p>En tant que pionniers dans ce domaine, nous avons d\u00e9velopp\u00e9 un traitement chimique exclusif qui conf\u00e8re de la douceur \u00e0 la paroi du moule en \u00e9vitant la casse du fromage lors du d\u00e9moulage et en l&rsquo;appliquant syst\u00e9matiquement dans chaque ordre en pensant aux besoins du client.[\/vc_column_text][\/vc_column][vc_column width=\u00a0\u00bb1\/12&Prime;][\/vc_column][vc_column width=\u00a0\u00bb5\/12&Prime;][mk_image src=\u00a0\u00bbhttps:\/\/www.busqui.com\/wp-content\/uploads\/2019\/05\/busqui3070.jpg\u00a0\u00bb image_size=\u00a0\u00bbfull\u00a0\u00bb margin_bottom=\u00a0\u00bb0&Prime;][\/vc_column][\/vc_row][vc_row][vc_column][mk_padding_divider size=\u00a0\u00bb100&Prime;][\/vc_column][\/vc_row][vc_row column_padding=\u00a0\u00bb2&Prime;][vc_column width=\u00a0\u00bb2\/3&Prime;][vc_single_image image=\u00a0\u00bb1065&Prime; img_size=\u00a0\u00bb703&#215;376&Prime; style=\u00a0\u00bbvc_box_rounded\u00a0\u00bb css=\u00a0\u00bb.vc_custom_1571154098541{border-radius: 5px !important;}\u00a0\u00bb][mk_padding_divider][\/vc_column][vc_column width=\u00a0\u00bb1\/3&Prime; css=\u00a0\u00bb.vc_custom_1571153834912{padding-top: 20px !important;padding-right: 40px !important;padding-bottom: 20px !important;padding-left: 40px !important;background-color: #46c183 !important;border-radius: 5px !important;}\u00a0\u00bb][vc_column_text css=\u00a0\u00bb.vc_custom_1581936284360{margin-bottom: 0px !important;}\u00a0\u00bb]\n<h2><span style=\"color: #ffffff;\">Pourquoi choisir nos moules?<\/span><\/h2>\n[\/vc_column_text][mk_custom_list icon_color=\u00a0\u00bb#ffffff\u00a0\u00bb animation=\u00a0\u00bbfade-in\u00a0\u00bb]\n<ul>\n<li><span style=\"color: #ffffff;\">Moules \u00e0 fromage personnalis\u00e9s.<\/span><\/li>\n<li><span style=\"color: #ffffff;\">Mat\u00e9riaux de la plus haute qualit\u00e9.<\/span><\/li>\n<li><span style=\"color: #ffffff;\">Une passion pour livrer du fromage avec la forme parfaite.<\/span><\/li>\n<li><span style=\"color: #ffffff;\">Conseils et soutien pour la vie.<\/span><\/li>\n<li><span style=\"color: #ffffff;\">Livraison et support dans le monde entier.<\/span><\/li>\n<\/ul>\n[\/mk_custom_list][mk_padding_divider][\/vc_column][\/vc_row]\n<\/section>","protected":false},"excerpt":{"rendered":"<p>[vc_row fullwidth=\u00a0\u00bbtrue\u00a0\u00bb fullwidth_content=\u00a0\u00bbfalse\u00a0\u00bb visibility=\u00a0\u00bbhidden-sm\u00a0\u00bb css=\u00a0\u00bb.vc_custom_1637582144366{padding-top: 200px !important;padding-bottom: 200px !important;background-position: center !important;background-repeat: no-repeat !important;background-size: cover !important;}\u00a0\u00bb][vc_column width=\u00a0\u00bb1\/3&Prime;][vc_column_text css=\u00a0\u00bb.vc_custom_1581936084966{margin-bottom: 0px !important;}\u00a0\u00bb] Pourquoi nous choisir &nbsp; Accueil \u00bb Pourquoi nous choisir[\/vc_column_text][\/vc_column][vc_column width=\u00a0\u00bb1\/3&Prime;][\/vc_column][vc_column width=\u00a0\u00bb1\/3&Prime;][vc_row_inner is_fullwidth_content=\u00a0\u00bbfalse\u00a0\u00bb][vc_column_inner width=\u00a0\u00bb1\/2&Prime;][mk_font_icons icon=\u00a0\u00bbmk-moon-phone-2&Prime; color=\u00a0\u00bb#ffffff\u00a0\u00bb size=\u00a0\u00bblarge\u00a0\u00bb circle=\u00a0\u00bbtrue\u00a0\u00bb circle_color=\u00a0\u00bb#09abb3&Prime; circle_border_color=\u00a0\u00bb#09abb3&Prime; align=\u00a0\u00bbcenter\u00a0\u00bb link=\u00a0\u00bbtel:+34935880139&Prime;][mk_font_icons icon=\u00a0\u00bbmk-li-mail\u00a0\u00bb color=\u00a0\u00bb#ffffff\u00a0\u00bb size=\u00a0\u00bblarge\u00a0\u00bb circle=\u00a0\u00bbtrue\u00a0\u00bb circle_color=\u00a0\u00bb#09bd93&Prime; circle_border_color=\u00a0\u00bb#09bd93&Prime; align=\u00a0\u00bbcenter\u00a0\u00bb link=\u00a0\u00bb\/fr\/contact\/\u00a0\u00bb][\/vc_column_inner][vc_column_inner width=\u00a0\u00bb1\/2&Prime;][\/vc_column_inner][\/vc_row_inner][\/vc_column][\/vc_row][vc_row fullwidth=\u00a0\u00bbtrue\u00a0\u00bb fullwidth_content=\u00a0\u00bbfalse\u00a0\u00bb visibility=\u00a0\u00bbvisible-sm\u00a0\u00bb css=\u00a0\u00bb.vc_custom_1637582138588{padding-top: 200px !important;padding-right: [&hellip;]<\/p>\n","protected":false},"author":1,"featured_media":0,"parent":0,"menu_order":0,"comment_status":"closed","ping_status":"closed","template":"","meta":[],"_links":{"self":[{"href":"https:\/\/www.busqui.com\/fr\/wp-json\/wp\/v2\/pages\/2250"}],"collection":[{"href":"https:\/\/www.busqui.com\/fr\/wp-json\/wp\/v2\/pages"}],"about":[{"href":"https:\/\/www.busqui.com\/fr\/wp-json\/wp\/v2\/types\/page"}],"author":[{"embeddable":true,"href":"https:\/\/www.busqui.com\/fr\/wp-json\/wp\/v2\/users\/1"}],"replies":[{"embeddable":true,"href":"https:\/\/www.busqui.com\/fr\/wp-json\/wp\/v2\/comments?post=2250"}],"version-history":[{"count":0,"href":"https:\/\/www.busqui.com\/fr\/wp-json\/wp\/v2\/pages\/2250\/revisions"}],"wp:attachment":[{"href":"https:\/\/www.busqui.com\/fr\/wp-json\/wp\/v2\/media?parent=2250"}],"curies":[{"name":"wp","href":"https:\/\/api.w.org\/{rel}","templated":true}]}}