{"id":8,"date":"2017-03-17T14:23:05","date_gmt":"2017-03-17T14:23:05","guid":{"rendered":"http:\/\/demos.artbees.net\/jupiter5\/ikmaios\/?page_id=8"},"modified":"2020-02-17T09:38:45","modified_gmt":"2020-02-17T09:38:45","slug":"servicio-global","status":"publish","type":"page","link":"https:\/\/www.busqui.com\/es\/servicio-global\/","title":{"rendered":"Servicio global"},"content":{"rendered":"<section class=\"wpb-content-wrapper\">[vc_row fullwidth=\u00bbtrue\u00bb fullwidth_content=\u00bbfalse\u00bb visibility=\u00bbhidden-sm\u00bb css=\u00bb.vc_custom_1574164464745{padding-top: 200px !important;padding-right: 0px !important;padding-bottom: 200px !important;background-image: url(https:\/\/www.busqui.com\/wp-content\/uploads\/2019\/11\/dji_0027_fondo.jpg?id=1964) !important;background-position: center !important;background-repeat: no-repeat !important;background-size: cover !important;}\u00bb][vc_column width=\u00bb1\/3&#8243;][vc_column_text css=\u00bb.vc_custom_1581932055629{margin-bottom: 0px !important;}\u00bb]\n<h1><span style=\"color: #ffffff;\"><span style=\"vertical-align: inherit;\"><span style=\"vertical-align: inherit;\">Servicio global<\/span><\/span><\/span><\/h1>\n<p>&nbsp;<\/p>\n<p><span style=\"color: #ffffff;\"><a style=\"color: #ffffff;\" href=\"https:\/\/www.busqui.com\/es\/\"><span style=\"vertical-align: inherit;\"><span style=\"vertical-align: inherit;\">Inicio<\/span><\/span><\/a><span style=\"vertical-align: inherit;\"><span style=\"vertical-align: inherit;\"> \u00bb <\/span><\/span><strong><span style=\"vertical-align: inherit;\"><span style=\"vertical-align: inherit;\">Servicio global<\/span><\/span><\/strong><\/span>[\/vc_column_text][\/vc_column][vc_column width=\u00bb1\/3&#8243;][\/vc_column][vc_column width=\u00bb1\/3&#8243;][vc_row_inner is_fullwidth_content=\u00bbfalse\u00bb][vc_column_inner width=\u00bb1\/2&#8243;][mk_font_icons icon=\u00bbmk-moon-phone-2&#8243; color=\u00bb#ffffff\u00bb size=\u00bblarge\u00bb circle=\u00bbtrue\u00bb circle_color=\u00bb#09abb3&#8243; circle_border_color=\u00bb#09abb3&#8243; align=\u00bbcenter\u00bb link=\u00bbtel:+34935880139&#8243;][mk_font_icons icon=\u00bbmk-li-mail\u00bb color=\u00bb#ffffff\u00bb size=\u00bblarge\u00bb circle=\u00bbtrue\u00bb circle_color=\u00bb#09bd93&#8243; circle_border_color=\u00bb#09bd93&#8243; align=\u00bbcenter\u00bb link=\u00bb\/es\/contacto\/\u00bb][\/vc_column_inner][vc_column_inner width=\u00bb1\/2&#8243;][\/vc_column_inner][\/vc_row_inner][\/vc_column][\/vc_row][vc_row fullwidth=\u00bbtrue\u00bb fullwidth_content=\u00bbfalse\u00bb visibility=\u00bbvisible-sm\u00bb css=\u00bb.vc_custom_1574164478169{padding-top: 200px !important;padding-right: 0px !important;padding-bottom: 200px !important;background-image: url(https:\/\/www.busqui.com\/wp-content\/uploads\/2019\/11\/dji_0027_fondo.jpg?id=1964) !important;background-position: center !important;background-repeat: no-repeat !important;background-size: cover !important;}\u00bb][vc_column width=\u00bb1\/3&#8243;][vc_column_text css=\u00bb.vc_custom_1581932062152{margin-bottom: 0px !important;}\u00bb]\n<h1 style=\"text-align: center;\"><span style=\"color: #ffffff;\"><span style=\"vertical-align: inherit;\"><span style=\"vertical-align: inherit;\">Servicio global<\/span><\/span><\/span><\/h1>\n<p style=\"text-align: center;\"><span style=\"color: #ffffff;\"><a style=\"color: #ffffff;\" href=\"https:\/\/www.busqui.com\/\"><span style=\"vertical-align: inherit;\"><span style=\"vertical-align: inherit;\">Portada<\/span><\/span><\/a><span style=\"vertical-align: inherit;\"><span style=\"vertical-align: inherit;\"> \u00bb <\/span><\/span><strong><span style=\"vertical-align: inherit;\"><span style=\"vertical-align: inherit;\">Servicio global<\/span><\/span><\/strong><\/span><\/p>\n[\/vc_column_text][\/vc_column][vc_column width=\u00bb1\/3&#8243;][vc_row_inner is_fullwidth_content=\u00bbfalse\u00bb][vc_column_inner][mk_font_icons icon=\u00bbmk-moon-phone-2&#8243; color=\u00bb#ffffff\u00bb size=\u00bblarge\u00bb circle=\u00bbtrue\u00bb circle_color=\u00bb#09abb3&#8243; circle_border_color=\u00bb#09abb3&#8243; align=\u00bbcenter\u00bb link=\u00bbtel:+34935880139&#8243;][\/vc_column_inner][\/vc_row_inner][\/vc_column][vc_column width=\u00bb1\/3&#8243;][vc_row_inner is_fullwidth_content=\u00bbfalse\u00bb][vc_column_inner][mk_font_icons icon=\u00bbmk-li-mail\u00bb color=\u00bb#ffffff\u00bb size=\u00bblarge\u00bb circle=\u00bbtrue\u00bb circle_color=\u00bb#09bd93&#8243; circle_border_color=\u00bb#09bd93&#8243; align=\u00bbcenter\u00bb link=\u00bb\/es\/contacto\/\u00bb][\/vc_column_inner][\/vc_row_inner][\/vc_column][\/vc_row][vc_row][vc_column][mk_padding_divider][vc_column_text css=\u00bb.vc_custom_1581932103752{margin-bottom: 0px !important;}\u00bb]\n<h3><strong>En Busqui SL, trabajamos todos los d\u00edas para brindar un servicio integral a nuestros clientes.<\/strong><\/h3>\n<p>Somos la \u00fanica compa\u00f1\u00eda que visita a sus clientes en el momento de una nueva empresa, brindando a nuestros mejores profesionales el asesoramiento adecuado en todo momento.<\/p>\n<p>Adem\u00e1s de este asesoramiento t\u00e9cnico, ayudamos al cliente en la gesti\u00f3n y preparaci\u00f3n del plan de limpieza m\u00e1s adecuado.<\/p>\n<p>Por esta raz\u00f3n, Busqu\u00ed recomienda una l\u00ednea de productos de limpieza creados exclusivamente para tratar adecuadamente la limpieza y el mantenimiento del molde microperforado, as\u00ed como la preparaci\u00f3n de un plan de limpieza para cada tipo de l\u00ednea de producci\u00f3n, para el mantenimiento adecuado del molde.[\/vc_column_text][mk_padding_divider][\/vc_column][\/vc_row][vc_row fullwidth=\u00bbtrue\u00bb parallax=\u00bbcontent-moving-fade\u00bb parallax_image=\u00bb717&#8243; css=\u00bb.vc_custom_1570453017597{padding-top: 50px !important;padding-right: 50px !important;padding-bottom: 50px !important;padding-left: 50px !important;background-color: #00a651 !important;background-position: center;background-repeat: no-repeat !important;background-size: cover !important;}\u00bb][vc_column][mk_fancy_title size=\u00bb42&#8243; txt_transform=\u00bbuppercase\u00bb font_family=\u00bbnone\u00bb drop_shadow=\u00bbtrue\u00bb]\n<p style=\"text-align: center;\"><span style=\"color: #ffffff;\">Integrated Service<\/span><\/p>\n[\/mk_fancy_title][vc_row_inner attached=\u00bbtrue\u00bb is_fullwidth_content=\u00bbfalse\u00bb column_padding=\u00bb1&#8243;][vc_column_inner el_class=\u00bbcol_servicios\u00bb width=\u00bb1\/3&#8243; css=\u00bb.vc_custom_1549969141963{padding-top: 0px !important;background-color: #ffffff !important;border-radius: 10px !important;}\u00bb][vc_single_image image=\u00bb907&#8243; img_size=\u00bbfull\u00bb alignment=\u00bbcenter\u00bb style=\u00bbvc_box_rounded\u00bb css_animation=\u00bbnone\u00bb el_class=\u00bbimagen_servicios\u00bb][mk_fancy_title size=\u00bb30&#8243; force_font_size=\u00bbtrue\u00bb size_smallscreen=\u00bb30&#8243; size_tablet=\u00bb24&#8243; size_phone=\u00bb26&#8243; font_weight=\u00bb600&#8243; margin_bottom=\u00bb0&#8243; font_family=\u00bbnone\u00bb]Consejos[\/mk_fancy_title][vc_column_text css=\u00bb.vc_custom_1581932128073{margin-bottom: 0px !important;}\u00bb]\n<h4>Siempre tendr\u00e1 nuestro asesoramiento t\u00e9cnico. Antes, durante y despu\u00e9s de la puesta en servicio<\/h4>\n[\/vc_column_text][mk_padding_divider size=\u00bb5&#8243;][\/vc_column_inner][vc_column_inner el_class=\u00bbcol_servicios\u00bb width=\u00bb1\/3&#8243; css=\u00bb.vc_custom_1549969144970{padding-top: 0px !important;background-color: #ffffff !important;border-radius: 10px !important;}\u00bb][vc_single_image image=\u00bb1682&#8243; img_size=\u00bbfull\u00bb alignment=\u00bbcenter\u00bb style=\u00bbvc_box_rounded\u00bb el_class=\u00bbimagen_servicios\u00bb][mk_fancy_title size=\u00bb30&#8243; force_font_size=\u00bbtrue\u00bb size_smallscreen=\u00bb26&#8243; size_tablet=\u00bb24&#8243; size_phone=\u00bb30&#8243; font_weight=\u00bb600&#8243; margin_bottom=\u00bb0&#8243; font_family=\u00bbnone\u00bb]Plan de limpieza[\/mk_fancy_title][vc_column_text css=\u00bb.vc_custom_1581932146442{margin-bottom: 0px !important;}\u00bb]\n<h4>Le ofrecemos productos espec\u00edficos para una limpieza impecable.<\/h4>\n[\/vc_column_text][mk_padding_divider size=\u00bb10&#8243;][\/vc_column_inner][vc_column_inner el_class=\u00bbcol_servicios\u00bb width=\u00bb1\/3&#8243; css=\u00bb.vc_custom_1549969148114{padding-top: 0px !important;background-color: #ffffff !important;border-radius: 10px !important;}\u00bb][vc_single_image image=\u00bb1687&#8243; img_size=\u00bbfull\u00bb alignment=\u00bbcenter\u00bb style=\u00bbvc_box_rounded\u00bb el_class=\u00bbimagen_servicios\u00bb][mk_fancy_title size=\u00bb30&#8243; force_font_size=\u00bbtrue\u00bb size_smallscreen=\u00bb26&#8243; size_tablet=\u00bb24&#8243; size_phone=\u00bb30&#8243; font_weight=\u00bb600&#8243; margin_bottom=\u00bb0&#8243; font_family=\u00bbnone\u00bb]Todo lo que necesitas[\/mk_fancy_title][vc_column_text css=\u00bb.vc_custom_1581932170218{margin-bottom: 0px !important;}\u00bb]\n<h4>Tambi\u00e9n contamos con case\u00ednas para quesos, con las cuales puedes hacer tu propio producto.<\/h4>\n[\/vc_column_text][mk_padding_divider size=\u00bb10&#8243;][\/vc_column_inner][\/vc_row_inner][\/vc_column][\/vc_row][vc_row][vc_column][mk_padding_divider][vc_column_text css=\u00bb.vc_custom_1581932213093{margin-bottom: 0px !important;}\u00bb]Estos son algunos de los productos que podemos ofrecerle:<\/p>\n<p><span style=\"color: #46c183;\"><b>BUSACID<\/b><\/span><\/p>\n<p>Acid detergent indicated for periodic acid and milk cleaning in general. Eliminates milk stone scale (calcium phosphocaseinate), deposits of mineral and protein dirt in moulds, machinery and circuits. It can be applied manually, in immersion or in automatic cleaning systems (CIP).<\/p>\n<p><span style=\"color: #46c183;\"><b>BUS-ACTIV<\/b><\/span><\/p>\n<p>Producto bactericida y desodorizante, efectivo incluso a una concentraci\u00f3n muy baja contra todo tipo de microorganismos (bacterias, mohos, levaduras, etc.)<\/p>\n<p>El principio activo del producto es el \u00e1cido perac\u00e9tico (10%), indicado para la perfecta desinfecci\u00f3n de moldes microperforados, as\u00ed como de circuitos y equipos de la industria l\u00e1ctea.<\/p>\n<p><span style=\"color: #46c183;\"><b>BUSIPLUS<\/b><\/span><\/p>\n<p>Detergente alcalino clorado, con efecto bactericida para la limpieza y desinfecci\u00f3n de mohos microperforados en la industria del queso y l\u00e1cteos en general.[\/vc_column_text][mk_padding_divider][\/vc_column][\/vc_row]\n<\/section>","protected":false},"excerpt":{"rendered":"<p>[vc_row fullwidth=\u00bbtrue\u00bb fullwidth_content=\u00bbfalse\u00bb visibility=\u00bbhidden-sm\u00bb css=\u00bb.vc_custom_1574164464745{padding-top: 200px !important;padding-right: 0px !important;padding-bottom: 200px !important;background-image: url(https:\/\/www.busqui.com\/wp-content\/uploads\/2019\/11\/dji_0027_fondo.jpg?id=1964) !important;background-position: center !important;background-repeat: no-repeat !important;background-size: cover !important;}\u00bb][vc_column width=\u00bb1\/3&#8243;][vc_column_text css=\u00bb.vc_custom_1581932055629{margin-bottom: 0px !important;}\u00bb] Servicio global &nbsp; Inicio \u00bb Servicio global[\/vc_column_text][\/vc_column][vc_column width=\u00bb1\/3&#8243;][\/vc_column][vc_column width=\u00bb1\/3&#8243;][vc_row_inner is_fullwidth_content=\u00bbfalse\u00bb][vc_column_inner width=\u00bb1\/2&#8243;][mk_font_icons icon=\u00bbmk-moon-phone-2&#8243; color=\u00bb#ffffff\u00bb size=\u00bblarge\u00bb circle=\u00bbtrue\u00bb circle_color=\u00bb#09abb3&#8243; circle_border_color=\u00bb#09abb3&#8243; align=\u00bbcenter\u00bb link=\u00bbtel:+34935880139&#8243;][mk_font_icons icon=\u00bbmk-li-mail\u00bb color=\u00bb#ffffff\u00bb size=\u00bblarge\u00bb circle=\u00bbtrue\u00bb circle_color=\u00bb#09bd93&#8243; circle_border_color=\u00bb#09bd93&#8243; align=\u00bbcenter\u00bb link=\u00bb\/es\/contacto\/\u00bb][\/vc_column_inner][vc_column_inner width=\u00bb1\/2&#8243;][\/vc_column_inner][\/vc_row_inner][\/vc_column][\/vc_row][vc_row fullwidth=\u00bbtrue\u00bb fullwidth_content=\u00bbfalse\u00bb visibility=\u00bbvisible-sm\u00bb css=\u00bb.vc_custom_1574164478169{padding-top: [&hellip;]<\/p>\n","protected":false},"author":1,"featured_media":0,"parent":0,"menu_order":0,"comment_status":"closed","ping_status":"closed","template":"","meta":[],"_links":{"self":[{"href":"https:\/\/www.busqui.com\/es\/wp-json\/wp\/v2\/pages\/8"}],"collection":[{"href":"https:\/\/www.busqui.com\/es\/wp-json\/wp\/v2\/pages"}],"about":[{"href":"https:\/\/www.busqui.com\/es\/wp-json\/wp\/v2\/types\/page"}],"author":[{"embeddable":true,"href":"https:\/\/www.busqui.com\/es\/wp-json\/wp\/v2\/users\/1"}],"replies":[{"embeddable":true,"href":"https:\/\/www.busqui.com\/es\/wp-json\/wp\/v2\/comments?post=8"}],"version-history":[{"count":0,"href":"https:\/\/www.busqui.com\/es\/wp-json\/wp\/v2\/pages\/8\/revisions"}],"wp:attachment":[{"href":"https:\/\/www.busqui.com\/es\/wp-json\/wp\/v2\/media?parent=8"}],"curies":[{"name":"wp","href":"https:\/\/api.w.org\/{rel}","templated":true}]}}