{"id":6,"date":"2017-03-17T14:22:30","date_gmt":"2017-03-17T14:22:30","guid":{"rendered":"http:\/\/demos.artbees.net\/jupiter5\/ikmaios\/?page_id=6"},"modified":"2024-01-20T07:15:16","modified_gmt":"2024-01-20T07:15:16","slug":"inicio","status":"publish","type":"page","link":"https:\/\/www.busqui.com\/es\/","title":{"rendered":"Inicio"},"content":{"rendered":"<section class=\"wpb-content-wrapper\">[mk_page_section bg_position=\u00bbcenter bottom\u00bb bg_repeat=\u00bbno-repeat\u00bb bg_stretch=\u00bbtrue\u00bb enable_3d=\u00bbtrue\u00bb bg_video=\u00bbyes\u00bb mp4=\u00bbhttps:\/\/www.busqui.com\/wp-content\/uploads\/2019\/03\/Busqui\u0301 Ae\u0301reo.mp4&#8243; video_color_mask=\u00bb#424242&#8243; min_height=\u00bb700&#8243; js_vertical_centered=\u00bbtrue\u00bb sidebar=\u00bbsidebar-1&#8243;][vc_column][mk_fancy_title tag_name=\u00bbh1&#8243; color=\u00bb#ffffff\u00bb size=\u00bb42&#8243; force_font_size=\u00bbtrue\u00bb size_tablet=\u00bb30&#8243; size_phone=\u00bb36&#8243; font_weight=\u00bb300&#8243; txt_transform=\u00bbnone\u00bb letter_spacing=\u00bb2&#8243; font_family=\u00bbnone\u00bb align=\u00bbcenter\u00bb]\n<p class=\"titulo_slider\">PRODUCTOS DE CALIDAD<\/p>\n<p class=\"titulo_slider\">PARA HACER QUESO<\/p>\n[\/mk_fancy_title][vc_row_inner][vc_column_inner width=\u00bb2\/6&#8243;][mk_padding_divider size=\u00bb10&#8243;][mk_button_gradient size=\u00bblarge\u00bb corner_style=\u00bbfull_rounded\u00bb grandient_color_fallback=\u00bbrgba(112,112,112,0.4)\u00bb url=\u00bb\/es\/por-que-elegirnos\/\u00bb]M\u00c1S INFORMACI\u00d3N[\/mk_button_gradient][mk_button_gradient size=\u00bblarge\u00bb corner_style=\u00bbfull_rounded\u00bb grandient_color_fallback=\u00bbrgba(112,112,112,0.4)\u00bb url=\u00bb\/es\/contacto\/\u00bb]CONTACTO[\/mk_button_gradient][\/vc_column_inner][vc_column_inner width=\u00bb1\/6&#8243;][\/vc_column_inner][vc_column_inner width=\u00bb1\/2&#8243;][\/vc_column_inner][\/vc_row_inner][\/vc_column][\/mk_page_section][mk_page_section bg_image=\u00bbhttps:\/\/www.busqui.com\/wp-content\/uploads\/2019\/03\/background_busqui_2.png\u00bb bg_color=\u00bb#f8f8f8&#8243; enable_3d=\u00bbtrue\u00bb js_vertical_centered=\u00bbtrue\u00bb padding_top=\u00bb80&#8243; padding_bottom=\u00bb80&#8243; sidebar=\u00bbsidebar-1&#8243;][vc_column][vc_row_inner][vc_column_inner width=\u00bb1\/6&#8243;][\/vc_column_inner][vc_column_inner width=\u00bb2\/3&#8243;][mk_fancy_title color=\u00bb#353535&#8243; size=\u00bb42&#8243; force_font_size=\u00bbtrue\u00bb size_phone=\u00bb20&#8243; font_weight=\u00bb400&#8243; txt_transform=\u00bbcapitalize\u00bb letter_spacing=\u00bb1&#8243; font_family=\u00bbnone\u00bb align=\u00bbcenter\u00bb]Nuestros Moldes[\/mk_fancy_title][vc_column_text align=\u00bbcenter\u00bb css=\u00bb.vc_custom_1581929293729{margin-bottom: 0px !important;}\u00bb]<span style=\"font-size: 20px;\">Mecanizados Busqu\u00ed, SL desarrolla y produce todas las fases de producci\u00f3n de moldes, desde herramientas hasta inyecci\u00f3n, microperforaci\u00f3n y mecanizado posterior.<\/span>[\/vc_column_text][\/vc_column_inner][vc_column_inner width=\u00bb1\/6&#8243;][\/vc_column_inner][\/vc_row_inner][mk_padding_divider size=\u00bb60&#8243;][vc_row_inner][vc_column_inner][mk_portfolio_carousel style=\u00bbmodern\u00bb hover_scenarios=\u00bblight-zoomin\u00bb count=\u00bb4&#8243; image_size=\u00bblarge\u00bb el_class=\u00bbhidden\u00bb][\/vc_column_inner][\/vc_row_inner][vc_row_inner attached=\u00bbtrue\u00bb column_padding=\u00bb1&#8243;][vc_column_inner el_class=\u00bbcol_moldes\u00bb width=\u00bb1\/3&#8243; css=\u00bb.vc_custom_1555501965070{padding-top: 20px !important;padding-right: 20px !important;padding-bottom: 20px !important;padding-left: 20px !important;background-image: url(https:\/\/www.busqui.com\/wp-content\/uploads\/2019\/04\/moldes_v2.jpg?id=932) !important;background-position: center !important;background-repeat: no-repeat !important;background-size: cover !important;}\u00bb][vc_column_text css=\u00bb.vc_custom_1581929307531{margin-bottom: 0px !important;}\u00bb]\n<h2 style=\"text-align: center;\">Moldes individuales<\/h2>\n[\/vc_column_text][mk_button dimension=\u00bbflat\u00bb corner_style=\u00bbfull_rounded\u00bb size=\u00bbmedium\u00bb url=\u00bb\/es\/productos\/moldes-individuales\/\u00bb align=\u00bbcenter\u00bb margin_top=\u00bb250&#8243; margin_bottom=\u00bb10&#8243; bg_color=\u00bb#46c183&#8243; btn_hover_bg=\u00bb#00a651&#8243;]M\u00c1S INFORMACI\u00d3N[\/mk_button][\/vc_column_inner][vc_column_inner el_class=\u00bbcol_moldes\u00bb width=\u00bb1\/3&#8243; css=\u00bb.vc_custom_1555501923317{padding-top: 20px !important;padding-right: 20px !important;padding-bottom: 20px !important;padding-left: 20px !important;background-image: url(https:\/\/www.busqui.com\/wp-content\/uploads\/2019\/04\/multimoldes.jpg?id=974) !important;background-position: center !important;background-repeat: no-repeat !important;background-size: cover !important;}\u00bb][vc_column_text css=\u00bb.vc_custom_1581929315754{margin-bottom: 0px !important;}\u00bb]\n<h2 style=\"text-align: center;\">Multi-moldes<\/h2>\n[\/vc_column_text][mk_button dimension=\u00bbflat\u00bb corner_style=\u00bbfull_rounded\u00bb size=\u00bbmedium\u00bb url=\u00bb\/es\/productos\/multimoldes\/\u00bb align=\u00bbcenter\u00bb margin_top=\u00bb250&#8243; margin_bottom=\u00bb10&#8243; bg_color=\u00bb#46c183&#8243; btn_hover_bg=\u00bb#00a651&#8243;]M\u00c1S INFORMACI\u00d3N[\/mk_button][\/vc_column_inner][vc_column_inner el_class=\u00bbcol_moldes\u00bb width=\u00bb1\/3&#8243; css=\u00bb.vc_custom_1555501931502{padding-top: 20px !important;padding-right: 20px !important;padding-bottom: 20px !important;padding-left: 20px !important;background-image: url(https:\/\/www.busqui.com\/wp-content\/uploads\/2019\/04\/multimoldes_queso_fresco.jpg?id=979) !important;background-position: center !important;background-repeat: no-repeat !important;background-size: cover !important;}\u00bb][vc_column_text css=\u00bb.vc_custom_1581929328561{margin-bottom: 0px !important;}\u00bb]\n<h2 style=\"text-align: center;\">Multi-moldes para queso fresco<\/h2>\n[\/vc_column_text][mk_button dimension=\u00bbflat\u00bb corner_style=\u00bbfull_rounded\u00bb size=\u00bbmedium\u00bb url=\u00bb\/es\/productos\/moldes-para-queso-fresco\/\u00bb align=\u00bbcenter\u00bb margin_top=\u00bb250&#8243; margin_bottom=\u00bb10&#8243; bg_color=\u00bb#46c183&#8243; btn_hover_bg=\u00bb#00a651&#8243;]M\u00c1S INFORMACI\u00d3N[\/mk_button][\/vc_column_inner][\/vc_row_inner][\/vc_column][\/mk_page_section][mk_page_section bg_image=\u00bbhttps:\/\/www.busqui.com\/wp-content\/uploads\/2019\/04\/dji_0027.jpg\u00bb bg_repeat=\u00bbno-repeat\u00bb bg_stretch=\u00bbtrue\u00bb enable_3d=\u00bbtrue\u00bb speed_factor=\u00bb0.6&#8243; video_color_mask=\u00bb#424242&#8243; video_opacity=\u00bb0.7&#8243; min_height=\u00bb600&#8243; js_vertical_centered=\u00bbtrue\u00bb sidebar=\u00bbsidebar-1&#8243;][vc_column width=\u00bb1\/6&#8243;][\/vc_column][vc_column width=\u00bb2\/3&#8243;][mk_fancy_title tag_name=\u00bbh1&#8243; color=\u00bb#ffffff\u00bb size=\u00bb42&#8243; font_weight=\u00bb300&#8243; txt_transform=\u00bbnone\u00bb letter_spacing=\u00bb2&#8243; font_family=\u00bbnone\u00bb align=\u00bbcenter\u00bb]\n<p class=\"titulo_slider\">CAMBIAMOS SUS MOLDES,<\/p>\n<p class=\"titulo_slider\">NO SU QUESO<\/p>\n[\/mk_fancy_title][mk_button_gradient size=\u00bblarge\u00bb corner_style=\u00bbfull_rounded\u00bb grandient_color_fallback=\u00bbrgba(112,112,112,0.4)\u00bb url=\u00bb\/es\/servicio-global\/\u00bb]M\u00c1S INFORMACI\u00d3N[\/mk_button_gradient][mk_button_gradient size=\u00bblarge\u00bb corner_style=\u00bbfull_rounded\u00bb grandient_color_fallback=\u00bbrgba(112,112,112,0.4)\u00bb url=\u00bb\/es\/contacto\/\u00bb]CONTACTO[\/mk_button_gradient][\/vc_column][vc_column width=\u00bb1\/6&#8243;][\/vc_column][\/mk_page_section][vc_row fullwidth=\u00bbtrue\u00bb el_class=\u00bbalign_center\u00bb css=\u00bb.vc_custom_1551963712330{padding-top: 40px !important;background: #f8f8f8 url(https:\/\/www.busqui.com\/wp-content\/uploads\/2019\/03\/background_busqui_2.png?id=847) !important;background-position: 0 0 !important;background-repeat: repeat !important;}\u00bb][vc_column][vc_row_inner is_fullwidth_content=\u00bbfalse\u00bb][vc_column_inner width=\u00bb1\/4&#8243;][mk_icon_box2 icon_size=\u00bb64&#8243; icon=\u00bbmk-icon-pencil\u00bb icon_color=\u00bb#00a651&#8243; title_top_padding=\u00bb0&#8243; title_bottom_padding=\u00bb0&#8243;][\/mk_icon_box2][mk_fancy_title tag_name=\u00bbh3&#8243; color=\u00bb#646464&#8243; size=\u00bb20&#8243; font_weight=\u00bb500&#8243; txt_transform=\u00bbcapitalize\u00bb letter_spacing=\u00bb1&#8243; margin_bottom=\u00bb0&#8243; font_family=\u00bbnone\u00bb]\n<p style=\"text-align: center;\">Personalizaci\u00f3n<\/p>\n[\/mk_fancy_title][vc_column_text disable_pattern=\u00bbfalse\u00bb css=\u00bb.vc_custom_1581929429936{margin-bottom: 0px !important;}\u00bb]\n<p style=\"text-align: center;\">Su identidad con una gran variedad de patrones, colores &#8230;<\/p>\n[\/vc_column_text][mk_padding_divider][\/vc_column_inner][vc_column_inner width=\u00bb1\/4&#8243;][mk_icon_box2 icon_size=\u00bb64&#8243; icon=\u00bbmk-icon-sort-amount-asc\u00bb icon_color=\u00bb#00a651&#8243; title_top_padding=\u00bb0&#8243; title_bottom_padding=\u00bb0&#8243;][\/mk_icon_box2][mk_fancy_title tag_name=\u00bbh3&#8243; color=\u00bb#646464&#8243; size=\u00bb20&#8243; font_weight=\u00bb500&#8243; txt_transform=\u00bbcapitalize\u00bb letter_spacing=\u00bb1&#8243; margin_bottom=\u00bb0&#8243; font_family=\u00bbnone\u00bb]\n<p style=\"text-align: center;\">Trazabilidad<\/p>\n[\/mk_fancy_title][vc_column_text disable_pattern=\u00bbfalse\u00bb css=\u00bb.vc_custom_1581929460600{margin-bottom: 0px !important;}\u00bb]\n<p style=\"text-align: center;\">Secuencias de numeraci\u00f3n, adaptable, formato de matriz de datos &#8230;<\/p>\n[\/vc_column_text][mk_padding_divider][\/vc_column_inner][vc_column_inner width=\u00bb1\/4&#8243;][mk_icon_box2 icon_size=\u00bb64&#8243; icon=\u00bbmk-icon-cube\u00bb icon_color=\u00bb#00a651&#8243; title_top_padding=\u00bb0&#8243; title_bottom_padding=\u00bb0&#8243;][\/mk_icon_box2][mk_fancy_title tag_name=\u00bbh3&#8243; color=\u00bb#646464&#8243; size=\u00bb20&#8243; font_weight=\u00bb500&#8243; txt_transform=\u00bbcapitalize\u00bb letter_spacing=\u00bb1&#8243; margin_bottom=\u00bb0&#8243; font_family=\u00bbnone\u00bb]\n<p style=\"text-align: center;\">Durabilidad<\/p>\n[\/mk_fancy_title][vc_column_text disable_pattern=\u00bbfalse\u00bb css=\u00bb.vc_custom_1581929474897{margin-bottom: 0px !important;}\u00bb]\n<p style=\"text-align: center;\">Menos roturas y f\u00e1cil limpieza.<\/p>\n[\/vc_column_text][mk_padding_divider][\/vc_column_inner][vc_column_inner width=\u00bb1\/4&#8243;][mk_icon_box2 icon_size=\u00bb64&#8243; icon=\u00bbmk-icon-desktop\u00bb icon_color=\u00bb#00a651&#8243; title_top_padding=\u00bb0&#8243; title_bottom_padding=\u00bb0&#8243;][\/mk_icon_box2][mk_fancy_title tag_name=\u00bbh3&#8243; color=\u00bb#646464&#8243; size=\u00bb20&#8243; font_weight=\u00bb500&#8243; txt_transform=\u00bbcapitalize\u00bb letter_spacing=\u00bb1&#8243; margin_bottom=\u00bb0&#8243; font_family=\u00bbnone\u00bb]\n<p style=\"text-align: center;\">Tecnolog\u00eda<\/p>\n[\/mk_fancy_title][vc_column_text disable_pattern=\u00bbfalse\u00bb css=\u00bb.vc_custom_1581929481033{margin-bottom: 0px !important;}\u00bb]\n<p style=\"text-align: center;\">Sistema patentado para darle el mejor molde.<\/p>\n[\/vc_column_text][mk_padding_divider][\/vc_column_inner][\/vc_row_inner][vc_row_inner][vc_column_inner][mk_button dimension=\u00bbflat\u00bb corner_style=\u00bbfull_rounded\u00bb size=\u00bbx-large\u00bb url=\u00bb\/es\/por-que-elegirnos\/\u00bb align=\u00bbcenter\u00bb margin_bottom=\u00bb100&#8243; bg_color=\u00bbrgba(112,112,112,0.4)\u00bb btn_hover_bg=\u00bb#46c183&#8243;]\u00bfQUIERE SABER M\u00c1S?[\/mk_button][\/vc_column_inner][\/vc_row_inner][\/vc_column][\/vc_row][vc_row fullwidth=\u00bbtrue\u00bb parallax=\u00bbcontent-moving\u00bb parallax_image=\u00bb716&#8243; css=\u00bb.vc_custom_1550047377362{padding-top: 50px !important;padding-right: 50px !important;padding-bottom: 50px !important;padding-left: 50px !important;background-color: #00a651 !important;background-position: center;background-repeat: no-repeat !important;background-size: cover !important;}\u00bb][vc_column][mk_fancy_title size=\u00bb42&#8243; txt_transform=\u00bbuppercase\u00bb font_family=\u00bbnone\u00bb]\n<p style=\"text-align: center;\"><span style=\"color: #ffffff;\">Integrated Service<\/span><\/p>\n[\/mk_fancy_title][vc_row_inner attached=\u00bbtrue\u00bb is_fullwidth_content=\u00bbfalse\u00bb column_padding=\u00bb1&#8243;][vc_column_inner el_class=\u00bbcol_servicios\u00bb width=\u00bb1\/3&#8243; css=\u00bb.vc_custom_1549969141963{padding-top: 0px !important;background-color: #ffffff !important;border-radius: 10px !important;}\u00bb][vc_single_image image=\u00bb907&#8243; img_size=\u00bbfull\u00bb alignment=\u00bbcenter\u00bb style=\u00bbvc_box_rounded\u00bb css_animation=\u00bbnone\u00bb el_class=\u00bbimagen_servicios\u00bb][mk_fancy_title size=\u00bb30&#8243; force_font_size=\u00bbtrue\u00bb size_smallscreen=\u00bb30&#8243; size_tablet=\u00bb24&#8243; size_phone=\u00bb26&#8243; font_weight=\u00bb600&#8243; margin_bottom=\u00bb0&#8243; font_family=\u00bbnone\u00bb]Consejos[\/mk_fancy_title][vc_column_text css=\u00bb.vc_custom_1581929537385{margin-bottom: 0px !important;}\u00bb]\n<h4>Siempre tendr\u00e1 nuestro asesoramiento t\u00e9cnico. Antes, durante y despu\u00e9s de la puesta en servicio<\/h4>\n[\/vc_column_text][mk_padding_divider size=\u00bb5&#8243;][\/vc_column_inner][vc_column_inner el_class=\u00bbcol_servicios\u00bb width=\u00bb1\/3&#8243; css=\u00bb.vc_custom_1549969144970{padding-top: 0px !important;background-color: #ffffff !important;border-radius: 10px !important;}\u00bb][vc_single_image image=\u00bb1682&#8243; img_size=\u00bbfull\u00bb alignment=\u00bbcenter\u00bb style=\u00bbvc_box_rounded\u00bb el_class=\u00bbimagen_servicios\u00bb][mk_fancy_title size=\u00bb30&#8243; force_font_size=\u00bbtrue\u00bb size_smallscreen=\u00bb26&#8243; size_tablet=\u00bb24&#8243; size_phone=\u00bb30&#8243; font_weight=\u00bb600&#8243; margin_bottom=\u00bb0&#8243; font_family=\u00bbnone\u00bb]Plan de limpieza[\/mk_fancy_title][vc_column_text css=\u00bb.vc_custom_1581929548625{margin-bottom: 0px !important;}\u00bb]\n<h4>Le ofrecemos productos espec\u00edficos para una limpieza impecable.<\/h4>\n[\/vc_column_text][mk_padding_divider size=\u00bb30&#8243;][\/vc_column_inner][vc_column_inner el_class=\u00bbcol_servicios\u00bb width=\u00bb1\/3&#8243; css=\u00bb.vc_custom_1549969148114{padding-top: 0px !important;background-color: #ffffff !important;border-radius: 10px !important;}\u00bb][vc_single_image image=\u00bb1687&#8243; img_size=\u00bbfull\u00bb alignment=\u00bbcenter\u00bb style=\u00bbvc_box_rounded\u00bb el_class=\u00bbimagen_servicios\u00bb][mk_fancy_title size=\u00bb30&#8243; force_font_size=\u00bbtrue\u00bb size_smallscreen=\u00bb26&#8243; size_tablet=\u00bb24&#8243; size_phone=\u00bb30&#8243; font_weight=\u00bb600&#8243; margin_bottom=\u00bb0&#8243; font_family=\u00bbnone\u00bb]Todo lo que necesitas[\/mk_fancy_title][vc_column_text css=\u00bb.vc_custom_1581929577075{margin-bottom: 0px !important;}\u00bb]\n<h4>Tambi\u00e9n contamos con case\u00ednas para quesos, con las cuales puedes hacer tu propio producto.<\/h4>\n[\/vc_column_text][mk_padding_divider size=\u00bb30&#8243;][\/vc_column_inner][\/vc_row_inner][\/vc_column][\/vc_row][mk_page_section bg_image=\u00bbhttps:\/\/www.busqui.com\/wp-content\/uploads\/2019\/03\/background_busqui_2.png\u00bb padding_top=\u00bb40&#8243; padding_bottom=\u00bb0&#8243; sidebar=\u00bbsidebar-1&#8243;][vc_column width=\u00bb1\/4&#8243;][mk_icon_box2 icon_size=\u00bb64&#8243; icon=\u00bbmk-icon-calendar\u00bb icon_color=\u00bb#00a651&#8243; title_top_padding=\u00bb0&#8243; title_bottom_padding=\u00bb0&#8243;][\/mk_icon_box2][mk_fancy_title tag_name=\u00bbh3&#8243; color=\u00bb#646464&#8243; size=\u00bb20&#8243; font_weight=\u00bb500&#8243; txt_transform=\u00bbcapitalize\u00bb letter_spacing=\u00bb1&#8243; margin_bottom=\u00bb0&#8243; font_family=\u00bbnone\u00bb]\n<p style=\"text-align: center;\">+ 30 A\u00f1os<\/p>\n[\/mk_fancy_title][mk_padding_divider][\/vc_column][vc_column width=\u00bb1\/4&#8243;][mk_icon_box2 icon_size=\u00bb64&#8243; icon=\u00bbmk-icon-globe\u00bb icon_color=\u00bb#00a651&#8243; title_top_padding=\u00bb0&#8243; title_bottom_padding=\u00bb0&#8243;][\/mk_icon_box2][mk_fancy_title tag_name=\u00bbh3&#8243; color=\u00bb#646464&#8243; size=\u00bb20&#8243; font_weight=\u00bb500&#8243; txt_transform=\u00bbcapitalize\u00bb letter_spacing=\u00bb1&#8243; margin_bottom=\u00bb0&#8243; font_family=\u00bbnone\u00bb]\n<p style=\"text-align: center;\">+ 50 Pa\u00edses<\/p>\n[\/mk_fancy_title][mk_padding_divider][\/vc_column][vc_column width=\u00bb1\/4&#8243;][mk_icon_box2 icon_size=\u00bb64&#8243; icon=\u00bbmk-icon-slack\u00bb icon_color=\u00bb#00a651&#8243; title_top_padding=\u00bb0&#8243; title_bottom_padding=\u00bb0&#8243;][\/mk_icon_box2][mk_fancy_title tag_name=\u00bbh3&#8243; color=\u00bb#646464&#8243; size=\u00bb20&#8243; font_weight=\u00bb500&#8243; txt_transform=\u00bbcapitalize\u00bb letter_spacing=\u00bb1&#8243; margin_bottom=\u00bb0&#8243; font_family=\u00bbnone\u00bb]\n<p style=\"text-align: center;\">+ 700 Referencias<\/p>\n[\/mk_fancy_title][mk_padding_divider][\/vc_column][vc_column width=\u00bb1\/4&#8243;][mk_icon_box2 icon_size=\u00bb64&#8243; icon=\u00bbmk-moon-user-3&#8243; icon_color=\u00bb#00a651&#8243; title_top_padding=\u00bb0&#8243; title_bottom_padding=\u00bb0&#8243;][\/mk_icon_box2][mk_fancy_title tag_name=\u00bbh3&#8243; color=\u00bb#646464&#8243; size=\u00bb20&#8243; font_weight=\u00bb500&#8243; txt_transform=\u00bbcapitalize\u00bb letter_spacing=\u00bb1&#8243; margin_bottom=\u00bb0&#8243; font_family=\u00bbnone\u00bb]\n<p style=\"text-align: center;\">+ 2000 Clientes<\/p>\n[\/mk_fancy_title][mk_padding_divider][\/vc_column][\/mk_page_section][vc_row fullwidth=\u00bbtrue\u00bb el_class=\u00bbalign_center\u00bb css=\u00bb.vc_custom_1553079072555{margin-bottom: 0px !important;background-image: url(https:\/\/www.busqui.com\/wp-content\/uploads\/2019\/03\/background_busqui_2.png?id=847) !important;background-position: 0 0 !important;background-repeat: repeat !important;}\u00bb][vc_column][mk_button dimension=\u00bbflat\u00bb corner_style=\u00bbfull_rounded\u00bb size=\u00bbx-large\u00bb url=\u00bb\/es\/busqui\/\u00bb align=\u00bbcenter\u00bb margin_bottom=\u00bb60&#8243; bg_color=\u00bbrgba(112,112,112,0.4)\u00bb btn_hover_bg=\u00bb#46c183&#8243;]CONOZCA NOS MEJOR[\/mk_button][\/vc_column][\/vc_row][vc_row css=\u00bb.vc_custom_1549977574436{margin-top: 100px !important;margin-bottom: 100px !important;}\u00bb][vc_column][mk_fancy_title size=\u00bb42&#8243; font_family=\u00bbnone\u00bb]\n<p style=\"text-align: center;\">B\u00fasqueda internacional<\/p>\n[\/mk_fancy_title][vc_column_text css=\u00bb.vc_custom_1581929725858{margin-bottom: 0px !important;}\u00bb]Actualmente Busqu\u00ed tiene varios colaboradores internacionales repartidos por todo el mundo.\u00a0Gracias al trabajo conjunto hemos reforzado nuestra presencia en el extranjero.[\/vc_column_text][vc_video host=\u00bbself_hosted\u00bb mp4=\u00bbhttps:\/\/www.busqui.com\/wp-content\/uploads\/2019\/04\/busqui_video_home.mp4&#8243; custom_thumbnail=\u00bbtrue\u00bb aspect_ratio=\u00bbtrue\u00bb play_icon=\u00bbmk-moon-play\u00bb play_icon_size=\u00bb128&#8243; play_icon_color=\u00bbrgba(0,0,0,0.7)\u00bb play_target=\u00bbsame\u00bb thumbnail_image=\u00bb1051&#8243;][vc_column_text css=\u00bb.vc_custom_1556093767007{margin-bottom: 0px !important;}\u00bb]\n<div style=\"display: none;\"><div id=\"mapsvg-318\" class=\"mapsvg\"><\/div><\/div>\n[\/vc_column_text][vc_row_inner][vc_column_inner width=\u00bb1\/2&#8243;][\/vc_column_inner][vc_column_inner width=\u00bb1\/2&#8243;][mk_padding_divider size=\u00bb19&#8243;][\/vc_column_inner][\/vc_row_inner][mk_button dimension=\u00bbflat\u00bb corner_style=\u00bbfull_rounded\u00bb size=\u00bbx-large\u00bb url=\u00bb\/es\/contacto\/\u00bb align=\u00bbcenter\u00bb bg_color=\u00bbrgba(112,112,112,0.4)\u00bb btn_hover_bg=\u00bb#46c183&#8243;]\u00bfCOLABORAMOS?[\/mk_button][\/vc_column][\/vc_row][vc_row disable_element=\u00bbyes\u00bb][vc_column][vc_icon][\/vc_column][\/vc_row][vc_row][vc_column][vc_raw_html]JTNDZGl2JTIwY2xhc3MlM0QlMjJtay1xdWljay1jb250YWN0LXdyYXBwZXIlMjBqcy1ib3R0b20tY29ybmVyLWJ0biUyMGpzLWJvdHRvbS1jb3JuZXItYnRuLS1jb250YWN0JTIyJTNFJTIwJTIwJTIwJTIwJTIwJTIwJTIwJTBBJTIwJTIwJTIwJTIwJTNDYSUyMGhyZWYlM0QlMjIlMjNwcHNTaG93UG9wVXBfMTAwJTIyJTIwY2xhc3MlM0QlMjJtay1xdWljay1jb250YWN0LWxpbmslMjIlM0UlM0NzdmclMjBjbGFzcyUzRCUyMm1rLXN2Zy1pY29uJTIyJTIwZGF0YS1uYW1lJTNEJTIybWstaWNvbi1lbnZlbG9wZSUyMiUyMGRhdGEtY2FjaGVpZCUzRCUyMmljb24tNWM2NTQwYWY4YTA4MSUyMiUyMHN0eWxlJTNEJTIyJTIwaGVpZ2h0JTNBMjBweCUzQiUyMHdpZHRoJTNBJTIwMjBweCUzQiUyMCUyMiUyMHhtbG5zJTNEJTIyaHR0cCUzQSUyRiUyRnd3dy53My5vcmclMkYyMDAwJTJGc3ZnJTIyJTIwdmlld0JveCUzRCUyMjAlMjAwJTIwMTc5MiUyMDE3OTIlMjIlM0UlM0NwYXRoJTIwZCUzRCUyMk0xNzkyJTIwNzEwdjc5NHEwJTIwNjYtNDclMjAxMTN0LTExMyUyMDQ3aC0xNDcycS02NiUyMDAtMTEzLTQ3dC00Ny0xMTN2LTc5NHE0NCUyMDQ5JTIwMTAxJTIwODclMjAzNjIlMjAyNDYlMjA0OTclMjAzNDUlMjA1NyUyMDQyJTIwOTIuNSUyMDY1LjV0OTQuNSUyMDQ4JTIwMTEwJTIwMjQuNWgycTUxJTIwMCUyMDExMC0yNC41dDk0LjUtNDglMjA5Mi41LTY1LjVxMTcwLTEyMyUyMDQ5OC0zNDUlMjA1Ny0zOSUyMDEwMC04N3ptMC0yOTRxMCUyMDc5LTQ5JTIwMTUxdC0xMjIlMjAxMjNxLTM3NiUyMDI2MS00NjglMjAzMjUtMTAlMjA3LTQyLjUlMjAzMC41dC01NCUyMDM4LTUyJTIwMzIuNS01Ny41JTIwMjctNTAlMjA5aC0ycS0yMyUyMDAtNTAtOXQtNTcuNS0yNy01Mi0zMi41LTU0LTM4LTQyLjUtMzAuNXEtOTEtNjQtMjYyLTE4Mi41dC0yMDUtMTQyLjVxLTYyLTQyLTExNy0xMTUuNXQtNTUtMTM2LjVxMC03OCUyMDQxLjUtMTMwdDExOC41LTUyaDE0NzJxNjUlMjAwJTIwMTEyLjUlMjA0N3Q0Ny41JTIwMTEzeiUyMiUzRSUzQyUyRnBhdGglM0UlM0MlMkZzdmclM0UlM0MlMkZhJTNFJTBBJTNDJTJGZGl2JTNF[\/vc_raw_html][\/vc_column][\/vc_row][vc_row][vc_column][vc_single_image image=\u00bb2630&#8243; img_size=\u00bbfull\u00bb alignment=\u00bbcenter\u00bb onclick=\u00bbcustom_link\u00bb img_link_target=\u00bb_blank\u00bb link=\u00bbhttps:\/\/www.anugafoodtec.com\/exhibitor\/busqui\u00bb][\/vc_column][\/vc_row]\n<\/section>","protected":false},"excerpt":{"rendered":"<p>[mk_page_section bg_position=\u00bbcenter bottom\u00bb bg_repeat=\u00bbno-repeat\u00bb bg_stretch=\u00bbtrue\u00bb enable_3d=\u00bbtrue\u00bb bg_video=\u00bbyes\u00bb mp4=\u00bbhttps:\/\/www.busqui.com\/wp-content\/uploads\/2019\/03\/Busqui\u0301 Ae\u0301reo.mp4&#8243; video_color_mask=\u00bb#424242&#8243; min_height=\u00bb700&#8243; js_vertical_centered=\u00bbtrue\u00bb sidebar=\u00bbsidebar-1&#8243;][vc_column][mk_fancy_title tag_name=\u00bbh1&#8243; color=\u00bb#ffffff\u00bb size=\u00bb42&#8243; force_font_size=\u00bbtrue\u00bb size_tablet=\u00bb30&#8243; size_phone=\u00bb36&#8243; font_weight=\u00bb300&#8243; txt_transform=\u00bbnone\u00bb letter_spacing=\u00bb2&#8243; font_family=\u00bbnone\u00bb align=\u00bbcenter\u00bb] PRODUCTOS DE CALIDAD PARA HACER QUESO [\/mk_fancy_title][vc_row_inner][vc_column_inner width=\u00bb2\/6&#8243;][mk_padding_divider size=\u00bb10&#8243;][mk_button_gradient size=\u00bblarge\u00bb corner_style=\u00bbfull_rounded\u00bb grandient_color_fallback=\u00bbrgba(112,112,112,0.4)\u00bb url=\u00bb\/es\/por-que-elegirnos\/\u00bb]M\u00c1S INFORMACI\u00d3N[\/mk_button_gradient][mk_button_gradient size=\u00bblarge\u00bb corner_style=\u00bbfull_rounded\u00bb grandient_color_fallback=\u00bbrgba(112,112,112,0.4)\u00bb url=\u00bb\/es\/contacto\/\u00bb]CONTACTO[\/mk_button_gradient][\/vc_column_inner][vc_column_inner width=\u00bb1\/6&#8243;][\/vc_column_inner][vc_column_inner width=\u00bb1\/2&#8243;][\/vc_column_inner][\/vc_row_inner][\/vc_column][\/mk_page_section][mk_page_section bg_image=\u00bbhttps:\/\/www.busqui.com\/wp-content\/uploads\/2019\/03\/background_busqui_2.png\u00bb bg_color=\u00bb#f8f8f8&#8243; enable_3d=\u00bbtrue\u00bb js_vertical_centered=\u00bbtrue\u00bb padding_top=\u00bb80&#8243; padding_bottom=\u00bb80&#8243; sidebar=\u00bbsidebar-1&#8243;][vc_column][vc_row_inner][vc_column_inner width=\u00bb1\/6&#8243;][\/vc_column_inner][vc_column_inner width=\u00bb2\/3&#8243;][mk_fancy_title color=\u00bb#353535&#8243; size=\u00bb42&#8243; [&hellip;]<\/p>\n","protected":false},"author":1,"featured_media":0,"parent":0,"menu_order":0,"comment_status":"closed","ping_status":"closed","template":"","meta":[],"_links":{"self":[{"href":"https:\/\/www.busqui.com\/es\/wp-json\/wp\/v2\/pages\/6"}],"collection":[{"href":"https:\/\/www.busqui.com\/es\/wp-json\/wp\/v2\/pages"}],"about":[{"href":"https:\/\/www.busqui.com\/es\/wp-json\/wp\/v2\/types\/page"}],"author":[{"embeddable":true,"href":"https:\/\/www.busqui.com\/es\/wp-json\/wp\/v2\/users\/1"}],"replies":[{"embeddable":true,"href":"https:\/\/www.busqui.com\/es\/wp-json\/wp\/v2\/comments?post=6"}],"version-history":[{"count":2,"href":"https:\/\/www.busqui.com\/es\/wp-json\/wp\/v2\/pages\/6\/revisions"}],"predecessor-version":[{"id":2633,"href":"https:\/\/www.busqui.com\/es\/wp-json\/wp\/v2\/pages\/6\/revisions\/2633"}],"wp:attachment":[{"href":"https:\/\/www.busqui.com\/es\/wp-json\/wp\/v2\/media?parent=6"}],"curies":[{"name":"wp","href":"https:\/\/api.w.org\/{rel}","templated":true}]}}