{"id":401,"date":"2018-11-28T09:20:59","date_gmt":"2018-11-28T09:20:59","guid":{"rendered":"https:\/\/www.busqui.com\/?page_id=401"},"modified":"2025-09-26T05:03:11","modified_gmt":"2025-09-26T05:03:11","slug":"aviso-legal","status":"publish","type":"page","link":"https:\/\/www.busqui.com\/es\/aviso-legal\/","title":{"rendered":"Aviso legal"},"content":{"rendered":"<section class=\"wpb-content-wrapper\">[vc_row][vc_column][mk_padding_divider size=\u00bb80&#8243;][vc_column_text css=\u00bb.vc_custom_1758862986517{margin-bottom: 0px !important;}\u00bb]<strong><u>\u00a0<\/u><\/strong><\/p>\n<ol>\n<li><strong><u>INFORMACI\u00d3N CORPORATIVA<\/u><\/strong><\/li>\n<\/ol>\n<p>En cumplimiento de la Ley 34\/2002, con \u00faltima actualizaci\u00f3n, 09\/05\/2023, de servicios de la sociedad de la informaci\u00f3n y de comercio electr\u00f3nico, <strong>MECANIZADOS BUSQUI SL<\/strong> le informa que es titular de los sitios web: <a href=\"https:\/\/www.busqui.com\"><strong>https:\/\/www.busqui.com<\/strong><\/a><strong>, <\/strong> De acuerdo con la exigencia del art\u00edculo 10 de la mencionada Ley, y notifica los siguientes datos: con NIF\/CIF: <strong>B59335638. <\/strong>Registro Mercantil de <strong>BARCELONA. <\/strong>Tomo: <strong>20182,<\/strong>. Folio: <strong>196, S 8,,<\/strong> Hoja: <strong>B-2622<\/strong>, y domicilio social: <strong>POL IND TORRELLA CARRER BERLIN 7,<\/strong> C\u00f3digo Postal: <strong>08233<\/strong>. Localidad: <strong>VACARISSES<\/strong>. Provincia: <strong>BARCELONA<\/strong>. La direcci\u00f3n de correo electr\u00f3nico de contacto con la empresa es: <a href=\"mailto:sandra.busqui@busqui.com\"><strong>sandra.busqui@busqui.com<\/strong><\/a><\/p>\n<p>&nbsp;<\/p>\n<ol start=\"2\">\n<li><strong><u>USUARIO Y R\u00c9GIMEN DE RESPONSABILIDADES<\/u><\/strong><\/li>\n<\/ol>\n<p>La navegaci\u00f3n por acceso o uso de la p\u00e1gina web\u00a0 y todos los subdominios y directorios incluidos bajo la misma, as\u00ed como los servicios o contenidos que a trav\u00e9s de \u00e9l se puedan obtener y todos los portales de dominio propio bajo titularidad de <strong>MECANIZADOS BUSQUI SL<\/strong>, otorga la Condici\u00f3n de <strong>Usuario<\/strong>, por la que se aceptan, al navegar por la p\u00e1gina web de <strong>MECANIZADOS BUSQUI SL<\/strong>, todas las condiciones de uso que se establecen aqu\u00ed sin perjudicar la aplicaci\u00f3n de la correspondiente normativa de obligado cumplimiento legal seg\u00fan el caso.<\/p>\n<p>Por eso, si las consideraciones detalladas en este aviso legal no son de su conformidad, rogamos no haga uso del portal, ya que cualquier uso que haga del mismo o los servicios y contenidos en \u00e9l incluidos implicar\u00e1 la aceptaci\u00f3n de los t\u00e9rminos legales recogidos en este texto.<\/p>\n<p>La p\u00e1gina web de <strong>MECANIZADOS BUSQUI SL<\/strong> proporciona gran diversidad de informaci\u00f3n, servicios y datos. El usuario asume su responsabilidad en el uso correcto de los sitios web. Esta responsabilidad se extender\u00e1 a: La veracidad y licitud de las informaciones aportadas por el usuario en los formularios emitidos por <strong>MECANIZADOS BUSQUI SL<\/strong> para acceder a determinados contenidos o servicios ofrecidos por la web.<\/p>\n<p>El uso de la informaci\u00f3n, servicios y datos ofrecidos por <strong>MECANIZADOS BUSQUI SL<\/strong> no ir\u00e1n contra las disposiciones de estas condiciones, la Ley, la moral, las buenas costumbres o el orden p\u00fablico o que, en otro caso, puedan suponer lesi\u00f3n de los derechos de terceros o del funcionamiento de los sitios web. A tal efecto, el Usuario se abstendr\u00e1 de utilizar cualquiera de los contenidos con fines o efectos il\u00edcitos, prohibidos en este texto, lesivos de los derechos e intereses de terceros, o que de cualquier forma puedan da\u00f1ar, inutilizar, sobrecargar, deteriorar o impedir la normal utilizaci\u00f3n de los contenidos, otros Usuarios o de cualquier usuario de Internet (hardware y software).<\/p>\n<p>Los usuarios responder\u00e1n de los da\u00f1os y perjuicios de toda naturaleza que la empresa propietaria de la web pueda sufrir, directa o indirectamente, como consecuencia de incumplimiento de cualquiera de las obligaciones derivadas del uso de la Web y de esta pol\u00edtica de privacidad.<\/p>\n<p>En particular, ya t\u00edtulo meramente indicativo y no exhaustivo, el Usuario se compromete a no transmitir, difundir o poner a disposici\u00f3n de terceros informaciones, datos, contenidos, mensajes, gr\u00e1ficos, dibujos, archivos de sonido y\/o imagen, fotograf\u00edas de la web.[\/vc_column_text][\/vc_column][\/vc_row]\n<\/section>","protected":false},"excerpt":{"rendered":"<p>[vc_row][vc_column][mk_padding_divider size=\u00bb80&#8243;][vc_column_text css=\u00bb.vc_custom_1758862986517{margin-bottom: 0px !important;}\u00bb]\u00a0 INFORMACI\u00d3N CORPORATIVA En cumplimiento de la Ley 34\/2002, con \u00faltima actualizaci\u00f3n, 09\/05\/2023, de servicios de la sociedad de la informaci\u00f3n y de comercio electr\u00f3nico, MECANIZADOS BUSQUI SL le informa que es titular de los sitios web: https:\/\/www.busqui.com, De acuerdo con la exigencia del art\u00edculo 10 de la mencionada Ley, y [&hellip;]<\/p>\n","protected":false},"author":1,"featured_media":0,"parent":0,"menu_order":0,"comment_status":"closed","ping_status":"closed","template":"","meta":[],"_links":{"self":[{"href":"https:\/\/www.busqui.com\/es\/wp-json\/wp\/v2\/pages\/401"}],"collection":[{"href":"https:\/\/www.busqui.com\/es\/wp-json\/wp\/v2\/pages"}],"about":[{"href":"https:\/\/www.busqui.com\/es\/wp-json\/wp\/v2\/types\/page"}],"author":[{"embeddable":true,"href":"https:\/\/www.busqui.com\/es\/wp-json\/wp\/v2\/users\/1"}],"replies":[{"embeddable":true,"href":"https:\/\/www.busqui.com\/es\/wp-json\/wp\/v2\/comments?post=401"}],"version-history":[{"count":2,"href":"https:\/\/www.busqui.com\/es\/wp-json\/wp\/v2\/pages\/401\/revisions"}],"predecessor-version":[{"id":2640,"href":"https:\/\/www.busqui.com\/es\/wp-json\/wp\/v2\/pages\/401\/revisions\/2640"}],"wp:attachment":[{"href":"https:\/\/www.busqui.com\/es\/wp-json\/wp\/v2\/media?parent=401"}],"curies":[{"name":"wp","href":"https:\/\/api.w.org\/{rel}","templated":true}]}}