{"id":390,"date":"2018-11-28T09:14:15","date_gmt":"2018-11-28T09:14:15","guid":{"rendered":"https:\/\/www.busqui.com\/?page_id=390"},"modified":"2020-02-17T09:07:50","modified_gmt":"2020-02-17T09:07:50","slug":"moldes-para-queso-fresco","status":"publish","type":"page","link":"https:\/\/www.busqui.com\/es\/productos\/moldes-para-queso-fresco\/","title":{"rendered":"Moldes para queso fresco"},"content":{"rendered":"<section class=\"wpb-content-wrapper\">[vc_row][vc_column][vc_row_inner][vc_column_inner css=\u00bb.vc_custom_1557138864902{margin-right: 0px !important;margin-left: 0px !important;padding-right: 0px !important;padding-left: 0px !important;}\u00bb][mk_padding_divider size=\u00bb100&#8243;][\/vc_column_inner][\/vc_row_inner][\/vc_column][\/vc_row][vc_row column_padding=\u00bb2&#8243;][vc_column width=\u00bb1\/2&#8243;][vc_images_carousel images=\u00bb1526,1531,1536&#8243; img_size=\u00bbfull\u00bb css_animation=\u00bbfadeIn\u00bb][\/vc_column][vc_column width=\u00bb1\/2&#8243;][mk_fancy_title size=\u00bb34&#8243; font_weight=\u00bb500&#8243; font_style=\u00bbnormal\u00bb margin_top=\u00bb20&#8243; font_family=\u00bbnone\u00bb]<span style=\"font-family: Futura; font-size: 32px;\">Multimolde sin bandeja<\/span>[\/mk_fancy_title][vc_column_text el_class=\u00bbjustify\u00bb css=\u00bb.vc_custom_1581930507086{margin-bottom: 0px !important;}\u00bb]Busqui tiene una amplia gama de moldes para queso fresco, reques\u00f3n y otras especialidades donde el cliente puede elegir entre una amplia gama de dimensiones y formas seg\u00fan sus necesidades.<br \/>\nDel mismo modo, estos moldes permiten su ensamblaje en moldes m\u00faltiples que, junto con accesorios como distribuidores de cuajada, tornos de acero inoxidable y, por supuesto, nuestras m\u00e1quinas de llenado de cuajada, ofrecen un alto rendimiento productivo y un magn\u00edfico ahorro de tiempo y producto.[\/vc_column_text][mk_padding_divider size=\u00bb25&#8243;][vc_row_inner attached=\u00bbtrue\u00bb][vc_column_inner width=\u00bb1\/2&#8243;][mk_button dimension=\u00bbflat\u00bb corner_style=\u00bbrounded\u00bb size=\u00bblarge\u00bb icon=\u00bbmk-icon-phone\u00bb url=\u00bb\/contact\u00bb margin_right=\u00bb0&#8243; bg_color=\u00bb#09abb3&#8243; btn_hover_bg=\u00bb#09bd93&#8243; btn_hover_txt_color=\u00bb#ffffff\u00bb]CONTACTE CON VENTAS[\/mk_button][\/vc_column_inner][vc_column_inner width=\u00bb1\/2&#8243;][\/vc_column_inner][\/vc_row_inner][mk_padding_divider size=\u00bb15&#8243;][\/vc_column][\/vc_row][vc_row column_padding=\u00bb2&#8243;][vc_column width=\u00bb2\/3&#8243;][vc_single_image image=\u00bb1065&#8243; img_size=\u00bb703&#215;376&#8243; style=\u00bbvc_box_rounded\u00bb css=\u00bb.vc_custom_1571154098541{border-radius: 5px !important;}\u00bb][mk_padding_divider][\/vc_column][vc_column width=\u00bb1\/3&#8243; css=\u00bb.vc_custom_1571153834912{padding-top: 20px !important;padding-right: 40px !important;padding-bottom: 20px !important;padding-left: 40px !important;background-color: #46c183 !important;border-radius: 5px !important;}\u00bb][vc_column_text css=\u00bb.vc_custom_1581930526526{margin-bottom: 0px !important;}\u00bb]\n<h2><span style=\"color: #ffffff;\">\u00bfPor qu\u00e9 elegir nuestros moldes?<\/span><\/h2>\n[\/vc_column_text][mk_custom_list icon_color=\u00bb#ffffff\u00bb animation=\u00bbfade-in\u00bb]\n<ul>\n<li><span style=\"color: #ffffff;\">Moldes de queso personalizados.<\/span><\/li>\n<li><span style=\"color: #ffffff;\">Materiales de la m\u00e1s alta calidad.<\/span><\/li>\n<li><span style=\"color: #ffffff;\">Una pasi\u00f3n por entregar queso con la forma perfecta.<\/span><\/li>\n<li><span style=\"color: #ffffff;\">Consejos y apoyo para la vida.<\/span><\/li>\n<li><span style=\"color: #ffffff;\">Entrega y soporte a nivel mundial.<\/span><\/li>\n<\/ul>\n[\/mk_custom_list][mk_padding_divider][\/vc_column][\/vc_row]\n<\/section>","protected":false},"excerpt":{"rendered":"<p>[vc_row][vc_column][vc_row_inner][vc_column_inner css=\u00bb.vc_custom_1557138864902{margin-right: 0px !important;margin-left: 0px !important;padding-right: 0px !important;padding-left: 0px !important;}\u00bb][mk_padding_divider size=\u00bb100&#8243;][\/vc_column_inner][\/vc_row_inner][\/vc_column][\/vc_row][vc_row column_padding=\u00bb2&#8243;][vc_column width=\u00bb1\/2&#8243;][vc_images_carousel images=\u00bb1526,1531,1536&#8243; img_size=\u00bbfull\u00bb css_animation=\u00bbfadeIn\u00bb][\/vc_column][vc_column width=\u00bb1\/2&#8243;][mk_fancy_title size=\u00bb34&#8243; font_weight=\u00bb500&#8243; font_style=\u00bbnormal\u00bb margin_top=\u00bb20&#8243; font_family=\u00bbnone\u00bb]Multimolde sin bandeja[\/mk_fancy_title][vc_column_text el_class=\u00bbjustify\u00bb css=\u00bb.vc_custom_1581930507086{margin-bottom: 0px !important;}\u00bb]Busqui tiene una amplia gama de moldes para queso fresco, reques\u00f3n y otras especialidades donde el cliente puede elegir entre una amplia gama de dimensiones y formas seg\u00fan [&hellip;]<\/p>\n","protected":false},"author":1,"featured_media":0,"parent":217,"menu_order":0,"comment_status":"closed","ping_status":"closed","template":"","meta":[],"_links":{"self":[{"href":"https:\/\/www.busqui.com\/es\/wp-json\/wp\/v2\/pages\/390"}],"collection":[{"href":"https:\/\/www.busqui.com\/es\/wp-json\/wp\/v2\/pages"}],"about":[{"href":"https:\/\/www.busqui.com\/es\/wp-json\/wp\/v2\/types\/page"}],"author":[{"embeddable":true,"href":"https:\/\/www.busqui.com\/es\/wp-json\/wp\/v2\/users\/1"}],"replies":[{"embeddable":true,"href":"https:\/\/www.busqui.com\/es\/wp-json\/wp\/v2\/comments?post=390"}],"version-history":[{"count":0,"href":"https:\/\/www.busqui.com\/es\/wp-json\/wp\/v2\/pages\/390\/revisions"}],"up":[{"embeddable":true,"href":"https:\/\/www.busqui.com\/es\/wp-json\/wp\/v2\/pages\/217"}],"wp:attachment":[{"href":"https:\/\/www.busqui.com\/es\/wp-json\/wp\/v2\/media?parent=390"}],"curies":[{"name":"wp","href":"https:\/\/api.w.org\/{rel}","templated":true}]}}