{"id":12,"date":"2017-03-17T14:23:33","date_gmt":"2017-03-17T14:23:33","guid":{"rendered":"http:\/\/demos.artbees.net\/jupiter5\/ikmaios\/?page_id=12"},"modified":"2023-10-05T05:20:13","modified_gmt":"2023-10-05T05:20:13","slug":"busqui","status":"publish","type":"page","link":"https:\/\/www.busqui.com\/es\/busqui\/","title":{"rendered":"Busqu\u00ed"},"content":{"rendered":"<section class=\"wpb-content-wrapper\">[vc_row fullwidth=\u00bbtrue\u00bb fullwidth_content=\u00bbfalse\u00bb visibility=\u00bbhidden-sm\u00bb css=\u00bb.vc_custom_1637576364126{padding-top: 200px !important;padding-bottom: 200px !important;background-position: center !important;background-repeat: no-repeat !important;background-size: cover !important;}\u00bb][vc_column width=\u00bb1\/3&#8243;][vc_column_text css=\u00bb.vc_custom_1581932673943{margin-bottom: 0px !important;}\u00bb]\n<h1><span style=\"color: #ffffff;\">Busqu\u00ed<\/span><\/h1>\n<p>&nbsp;<\/p>\n<p><span style=\"color: #ffffff;\"><a style=\"color: #ffffff;\" href=\"https:\/\/www.busqui.com\/es\/\">Inicio<\/a> \u00bb<strong> Busqu\u00ed<\/strong><\/span>[\/vc_column_text][\/vc_column][vc_column width=\u00bb1\/3&#8243;][\/vc_column][vc_column width=\u00bb1\/3&#8243;][vc_row_inner is_fullwidth_content=\u00bbfalse\u00bb][vc_column_inner width=\u00bb1\/2&#8243;][mk_font_icons icon=\u00bbmk-moon-phone-2&#8243; color=\u00bb#ffffff\u00bb size=\u00bblarge\u00bb circle=\u00bbtrue\u00bb circle_color=\u00bb#09abb3&#8243; circle_border_color=\u00bb#09abb3&#8243; align=\u00bbcenter\u00bb link=\u00bbtel:+34935880139&#8243;][mk_font_icons icon=\u00bbmk-li-mail\u00bb color=\u00bb#ffffff\u00bb size=\u00bblarge\u00bb circle=\u00bbtrue\u00bb circle_color=\u00bb#09bd93&#8243; circle_border_color=\u00bb#09bd93&#8243; align=\u00bbcenter\u00bb link=\u00bb\/es\/contacto\/\u00bb][\/vc_column_inner][vc_column_inner width=\u00bb1\/2&#8243;][\/vc_column_inner][\/vc_row_inner][\/vc_column][\/vc_row][vc_row fullwidth=\u00bbtrue\u00bb fullwidth_content=\u00bbfalse\u00bb visibility=\u00bbvisible-sm\u00bb css=\u00bb.vc_custom_1637576369250{padding-top: 200px !important;padding-right: 0px !important;padding-bottom: 200px !important;background-position: center !important;background-repeat: no-repeat !important;background-size: cover !important;}\u00bb][vc_column width=\u00bb1\/3&#8243;][vc_column_text css=\u00bb.vc_custom_1581932716573{margin-bottom: 0px !important;}\u00bb]\n<h1><span style=\"color: #ffffff;\">Busqu\u00ed<\/span><\/h1>\n<p>&nbsp;<\/p>\n<p><span style=\"color: #ffffff;\"><a style=\"color: #ffffff;\" href=\"https:\/\/www.busqui.com\/es\/\">Inicio<\/a> \u00bb<strong> Busqu\u00ed<\/strong><\/span>[\/vc_column_text][\/vc_column][vc_column width=\u00bb1\/3&#8243;][vc_row_inner is_fullwidth_content=\u00bbfalse\u00bb][vc_column_inner][mk_font_icons icon=\u00bbmk-moon-phone-2&#8243; color=\u00bb#ffffff\u00bb size=\u00bblarge\u00bb circle=\u00bbtrue\u00bb circle_color=\u00bb#09abb3&#8243; circle_border_color=\u00bb#09abb3&#8243; align=\u00bbcenter\u00bb link=\u00bbtel:+34935880139&#8243;][\/vc_column_inner][\/vc_row_inner][\/vc_column][vc_column width=\u00bb1\/3&#8243;][vc_row_inner is_fullwidth_content=\u00bbfalse\u00bb][vc_column_inner][mk_font_icons icon=\u00bbmk-li-mail\u00bb color=\u00bb#ffffff\u00bb size=\u00bblarge\u00bb circle=\u00bbtrue\u00bb circle_color=\u00bb#09bd93&#8243; circle_border_color=\u00bb#09bd93&#8243; align=\u00bbcenter\u00bb link=\u00bb\/es\/contacto\/\u00bb][\/vc_column_inner][\/vc_row_inner][\/vc_column][\/vc_row][vc_row fullwidth=\u00bbtrue\u00bb][vc_column][mk_padding_divider size=\u00bb80&#8243;][\/vc_column][\/vc_row][vc_row][vc_column][vc_column_text css=\u00bb.vc_custom_1696483202040{margin-bottom: 0px !important;}\u00bb]\n<h3><strong>M\u00e1s de cincuenta a\u00f1os, Mecanizados Busqu\u00ed SL. se ha dedicado a la fabricaci\u00f3n de moldes para quesos.<\/strong><\/h3>\n<p>La experiencia adquirida durante estos a\u00f1os nos ha permitido perfeccionar y crear sistemas y modelos de moldes que son cada vez m\u00e1s perfectos y tecnol\u00f3gicamente avanzados hasta que alcanzamos los innovadores moldes microperforados, fabricados en una sola pieza.<\/p>\n<p>Para hacer esto, Busqu\u00ed investiga y desarrolla proyectos para mejorar continuamente el dise\u00f1o de nuestros productos y el proceso de producci\u00f3n. Como resultado de este esfuerzo, todos los moldes Busqu\u00ed tienen una garant\u00eda de un a\u00f1o.<\/p>\n<p>Como fabricantes, ofrecemos un servicio integral que incluye el asesoramiento t\u00e9cnico necesario para la adaptaci\u00f3n de nuestros moldes a las necesidades de cada cliente y sus sistemas de fabricaci\u00f3n, y el suministro de los productos de limpieza adecuados para un mantenimiento adecuado.<\/p>\n<p>Nuestro equipo, formado por expertos profesionales, se ocupa personalmente de la implementaci\u00f3n de nuestros productos y garantiza su efectividad.<\/p>\n<p>El desaf\u00edo de Busqu\u00ed SL es continuar creciendo para ofrecer moldes cada vez m\u00e1s perfectos a todos nuestros clientes.<\/p>\n<p>Our team, made up of professional experts, personally takes care of the implementation of our products and guarantees their effectiveness.<\/p>\n<p>The challenge of Busqu\u00ed SL is to continue growing to offer more and more perfect moulds to all our customers.[\/vc_column_text][\/vc_column][\/vc_row][vc_row fullwidth=\u00bbtrue\u00bb fullwidth_content=\u00bbfalse\u00bb css=\u00bb.vc_custom_1574158437604{margin-top: 40px !important;margin-bottom: 40px !important;padding-top: 40px !important;padding-bottom: 40px !important;background-image: url(https:\/\/www.busqui.com\/wp-content\/uploads\/2019\/02\/busqui_servicios_background2.jpg?id=590) !important;background-position: center !important;background-repeat: no-repeat !important;background-size: cover !important;}\u00bb][vc_column][mk_fancy_title color=\u00bb#ffffff\u00bb size=\u00bb42&#8243; font_family=\u00bbnone\u00bb align=\u00bbcenter\u00bb]<span style=\"color: #ffffff;\">B\u00fasqueda internacional<\/span>[\/mk_fancy_title][vc_column_text css=\u00bb.vc_custom_1581932791888{margin-bottom: 0px !important;}\u00bb]\n<p style=\"text-align: center;\"><span style=\"color: #ffffff;\">Actualmente Busqu\u00ed tiene varios colaboradores internacionales repartidos por todo el mundo.<\/span><\/p>\n<p style=\"text-align: center;\"><span style=\"color: #ffffff;\">Gracias al trabajo conjunto hemos reforzado nuestra presencia en el extranjero.<\/span><\/p>\n[\/vc_column_text][vc_row_inner][vc_column_inner width=\u00bb1\/5&#8243;][\/vc_column_inner][vc_column_inner width=\u00bb3\/5&#8243;][vc_video max_width=\u00bb600&#8243; host=\u00bbself_hosted\u00bb mp4=\u00bb\/wp-content\/uploads\/2019\/04\/busqui_video_home.mp4&#8243; custom_thumbnail=\u00bbtrue\u00bb aspect_ratio=\u00bbtrue\u00bb play_icon=\u00bbmk-moon-play\u00bb play_icon_size=\u00bb128&#8243; play_icon_color=\u00bbrgba(0,0,0,0.7)\u00bb play_target=\u00bbsame\u00bb thumbnail_image=\u00bb1052&#8243;][\/vc_column_inner][vc_column_inner width=\u00bb1\/5&#8243;][\/vc_column_inner][\/vc_row_inner][\/vc_column][\/vc_row][vc_row][vc_column][mk_padding_divider][\/vc_column][\/vc_row][vc_row column_padding=\u00bb2&#8243;][vc_column width=\u00bb2\/3&#8243;][vc_single_image image=\u00bb1065&#8243; img_size=\u00bb703&#215;376&#8243; style=\u00bbvc_box_rounded\u00bb css=\u00bb.vc_custom_1571154098541{border-radius: 5px !important;}\u00bb][mk_padding_divider][\/vc_column][vc_column width=\u00bb1\/3&#8243; css=\u00bb.vc_custom_1571153834912{padding-top: 20px !important;padding-right: 40px !important;padding-bottom: 20px !important;padding-left: 40px !important;background-color: #46c183 !important;border-radius: 5px !important;}\u00bb][vc_column_text css=\u00bb.vc_custom_1581932812021{margin-bottom: 0px !important;}\u00bb]\n<h2><span style=\"color: #ffffff;\">\u00bfPor qu\u00e9 elegir nuestros moldes?<\/span><\/h2>\n[\/vc_column_text][mk_custom_list icon_color=\u00bb#ffffff\u00bb animation=\u00bbfade-in\u00bb]\n<ul>\n<li><span style=\"color: #ffffff;\">Moldes de queso personalizados.<\/span><\/li>\n<li><span style=\"color: #ffffff;\">Materiales de la m\u00e1s alta calidad.<\/span><\/li>\n<li><span style=\"color: #ffffff;\">Una pasi\u00f3n por entregar queso con la forma perfecta.<\/span><\/li>\n<li><span style=\"color: #ffffff;\">Consejos y apoyo para la vida.<\/span><\/li>\n<li><span style=\"color: #ffffff;\">Entrega y soporte a nivel mundial.<\/span><\/li>\n<\/ul>\n[\/mk_custom_list][mk_padding_divider][\/vc_column][\/vc_row]\n<\/section>","protected":false},"excerpt":{"rendered":"<p>[vc_row fullwidth=\u00bbtrue\u00bb fullwidth_content=\u00bbfalse\u00bb visibility=\u00bbhidden-sm\u00bb css=\u00bb.vc_custom_1637576364126{padding-top: 200px !important;padding-bottom: 200px !important;background-position: center !important;background-repeat: no-repeat !important;background-size: cover !important;}\u00bb][vc_column width=\u00bb1\/3&#8243;][vc_column_text css=\u00bb.vc_custom_1581932673943{margin-bottom: 0px !important;}\u00bb] Busqu\u00ed &nbsp; Inicio \u00bb Busqu\u00ed[\/vc_column_text][\/vc_column][vc_column width=\u00bb1\/3&#8243;][\/vc_column][vc_column width=\u00bb1\/3&#8243;][vc_row_inner is_fullwidth_content=\u00bbfalse\u00bb][vc_column_inner width=\u00bb1\/2&#8243;][mk_font_icons icon=\u00bbmk-moon-phone-2&#8243; color=\u00bb#ffffff\u00bb size=\u00bblarge\u00bb circle=\u00bbtrue\u00bb circle_color=\u00bb#09abb3&#8243; circle_border_color=\u00bb#09abb3&#8243; align=\u00bbcenter\u00bb link=\u00bbtel:+34935880139&#8243;][mk_font_icons icon=\u00bbmk-li-mail\u00bb color=\u00bb#ffffff\u00bb size=\u00bblarge\u00bb circle=\u00bbtrue\u00bb circle_color=\u00bb#09bd93&#8243; circle_border_color=\u00bb#09bd93&#8243; align=\u00bbcenter\u00bb link=\u00bb\/es\/contacto\/\u00bb][\/vc_column_inner][vc_column_inner width=\u00bb1\/2&#8243;][\/vc_column_inner][\/vc_row_inner][\/vc_column][\/vc_row][vc_row fullwidth=\u00bbtrue\u00bb fullwidth_content=\u00bbfalse\u00bb visibility=\u00bbvisible-sm\u00bb css=\u00bb.vc_custom_1637576369250{padding-top: 200px !important;padding-right: 0px !important;padding-bottom: 200px !important;background-position: [&hellip;]<\/p>\n","protected":false},"author":1,"featured_media":0,"parent":0,"menu_order":0,"comment_status":"closed","ping_status":"closed","template":"","meta":[],"_links":{"self":[{"href":"https:\/\/www.busqui.com\/es\/wp-json\/wp\/v2\/pages\/12"}],"collection":[{"href":"https:\/\/www.busqui.com\/es\/wp-json\/wp\/v2\/pages"}],"about":[{"href":"https:\/\/www.busqui.com\/es\/wp-json\/wp\/v2\/types\/page"}],"author":[{"embeddable":true,"href":"https:\/\/www.busqui.com\/es\/wp-json\/wp\/v2\/users\/1"}],"replies":[{"embeddable":true,"href":"https:\/\/www.busqui.com\/es\/wp-json\/wp\/v2\/comments?post=12"}],"version-history":[{"count":1,"href":"https:\/\/www.busqui.com\/es\/wp-json\/wp\/v2\/pages\/12\/revisions"}],"predecessor-version":[{"id":2606,"href":"https:\/\/www.busqui.com\/es\/wp-json\/wp\/v2\/pages\/12\/revisions\/2606"}],"wp:attachment":[{"href":"https:\/\/www.busqui.com\/es\/wp-json\/wp\/v2\/media?parent=12"}],"curies":[{"name":"wp","href":"https:\/\/api.w.org\/{rel}","templated":true}]}}