{"id":1079,"date":"2019-04-26T11:17:39","date_gmt":"2019-04-26T11:17:39","guid":{"rendered":"https:\/\/www.busqui.com\/?page_id=1079"},"modified":"2020-02-17T09:22:11","modified_gmt":"2020-02-17T09:22:11","slug":"moldes-tipo-prato","status":"publish","type":"page","link":"https:\/\/www.busqui.com\/es\/productos\/moldes-individuales\/moldes-tipo-prato\/","title":{"rendered":"Moldes Tipo Prato"},"content":{"rendered":"<section class=\"wpb-content-wrapper\">[vc_row][vc_column][mk_padding_divider size=\u00bb80&#8243;][\/vc_column][\/vc_row][vc_row column_padding=\u00bb2&#8243;][vc_column width=\u00bb1\/2&#8243;][vc_gallery type=\u00bbflexslider_slide\u00bb interval=\u00bb3&#8243; images=\u00bb1392,1397,1402,1407,1412,1417&#8243; img_size=\u00bbfull\u00bb][\/vc_column][vc_column width=\u00bb1\/2&#8243;][vc_column_text css=\u00bb.vc_custom_1581931369309{margin-bottom: 0px !important;}\u00bb]\n<h2>Especificaciones t\u00e9cnicas de los Moldes individuales<\/h2>\n<p>Este molde \u00fanico tiene &#8216;perforaci\u00f3n protegida&#8217;. La perforaci\u00f3n est\u00e1 protegida contra da\u00f1os y el patr\u00f3n especial tambi\u00e9n fortalece la construcci\u00f3n. Adem\u00e1s, se utiliza un espesor de l\u00e1mina de 15 mm. Los canales de perforaci\u00f3n son bastante cortos: solo 3 mm. Para fines de limpieza, esto es ideal, la posibilidad de perforaci\u00f3n bloqueada se vuelve insignificante<\/p>\n[\/vc_column_text][mk_padding_divider size=\u00bb25&#8243;][vc_row_inner attached=\u00bbtrue\u00bb][vc_column_inner width=\u00bb1\/2&#8243;][mk_button dimension=\u00bbflat\u00bb corner_style=\u00bbrounded\u00bb size=\u00bblarge\u00bb icon=\u00bbmk-icon-cloud-download\u00bb url=\u00bb\/wp-content\/uploads\/2020\/02\/prato-type-mouldsES.pdf\u00bb target=\u00bb_blank\u00bb margin_right=\u00bb0&#8243; bg_color=\u00bb#09bd93&#8243; btn_hover_bg=\u00bb#09abb3&#8243; btn_hover_txt_color=\u00bb#ffffff\u00bb]TABLA DE ESPECIFICACIONES[\/mk_button][mk_button dimension=\u00bbflat\u00bb corner_style=\u00bbrounded\u00bb size=\u00bblarge\u00bb icon=\u00bbmk-icon-phone\u00bb url=\u00bb\/contact\u00bb margin_right=\u00bb0&#8243; bg_color=\u00bb#09abb3&#8243; btn_hover_bg=\u00bb#09bd93&#8243; btn_hover_txt_color=\u00bb#ffffff\u00bb]CONTACTE CON VENTAS[\/mk_button][\/vc_column_inner][vc_column_inner width=\u00bb1\/2&#8243;][\/vc_column_inner][\/vc_row_inner][mk_padding_divider size=\u00bb15&#8243;][\/vc_column][\/vc_row][vc_row column_padding=\u00bb2&#8243;][vc_column width=\u00bb2\/3&#8243;][vc_single_image image=\u00bb1065&#8243; img_size=\u00bb703&#215;376&#8243; style=\u00bbvc_box_rounded\u00bb css=\u00bb.vc_custom_1571154098541{border-radius: 5px !important;}\u00bb][mk_padding_divider][\/vc_column][vc_column width=\u00bb1\/3&#8243; css=\u00bb.vc_custom_1571153834912{padding-top: 20px !important;padding-right: 40px !important;padding-bottom: 20px !important;padding-left: 40px !important;background-color: #46c183 !important;border-radius: 5px !important;}\u00bb][vc_column_text css=\u00bb.vc_custom_1581931400954{margin-bottom: 0px !important;}\u00bb]\n<h2><span style=\"color: #ffffff;\">\u00bfPor qu\u00e9 elegir nuestros moldes?<\/span><\/h2>\n[\/vc_column_text][mk_custom_list icon_color=\u00bb#ffffff\u00bb animation=\u00bbfade-in\u00bb]\n<ul>\n<li><span style=\"color: #ffffff;\">Moldes de queso personalizados.<\/span><\/li>\n<li><span style=\"color: #ffffff;\">Materiales de la m\u00e1s alta calidad.<\/span><\/li>\n<li><span style=\"color: #ffffff;\">Una pasi\u00f3n por entregar queso con la forma perfecta.<\/span><\/li>\n<li><span style=\"color: #ffffff;\">Consejos y apoyo para la vida.<\/span><\/li>\n<li><span style=\"color: #ffffff;\">Entrega y soporte a nivel mundial.<\/span><\/li>\n<\/ul>\n[\/mk_custom_list][mk_padding_divider][\/vc_column][\/vc_row]\n<\/section>","protected":false},"excerpt":{"rendered":"<p>[vc_row][vc_column][mk_padding_divider size=\u00bb80&#8243;][\/vc_column][\/vc_row][vc_row column_padding=\u00bb2&#8243;][vc_column width=\u00bb1\/2&#8243;][vc_gallery type=\u00bbflexslider_slide\u00bb interval=\u00bb3&#8243; images=\u00bb1392,1397,1402,1407,1412,1417&#8243; img_size=\u00bbfull\u00bb][\/vc_column][vc_column width=\u00bb1\/2&#8243;][vc_column_text css=\u00bb.vc_custom_1581931369309{margin-bottom: 0px !important;}\u00bb] Especificaciones t\u00e9cnicas de los Moldes individuales Este molde \u00fanico tiene &#8216;perforaci\u00f3n protegida&#8217;. La perforaci\u00f3n est\u00e1 protegida contra da\u00f1os y el patr\u00f3n especial tambi\u00e9n fortalece la construcci\u00f3n. Adem\u00e1s, se utiliza un espesor de l\u00e1mina de 15 mm. Los canales de perforaci\u00f3n son bastante cortos: [&hellip;]<\/p>\n","protected":false},"author":1,"featured_media":0,"parent":385,"menu_order":0,"comment_status":"closed","ping_status":"closed","template":"","meta":[],"_links":{"self":[{"href":"https:\/\/www.busqui.com\/es\/wp-json\/wp\/v2\/pages\/1079"}],"collection":[{"href":"https:\/\/www.busqui.com\/es\/wp-json\/wp\/v2\/pages"}],"about":[{"href":"https:\/\/www.busqui.com\/es\/wp-json\/wp\/v2\/types\/page"}],"author":[{"embeddable":true,"href":"https:\/\/www.busqui.com\/es\/wp-json\/wp\/v2\/users\/1"}],"replies":[{"embeddable":true,"href":"https:\/\/www.busqui.com\/es\/wp-json\/wp\/v2\/comments?post=1079"}],"version-history":[{"count":0,"href":"https:\/\/www.busqui.com\/es\/wp-json\/wp\/v2\/pages\/1079\/revisions"}],"up":[{"embeddable":true,"href":"https:\/\/www.busqui.com\/es\/wp-json\/wp\/v2\/pages\/385"}],"wp:attachment":[{"href":"https:\/\/www.busqui.com\/es\/wp-json\/wp\/v2\/media?parent=1079"}],"curies":[{"name":"wp","href":"https:\/\/api.w.org\/{rel}","templated":true}]}}