{"id":10,"date":"2017-03-17T14:23:18","date_gmt":"2017-03-17T14:23:18","guid":{"rendered":"http:\/\/demos.artbees.net\/jupiter5\/ikmaios\/?page_id=10"},"modified":"2021-11-22T14:50:09","modified_gmt":"2021-11-22T14:50:09","slug":"por-que-elegirnos","status":"publish","type":"page","link":"https:\/\/www.busqui.com\/es\/por-que-elegirnos\/","title":{"rendered":"Por qu\u00e9 elegirnos"},"content":{"rendered":"<section class=\"wpb-content-wrapper\">[vc_row fullwidth=\u00bbtrue\u00bb fullwidth_content=\u00bbfalse\u00bb visibility=\u00bbhidden-sm\u00bb css=\u00bb.vc_custom_1637592602329{padding-top: 200px !important;padding-bottom: 200px !important;background-position: center !important;background-repeat: no-repeat !important;background-size: cover !important;}\u00bb][vc_column width=\u00bb1\/3&#8243;][vc_column_text css=\u00bb.vc_custom_1581932355842{margin-bottom: 0px !important;}\u00bb]\n<h1><span style=\"color: #ffffff;\">Por qu\u00e9 elegirnos<\/span><\/h1>\n<p>&nbsp;<\/p>\n<p><span style=\"color: #ffffff;\"><a style=\"color: #ffffff;\" href=\"https:\/\/www.busqui.com\/es\/\">Inicio<\/a> \u00bb<strong> Por qu\u00e9 elegirnos<\/strong><\/span>[\/vc_column_text][\/vc_column][vc_column width=\u00bb1\/3&#8243;][\/vc_column][vc_column width=\u00bb1\/3&#8243;][vc_row_inner is_fullwidth_content=\u00bbfalse\u00bb][vc_column_inner width=\u00bb1\/2&#8243;][mk_font_icons icon=\u00bbmk-moon-phone-2&#8243; color=\u00bb#ffffff\u00bb size=\u00bblarge\u00bb circle=\u00bbtrue\u00bb circle_color=\u00bb#09abb3&#8243; circle_border_color=\u00bb#09abb3&#8243; align=\u00bbcenter\u00bb link=\u00bbtel:+34935880139&#8243;][mk_font_icons icon=\u00bbmk-li-mail\u00bb color=\u00bb#ffffff\u00bb size=\u00bblarge\u00bb circle=\u00bbtrue\u00bb circle_color=\u00bb#09bd93&#8243; circle_border_color=\u00bb#09bd93&#8243; align=\u00bbcenter\u00bb link=\u00bb\/es\/contacto\/\u00bb][\/vc_column_inner][vc_column_inner width=\u00bb1\/2&#8243;][\/vc_column_inner][\/vc_row_inner][\/vc_column][\/vc_row][vc_row fullwidth=\u00bbtrue\u00bb fullwidth_content=\u00bbfalse\u00bb visibility=\u00bbvisible-sm\u00bb css=\u00bb.vc_custom_1637592606672{padding-top: 200px !important;padding-right: 0px !important;padding-bottom: 200px !important;background-position: center !important;background-repeat: no-repeat !important;background-size: cover !important;}\u00bb][vc_column width=\u00bb1\/3&#8243;][vc_column_text css=\u00bb.vc_custom_1581932374834{margin-bottom: 0px !important;}\u00bb]\n<h1><span style=\"color: #ffffff;\">Por qu\u00e9 elegirnos<\/span><\/h1>\n<p>&nbsp;<\/p>\n<p><span style=\"color: #ffffff;\"><a style=\"color: #ffffff;\" href=\"https:\/\/www.busqui.com\/es\/\">Inicio<\/a> \u00bb<strong> Por qu\u00e9 elegirnos<\/strong><\/span>[\/vc_column_text][\/vc_column][vc_column width=\u00bb1\/3&#8243;][vc_row_inner is_fullwidth_content=\u00bbfalse\u00bb][vc_column_inner][mk_font_icons icon=\u00bbmk-moon-phone-2&#8243; color=\u00bb#ffffff\u00bb size=\u00bblarge\u00bb circle=\u00bbtrue\u00bb circle_color=\u00bb#09abb3&#8243; circle_border_color=\u00bb#09abb3&#8243; align=\u00bbcenter\u00bb link=\u00bbtel:+34935880139&#8243;][\/vc_column_inner][\/vc_row_inner][\/vc_column][vc_column width=\u00bb1\/3&#8243;][vc_row_inner is_fullwidth_content=\u00bbfalse\u00bb][vc_column_inner][mk_font_icons icon=\u00bbmk-li-mail\u00bb color=\u00bb#ffffff\u00bb size=\u00bblarge\u00bb circle=\u00bbtrue\u00bb circle_color=\u00bb#09bd93&#8243; circle_border_color=\u00bb#09bd93&#8243; align=\u00bbcenter\u00bb link=\u00bb\/es\/contacto\/\u00bb][\/vc_column_inner][\/vc_row_inner][\/vc_column][\/vc_row][vc_row][vc_column][mk_padding_divider size=\u00bb60&#8243;][\/vc_column][\/vc_row][vc_row][vc_column width=\u00bb6\/12&#8243;][mk_image src=\u00bbhttps:\/\/www.busqui.com\/wp-content\/uploads\/2019\/06\/busqui3134.jpg\u00bb image_size=\u00bbfull\u00bb margin_bottom=\u00bb0&#8243;][\/vc_column][vc_column width=\u00bb1\/12&#8243;][\/vc_column][vc_column width=\u00bb5\/12&#8243;][mk_fancy_title tag_name=\u00bbh3&#8243; color=\u00bb#353535&#8243; size=\u00bb20&#8243; font_weight=\u00bb400&#8243; txt_transform=\u00bbcapitalize\u00bb letter_spacing=\u00bb1&#8243; margin_bottom=\u00bb0&#8243; font_family=\u00bbnone\u00bb responsive_align=\u00bbleft\u00bb]\n<h3><strong>DISE\u00d1O<\/strong><\/h3>\n[\/mk_fancy_title][vc_column_text css=\u00bb.vc_custom_1581932442360{margin-bottom: 0px !important;}\u00bb]Mecanizados Busqu\u00ed, SL desarrolla y produce todas las fases de producci\u00f3n de moldes, desde herramientas o herramientas, pasando por inyecci\u00f3n, microperforaci\u00f3n y mecanizado posterior.<\/p>\n<p>Nuestro molde es el \u00fanico hecho en una sola pieza, adaptando las medidas internas y externas del molde a las necesidades del cliente.<\/p>\n<p>Nuestro dise\u00f1o exclusivo permite obtener una mejor limpieza evitando la acumulaci\u00f3n de residuos en soldaduras o conjuntos y al mismo tiempo mayor durabilidad ya que al ser de una sola pieza no tenemos puntos d\u00e9biles.<\/p>\n<p>El resultado es que podemos proporcionar al cliente atenci\u00f3n personalizada en cualquier proyecto que desee llevar a cabo.[\/vc_column_text][\/vc_column][\/vc_row][vc_row][vc_column][mk_padding_divider size=\u00bb100&#8243;][\/vc_column][\/vc_row][vc_row css=\u00bb.vc_custom_1575365055206{background-position: center !important;background-repeat: no-repeat !important;background-size: cover !important;}\u00bb][vc_column width=\u00bb6\/12&#8243;][mk_fancy_title tag_name=\u00bbh3&#8243; color=\u00bb#353535&#8243; size=\u00bb20&#8243; font_weight=\u00bb400&#8243; txt_transform=\u00bbcapitalize\u00bb letter_spacing=\u00bb1&#8243; margin_bottom=\u00bb0&#8243; font_family=\u00bbnone\u00bb responsive_align=\u00bbleft\u00bb]\n<h3><strong>TRAMA<\/strong><\/h3>\n[\/mk_fancy_title][vc_column_text css=\u00bb.vc_custom_1581932452255{margin-bottom: 0px !important;}\u00bb]Desarrollamos Marcos Exclusivos adapt\u00e1ndolos a las dimensiones del molde y al tipo de queso que desee el cliente, siempre teniendo en cuenta los m\u00e1s adecuados para un mejor desuere y cierre de la corteza del queso, aunque la diversidad de marcos supone una mayor inversi\u00f3n en Investigaci\u00f3n y desarrollo por M. Busqu\u00ed SL<\/p>\n<p>El resultado es un queso bien cerrado con un nivel m\u00ednimo de marcado que da la apariencia de haberlo hecho con un pa\u00f1o.[\/vc_column_text][\/vc_column][vc_column width=\u00bb1\/12&#8243;][\/vc_column][vc_column width=\u00bb5\/12&#8243;][mk_image src=\u00bbhttps:\/\/www.busqui.com\/wp-content\/uploads\/2019\/05\/busqui3088.jpg\u00bb image_size=\u00bbfull\u00bb margin_bottom=\u00bb0&#8243;][\/vc_column][\/vc_row][vc_row][vc_column][mk_padding_divider size=\u00bb100&#8243;][\/vc_column][\/vc_row][vc_row][vc_column width=\u00bb6\/12&#8243;][mk_image src=\u00bbhttps:\/\/www.busqui.com\/wp-content\/uploads\/2019\/05\/busqui3156.jpg\u00bb image_size=\u00bbfull\u00bb margin_bottom=\u00bb0&#8243;][\/vc_column][vc_column width=\u00bb1\/12&#8243;][\/vc_column][vc_column width=\u00bb5\/12&#8243;][mk_fancy_title tag_name=\u00bbh3&#8243; color=\u00bb#353535&#8243; size=\u00bb20&#8243; font_weight=\u00bb400&#8243; txt_transform=\u00bbcapitalize\u00bb letter_spacing=\u00bb1&#8243; margin_bottom=\u00bb0&#8243; font_family=\u00bbnone\u00bb responsive_align=\u00bbleft\u00bb]\n<h3><strong>MICROPERFORACI\u00d3N<\/strong><\/h3>\n[\/mk_fancy_title][vc_column_text css=\u00bb.vc_custom_1581932485751{margin-bottom: 0px !important;}\u00bb]El material pl\u00e1stico est\u00e1 formado internamente por mol\u00e9culas en forma de diamante, d\u00e1ndole sus propias caracter\u00edsticas: elasticidad, densidad y resistencia.<\/p>\n<p>De nuestra experiencia y estudios, hemos seleccionado un tipo de pl\u00e1stico que, despu\u00e9s de la microperforaci\u00f3n, crea una rebaba m\u00ednima y mantiene el di\u00e1metro del microporo a lo largo del tiempo.<\/p>\n<p>Para una mayor eficiencia, nuestra microperforaci\u00f3n se realiza en un \u00e1ngulo de 45\u00ba evitando la rotura de la cadena qu\u00edmica de nuestra materia prima y la consecuente rotura del molde.<\/p>\n<p>Asimismo, nuestro Departamento T\u00e9cnico puede ajustar el di\u00e1metro de la microperforaci\u00f3n entre 0,4 y 0,8 mm.\u00a0Dependiendo del tipo de queso que el cliente desee obtener.<\/p>\n<p>Traducido a la pr\u00e1ctica, nuestro m\u00e9todo de microperforaci\u00f3n proporciona mayor durabilidad y estabilidad mec\u00e1nica.[\/vc_column_text][\/vc_column][\/vc_row][vc_row][vc_column][mk_padding_divider size=\u00bb100&#8243;][\/vc_column][\/vc_row][vc_row][vc_column width=\u00bb6\/12&#8243;][mk_fancy_title tag_name=\u00bbh3&#8243; color=\u00bb#353535&#8243; size=\u00bb20&#8243; font_weight=\u00bb400&#8243; txt_transform=\u00bbcapitalize\u00bb letter_spacing=\u00bb1&#8243; margin_bottom=\u00bb0&#8243; font_family=\u00bbnone\u00bb responsive_align=\u00bbleft\u00bb]\n<h3><strong>MATERIA PRIMA<\/strong><\/h3>\n[\/mk_fancy_title][vc_column_text css=\u00bb.vc_custom_1581932504199{margin-bottom: 0px !important;}\u00bb]Podemos inyectar nuestros moldes tanto en PE (polietileno) como en PP (polipropileno), siempre pensando en el material m\u00e1s adecuado para el molde que el cliente necesita.<\/p>\n<p>La calidad de ambos materiales es de alta gama, completamente virgen y suministrada por multinacionales como Basf, BP y Shell.<\/p>\n<p>Los dos tipos de pl\u00e1stico son adecuados para entrar en contacto con alimentos de conformidad con la normativa de la CEE y la espa\u00f1ola EN EL MOMENTO QUE NORMATIVO 3A DE LOS ESTADOS UNIDOS DE AM\u00c9RICA.[\/vc_column_text][\/vc_column][vc_column width=\u00bb1\/12&#8243;][\/vc_column][vc_column width=\u00bb5\/12&#8243;][mk_image src=\u00bbhttps:\/\/www.busqui.com\/wp-content\/uploads\/2019\/06\/busqui3141.jpg\u00bb image_size=\u00bbfull\u00bb margin_bottom=\u00bb0&#8243;][\/vc_column][\/vc_row][vc_row][vc_column][mk_padding_divider size=\u00bb100&#8243;][\/vc_column][\/vc_row][vc_row][vc_column width=\u00bb6\/12&#8243;][mk_image src=\u00bbhttps:\/\/www.busqui.com\/wp-content\/uploads\/2019\/06\/busqui3150.jpg\u00bb image_size=\u00bbfull\u00bb margin_bottom=\u00bb0&#8243;][\/vc_column][vc_column width=\u00bb1\/12&#8243;][\/vc_column][vc_column width=\u00bb5\/12&#8243;][mk_fancy_title tag_name=\u00bbh3&#8243; color=\u00bb#353535&#8243; size=\u00bb20&#8243; font_weight=\u00bb400&#8243; txt_transform=\u00bbcapitalize\u00bb letter_spacing=\u00bb1&#8243; margin_bottom=\u00bb0&#8243; font_family=\u00bbnone\u00bb responsive_align=\u00bbleft\u00bb]\n<h3 class=\"one-half\"><strong>LOGOS Y MARCAS DE PRODUCCI\u00d3N<\/strong><\/h3>\n[\/mk_fancy_title][vc_column_text css=\u00bb.vc_custom_1581932526407{margin-bottom: 0px !important;}\u00bb]Busqu\u00ed puede crear una matriz \u00fanica para su queso.\u00a0De esta manera, podemos grabar el logotipo o la marca que desee en el molde.<\/p>\n<p>Actualmente, establecer la trazabilidad de la producci\u00f3n de queso se est\u00e1 convirtiendo en algo necesario tanto para garantizar la calidad de los productos como para ser competitivos con otras marcas similares.\u00a0Por lo tanto, Busqu\u00ed le ofrece muchas identidades, gracias a una gran variedad de formas y colores, ya sean est\u00e1ndar o personalizados para su marca.<br \/>\nProponemos numeraci\u00f3n secuencial, adaptable a su tipo de fabricaci\u00f3n y tambi\u00e9n al nuevo formato Data Matrix, innovador en el mercado y que funciona como un c\u00f3digo de barras.[\/vc_column_text][\/vc_column][\/vc_row][vc_row][vc_column][mk_padding_divider size=\u00bb100&#8243;][\/vc_column][\/vc_row][vc_row][vc_column width=\u00bb6\/12&#8243;][mk_fancy_title tag_name=\u00bbh3&#8243; color=\u00bb#353535&#8243; size=\u00bb20&#8243; font_weight=\u00bb400&#8243; txt_transform=\u00bbcapitalize\u00bb letter_spacing=\u00bb1&#8243; margin_bottom=\u00bb0&#8243; font_family=\u00bbnone\u00bb responsive_align=\u00bbleft\u00bb]\n<h3 class=\"one-half\"><strong>ACABADOS<\/strong><\/h3>\n[\/mk_fancy_title][vc_column_text css=\u00bb.vc_custom_1581932549775{margin-bottom: 0px !important;}\u00bb]Los productores de queso generalmente encuentran el problema de que al adquirir un nuevo molde, su queso tiende a adherirse a sus paredes, lo que dificulta el desmoldeo y, en muchas ocasiones, hace que el queso finalmente se rompa.<\/p>\n<p>Como pioneros en este campo, hemos desarrollado un tratamiento qu\u00edmico exclusivo que proporciona suavidad a la pared del molde evitando la rotura del queso durante el desmoldeo y aplic\u00e1ndolo sistem\u00e1ticamente en cada pedido pensando en las necesidades del cliente.[\/vc_column_text][\/vc_column][vc_column width=\u00bb1\/12&#8243;][\/vc_column][vc_column width=\u00bb5\/12&#8243;][mk_image src=\u00bbhttps:\/\/www.busqui.com\/wp-content\/uploads\/2019\/05\/busqui3070.jpg\u00bb image_size=\u00bbfull\u00bb margin_bottom=\u00bb0&#8243;][\/vc_column][\/vc_row][vc_row][vc_column][mk_padding_divider size=\u00bb100&#8243;][\/vc_column][\/vc_row][vc_row column_padding=\u00bb2&#8243;][vc_column width=\u00bb2\/3&#8243;][vc_single_image image=\u00bb1065&#8243; img_size=\u00bb703&#215;376&#8243; style=\u00bbvc_box_rounded\u00bb css=\u00bb.vc_custom_1571154098541{border-radius: 5px !important;}\u00bb][mk_padding_divider][\/vc_column][vc_column width=\u00bb1\/3&#8243; css=\u00bb.vc_custom_1571153834912{padding-top: 20px !important;padding-right: 40px !important;padding-bottom: 20px !important;padding-left: 40px !important;background-color: #46c183 !important;border-radius: 5px !important;}\u00bb][vc_column_text css=\u00bb.vc_custom_1581932560197{margin-bottom: 0px !important;}\u00bb]\n<h2><span style=\"color: #ffffff;\">\u00bfPor qu\u00e9 elegir nuestros moldes?<\/span><\/h2>\n[\/vc_column_text][mk_custom_list icon_color=\u00bb#ffffff\u00bb animation=\u00bbfade-in\u00bb]\n<ul>\n<li><span style=\"color: #ffffff;\">Moldes de queso personalizados.<\/span><\/li>\n<li><span style=\"color: #ffffff;\">Materiales de la m\u00e1s alta calidad.<\/span><\/li>\n<li><span style=\"color: #ffffff;\">Una pasi\u00f3n por entregar queso con la forma perfecta.<\/span><\/li>\n<li><span style=\"color: #ffffff;\">Consejos y apoyo para la vida.<\/span><\/li>\n<li><span style=\"color: #ffffff;\">Entrega y soporte a nivel mundial.<\/span><\/li>\n<\/ul>\n[\/mk_custom_list][mk_padding_divider][\/vc_column][\/vc_row]\n<\/section>","protected":false},"excerpt":{"rendered":"<p>[vc_row fullwidth=\u00bbtrue\u00bb fullwidth_content=\u00bbfalse\u00bb visibility=\u00bbhidden-sm\u00bb css=\u00bb.vc_custom_1637592602329{padding-top: 200px !important;padding-bottom: 200px !important;background-position: center !important;background-repeat: no-repeat !important;background-size: cover !important;}\u00bb][vc_column width=\u00bb1\/3&#8243;][vc_column_text css=\u00bb.vc_custom_1581932355842{margin-bottom: 0px !important;}\u00bb] Por qu\u00e9 elegirnos &nbsp; Inicio \u00bb Por qu\u00e9 elegirnos[\/vc_column_text][\/vc_column][vc_column width=\u00bb1\/3&#8243;][\/vc_column][vc_column width=\u00bb1\/3&#8243;][vc_row_inner is_fullwidth_content=\u00bbfalse\u00bb][vc_column_inner width=\u00bb1\/2&#8243;][mk_font_icons icon=\u00bbmk-moon-phone-2&#8243; color=\u00bb#ffffff\u00bb size=\u00bblarge\u00bb circle=\u00bbtrue\u00bb circle_color=\u00bb#09abb3&#8243; circle_border_color=\u00bb#09abb3&#8243; align=\u00bbcenter\u00bb link=\u00bbtel:+34935880139&#8243;][mk_font_icons icon=\u00bbmk-li-mail\u00bb color=\u00bb#ffffff\u00bb size=\u00bblarge\u00bb circle=\u00bbtrue\u00bb circle_color=\u00bb#09bd93&#8243; circle_border_color=\u00bb#09bd93&#8243; align=\u00bbcenter\u00bb link=\u00bb\/es\/contacto\/\u00bb][\/vc_column_inner][vc_column_inner width=\u00bb1\/2&#8243;][\/vc_column_inner][\/vc_row_inner][\/vc_column][\/vc_row][vc_row fullwidth=\u00bbtrue\u00bb fullwidth_content=\u00bbfalse\u00bb visibility=\u00bbvisible-sm\u00bb css=\u00bb.vc_custom_1637592606672{padding-top: 200px !important;padding-right: [&hellip;]<\/p>\n","protected":false},"author":1,"featured_media":0,"parent":0,"menu_order":0,"comment_status":"closed","ping_status":"closed","template":"","meta":[],"_links":{"self":[{"href":"https:\/\/www.busqui.com\/es\/wp-json\/wp\/v2\/pages\/10"}],"collection":[{"href":"https:\/\/www.busqui.com\/es\/wp-json\/wp\/v2\/pages"}],"about":[{"href":"https:\/\/www.busqui.com\/es\/wp-json\/wp\/v2\/types\/page"}],"author":[{"embeddable":true,"href":"https:\/\/www.busqui.com\/es\/wp-json\/wp\/v2\/users\/1"}],"replies":[{"embeddable":true,"href":"https:\/\/www.busqui.com\/es\/wp-json\/wp\/v2\/comments?post=10"}],"version-history":[{"count":0,"href":"https:\/\/www.busqui.com\/es\/wp-json\/wp\/v2\/pages\/10\/revisions"}],"wp:attachment":[{"href":"https:\/\/www.busqui.com\/es\/wp-json\/wp\/v2\/media?parent=10"}],"curies":[{"name":"wp","href":"https:\/\/api.w.org\/{rel}","templated":true}]}}