{"id":2288,"date":"2019-05-06T10:02:19","date_gmt":"2019-05-06T10:02:19","guid":{"rendered":"https:\/\/www.busqui.com\/individual-moulds\/gouda-type-moulds\/"},"modified":"2020-02-17T15:32:04","modified_gmt":"2020-02-17T15:32:04","slug":"gouda-type-formen","status":"publish","type":"page","link":"https:\/\/www.busqui.com\/de\/individuelle-formen\/gouda-type-formen\/","title":{"rendered":"GOUDA TYPE FORMEN"},"content":{"rendered":"<section class=\"wpb-content-wrapper\">[vc_row][vc_column][mk_padding_divider size=&#8220;80&#8243;][\/vc_column][\/vc_row][vc_row column_padding=&#8220;2&#8243;][vc_column width=&#8220;1\/2&#8243;][vc_gallery type=&#8220;flexslider_slide&#8220; interval=&#8220;3&#8243; images=&#8220;1289,1294,1299&#8243; img_size=&#8220;full&#8220;][\/vc_column][vc_column width=&#8220;1\/2&#8243;][vc_column_text css=&#8220;.vc_custom_1581953170208{margin-bottom: 0px !important;}&#8220;]\n<h2>Technische Daten Einzelformen<\/h2>\n<p>Diese einzelne Form hat eine &#8222;gesch\u00fctzte Perforation&#8220;.\u00a0Die Perforation ist vor Besch\u00e4digungen gesch\u00fctzt und das spezielle Muster st\u00e4rkt auch die Konstruktion.\u00a0Daneben wird eine Blechdicke von 15 mm verwendet.\u00a0Die Perforationskan\u00e4le sind eher kurz: nur 3 mm.\u00a0F\u00fcr Reinigungszwecke ist dies ideal, die Wahrscheinlichkeit einer blockierten Perforation wird vernachl\u00e4ssigbar[\/vc_column_text][mk_padding_divider size=&#8220;25&#8243;][vc_row_inner attached=&#8220;true&#8220;][vc_column_inner width=&#8220;1\/2&#8243;][mk_button dimension=&#8220;flat&#8220; corner_style=&#8220;rounded&#8220; size=&#8220;large&#8220; icon=&#8220;mk-icon-cloud-download&#8220; url=&#8220;\/wp-content\/uploads\/2020\/02\/gouda-type-moulds.pdf&#8220; target=&#8220;_blank&#8220; margin_right=&#8220;0&#8243; bg_color=&#8220;#09bd93&#8243; btn_hover_bg=&#8220;#09abb3&#8243; btn_hover_txt_color=&#8220;#ffffff&#8220;]DATENBLATT TABELLE[\/mk_button][mk_button dimension=&#8220;flat&#8220; corner_style=&#8220;rounded&#8220; size=&#8220;large&#8220; icon=&#8220;mk-icon-phone&#8220; url=&#8220;\/de\/kontakt&#8220; margin_right=&#8220;0&#8243; bg_color=&#8220;#09abb3&#8243; btn_hover_bg=&#8220;#09bd93&#8243; btn_hover_txt_color=&#8220;#ffffff&#8220;]KONTAKT VERTRIEB[\/mk_button][\/vc_column_inner][vc_column_inner width=&#8220;1\/2&#8243;][\/vc_column_inner][\/vc_row_inner][mk_padding_divider size=&#8220;15&#8243;][\/vc_column][\/vc_row][vc_row][vc_column][mk_padding_divider size=&#8220;100&#8243;][\/vc_column][\/vc_row][vc_row column_padding=&#8220;2&#8243;][vc_column width=&#8220;2\/3&#8243;][vc_single_image image=&#8220;1065&#8243; img_size=&#8220;703&#215;376&#8243; style=&#8220;vc_box_rounded&#8220; css=&#8220;.vc_custom_1571154098541{border-radius: 5px !important;}&#8220;][mk_padding_divider][\/vc_column][vc_column width=&#8220;1\/3&#8243; css=&#8220;.vc_custom_1571153834912{padding-top: 20px !important;padding-right: 40px !important;padding-bottom: 20px !important;padding-left: 40px !important;background-color: #46c183 !important;border-radius: 5px !important;}&#8220;][vc_column_text css=&#8220;.vc_custom_1581951656243{margin-bottom: 0px !important;}&#8220;]\n<h2><span style=\"color: #ffffff;\">Warum unsere Formen w\u00e4hlen?<\/span><\/h2>\n[\/vc_column_text][mk_custom_list icon_color=&#8220;#ffffff&#8220; animation=&#8220;fade-in&#8220;]\n<ul>\n<li><span style=\"color: #ffffff;\">Kundenspezifische K\u00e4seformen.<\/span><\/li>\n<li><span style=\"color: #ffffff;\">Materialien von h\u00f6chster Qualit\u00e4t.<\/span><\/li>\n<li><span style=\"color: #ffffff;\">Eine Leidenschaft f\u00fcr die Lieferung von K\u00e4se mit der perfekten Form.<\/span><\/li>\n<li><span style=\"color: #ffffff;\">Tipps und Unterst\u00fctzung f\u00fcrs Leben.<\/span><\/li>\n<li><span style=\"color: #ffffff;\">Weltweite Lieferung und Support.<\/span><\/li>\n<\/ul>\n[\/mk_custom_list][mk_padding_divider][\/vc_column][\/vc_row]\n<\/section>","protected":false},"excerpt":{"rendered":"<p>[vc_row][vc_column][mk_padding_divider size=&#8220;80&#8243;][\/vc_column][\/vc_row][vc_row column_padding=&#8220;2&#8243;][vc_column width=&#8220;1\/2&#8243;][vc_gallery type=&#8220;flexslider_slide&#8220; interval=&#8220;3&#8243; images=&#8220;1289,1294,1299&#8243; img_size=&#8220;full&#8220;][\/vc_column][vc_column width=&#8220;1\/2&#8243;][vc_column_text css=&#8220;.vc_custom_1581953170208{margin-bottom: 0px !important;}&#8220;] Technische Daten Einzelformen Diese einzelne Form hat eine &#8222;gesch\u00fctzte Perforation&#8220;.\u00a0Die Perforation ist vor Besch\u00e4digungen gesch\u00fctzt und das spezielle Muster st\u00e4rkt auch die Konstruktion.\u00a0Daneben wird eine Blechdicke von 15 mm verwendet.\u00a0Die Perforationskan\u00e4le sind eher kurz: nur 3 mm.\u00a0F\u00fcr Reinigungszwecke ist dies ideal, die Wahrscheinlichkeit [&hellip;]<\/p>\n","protected":false},"author":1,"featured_media":0,"parent":2237,"menu_order":0,"comment_status":"closed","ping_status":"closed","template":"","meta":[],"_links":{"self":[{"href":"https:\/\/www.busqui.com\/de\/wp-json\/wp\/v2\/pages\/2288"}],"collection":[{"href":"https:\/\/www.busqui.com\/de\/wp-json\/wp\/v2\/pages"}],"about":[{"href":"https:\/\/www.busqui.com\/de\/wp-json\/wp\/v2\/types\/page"}],"author":[{"embeddable":true,"href":"https:\/\/www.busqui.com\/de\/wp-json\/wp\/v2\/users\/1"}],"replies":[{"embeddable":true,"href":"https:\/\/www.busqui.com\/de\/wp-json\/wp\/v2\/comments?post=2288"}],"version-history":[{"count":0,"href":"https:\/\/www.busqui.com\/de\/wp-json\/wp\/v2\/pages\/2288\/revisions"}],"up":[{"embeddable":true,"href":"https:\/\/www.busqui.com\/de\/wp-json\/wp\/v2\/pages\/2237"}],"wp:attachment":[{"href":"https:\/\/www.busqui.com\/de\/wp-json\/wp\/v2\/media?parent=2288"}],"curies":[{"name":"wp","href":"https:\/\/api.w.org\/{rel}","templated":true}]}}