{"id":2274,"date":"2018-11-28T09:14:15","date_gmt":"2018-11-28T09:14:15","guid":{"rendered":"https:\/\/www.busqui.com\/moulds-for-fresh-cheese\/"},"modified":"2020-02-17T15:37:24","modified_gmt":"2020-02-17T15:37:24","slug":"formen-fuer-frischen-kaese","status":"publish","type":"page","link":"https:\/\/www.busqui.com\/de\/formen-fuer-frischen-kaese\/","title":{"rendered":"Mehrfachformen f\u00fcr Frischk\u00e4se"},"content":{"rendered":"<section class=\"wpb-content-wrapper\">[vc_row][vc_column][vc_row_inner][vc_column_inner css=&#8220;.vc_custom_1557138864902{margin-right: 0px !important;margin-left: 0px !important;padding-right: 0px !important;padding-left: 0px !important;}&#8220;][mk_padding_divider size=&#8220;100&#8243;][\/vc_column_inner][\/vc_row_inner][\/vc_column][\/vc_row][vc_row column_padding=&#8220;2&#8243;][vc_column width=&#8220;1\/2&#8243;][vc_images_carousel images=&#8220;1526,1531,1536&#8243; img_size=&#8220;full&#8220; css_animation=&#8220;fadeIn&#8220;][\/vc_column][vc_column width=&#8220;1\/2&#8243;][mk_fancy_title size=&#8220;34&#8243; font_weight=&#8220;500&#8243; font_style=&#8220;normal&#8220; margin_top=&#8220;20&#8243; font_family=&#8220;none&#8220;]<span style=\"font-family: Futura; font-size: 32px;\">Multiformen ohne Tablett<\/span>[\/mk_fancy_title][vc_column_text el_class=&#8220;justify&#8220; css=&#8220;.vc_custom_1581952759984{margin-bottom: 0px !important;}&#8220;]Busqui bietet eine gro\u00dfe Auswahl an Formen f\u00fcr Frischk\u00e4se, H\u00fcttenk\u00e4se und andere Spezialit\u00e4ten, bei denen der Kunde je nach Bedarf aus einer Vielzahl von Abmessungen und Formen w\u00e4hlen kann.<br \/>\nEbenso erm\u00f6glichen diese Formen ihre Montage in Mehrfachformen, die zusammen mit Zubeh\u00f6r wie Quarkverteilern, Edelstahldrehern und nat\u00fcrlich unseren Quarkf\u00fcllmaschinen eine hohe Produktivleistung und eine hervorragende Zeit- und Produktersparnis bieten.[\/vc_column_text][mk_padding_divider size=&#8220;25&#8243;][vc_row_inner attached=&#8220;true&#8220;][vc_column_inner width=&#8220;1\/2&#8243;][mk_button dimension=&#8220;flat&#8220; corner_style=&#8220;rounded&#8220; size=&#8220;large&#8220; icon=&#8220;mk-icon-phone&#8220; url=&#8220;\/de\/kontakt&#8220; margin_right=&#8220;0&#8243; bg_color=&#8220;#09abb3&#8243; btn_hover_bg=&#8220;#09bd93&#8243; btn_hover_txt_color=&#8220;#ffffff&#8220;]Kontakt Vertrieb[\/mk_button][\/vc_column_inner][vc_column_inner width=&#8220;1\/2&#8243;][\/vc_column_inner][\/vc_row_inner][mk_padding_divider size=&#8220;15&#8243;][\/vc_column][\/vc_row][vc_row][vc_column][mk_padding_divider size=&#8220;100&#8243;][\/vc_column][\/vc_row][vc_row column_padding=&#8220;2&#8243;][vc_column width=&#8220;2\/3&#8243;][vc_single_image image=&#8220;1065&#8243; img_size=&#8220;703&#215;376&#8243; style=&#8220;vc_box_rounded&#8220; css=&#8220;.vc_custom_1571154098541{border-radius: 5px !important;}&#8220;][mk_padding_divider][\/vc_column][vc_column width=&#8220;1\/3&#8243; css=&#8220;.vc_custom_1571153834912{padding-top: 20px !important;padding-right: 40px !important;padding-bottom: 20px !important;padding-left: 40px !important;background-color: #46c183 !important;border-radius: 5px !important;}&#8220;][vc_column_text css=&#8220;.vc_custom_1581951656243{margin-bottom: 0px !important;}&#8220;]\n<h2><span style=\"color: #ffffff;\">Warum unsere Formen w\u00e4hlen?<\/span><\/h2>\n[\/vc_column_text][mk_custom_list icon_color=&#8220;#ffffff&#8220; animation=&#8220;fade-in&#8220;]\n<ul>\n<li><span style=\"color: #ffffff;\">Kundenspezifische K\u00e4seformen.<\/span><\/li>\n<li><span style=\"color: #ffffff;\">Materialien von h\u00f6chster Qualit\u00e4t.<\/span><\/li>\n<li><span style=\"color: #ffffff;\">Eine Leidenschaft f\u00fcr die Lieferung von K\u00e4se mit der perfekten Form.<\/span><\/li>\n<li><span style=\"color: #ffffff;\">Tipps und Unterst\u00fctzung f\u00fcrs Leben.<\/span><\/li>\n<li><span style=\"color: #ffffff;\">Weltweite Lieferung und Support.<\/span><\/li>\n<\/ul>\n[\/mk_custom_list][mk_padding_divider][\/vc_column][\/vc_row]\n<\/section>","protected":false},"excerpt":{"rendered":"<p>[vc_row][vc_column][vc_row_inner][vc_column_inner css=&#8220;.vc_custom_1557138864902{margin-right: 0px !important;margin-left: 0px !important;padding-right: 0px !important;padding-left: 0px !important;}&#8220;][mk_padding_divider size=&#8220;100&#8243;][\/vc_column_inner][\/vc_row_inner][\/vc_column][\/vc_row][vc_row column_padding=&#8220;2&#8243;][vc_column width=&#8220;1\/2&#8243;][vc_images_carousel images=&#8220;1526,1531,1536&#8243; img_size=&#8220;full&#8220; css_animation=&#8220;fadeIn&#8220;][\/vc_column][vc_column width=&#8220;1\/2&#8243;][mk_fancy_title size=&#8220;34&#8243; font_weight=&#8220;500&#8243; font_style=&#8220;normal&#8220; margin_top=&#8220;20&#8243; font_family=&#8220;none&#8220;]Multiformen ohne Tablett[\/mk_fancy_title][vc_column_text el_class=&#8220;justify&#8220; css=&#8220;.vc_custom_1581952759984{margin-bottom: 0px !important;}&#8220;]Busqui bietet eine gro\u00dfe Auswahl an Formen f\u00fcr Frischk\u00e4se, H\u00fcttenk\u00e4se und andere Spezialit\u00e4ten, bei denen der Kunde je nach Bedarf aus einer Vielzahl von Abmessungen und Formen w\u00e4hlen [&hellip;]<\/p>\n","protected":false},"author":1,"featured_media":0,"parent":0,"menu_order":0,"comment_status":"closed","ping_status":"closed","template":"","meta":[],"_links":{"self":[{"href":"https:\/\/www.busqui.com\/de\/wp-json\/wp\/v2\/pages\/2274"}],"collection":[{"href":"https:\/\/www.busqui.com\/de\/wp-json\/wp\/v2\/pages"}],"about":[{"href":"https:\/\/www.busqui.com\/de\/wp-json\/wp\/v2\/types\/page"}],"author":[{"embeddable":true,"href":"https:\/\/www.busqui.com\/de\/wp-json\/wp\/v2\/users\/1"}],"replies":[{"embeddable":true,"href":"https:\/\/www.busqui.com\/de\/wp-json\/wp\/v2\/comments?post=2274"}],"version-history":[{"count":0,"href":"https:\/\/www.busqui.com\/de\/wp-json\/wp\/v2\/pages\/2274\/revisions"}],"wp:attachment":[{"href":"https:\/\/www.busqui.com\/de\/wp-json\/wp\/v2\/media?parent=2274"}],"curies":[{"name":"wp","href":"https:\/\/api.w.org\/{rel}","templated":true}]}}