{"id":2251,"date":"2017-03-17T14:23:18","date_gmt":"2017-03-17T14:23:18","guid":{"rendered":"https:\/\/www.busqui.com\/why-choose-us\/"},"modified":"2021-11-22T11:56:15","modified_gmt":"2021-11-22T11:56:15","slug":"warum-uns-waehlen","status":"publish","type":"page","link":"https:\/\/www.busqui.com\/de\/warum-uns-waehlen\/","title":{"rendered":"Warum uns w\u00e4hlen"},"content":{"rendered":"<section class=\"wpb-content-wrapper\">[vc_row fullwidth=&#8220;true&#8220; fullwidth_content=&#8220;false&#8220; visibility=&#8220;hidden-sm&#8220; css=&#8220;.vc_custom_1637582166371{padding-top: 200px !important;padding-bottom: 200px !important;background-position: center !important;background-repeat: no-repeat !important;background-size: cover !important;}&#8220;][vc_column width=&#8220;1\/3&#8243;][vc_column_text css=&#8220;.vc_custom_1581951475877{margin-bottom: 0px !important;}&#8220;]\n<h1><span style=\"color: #ffffff;\">Warum uns w\u00e4hlen<\/span><\/h1>\n<p>&nbsp;<\/p>\n<p><span style=\"color: #ffffff;\"><a style=\"color: #ffffff;\" href=\"https:\/\/www.busqui.com\/de\/\">Startseite<\/a> \u00bb<strong> Warum uns w\u00e4hlen<\/strong><\/span><\/p>\n[\/vc_column_text][\/vc_column][vc_column width=&#8220;1\/3&#8243;][\/vc_column][vc_column width=&#8220;1\/3&#8243;][vc_row_inner is_fullwidth_content=&#8220;false&#8220;][vc_column_inner width=&#8220;1\/2&#8243;][mk_font_icons icon=&#8220;mk-moon-phone-2&#8243; color=&#8220;#ffffff&#8220; size=&#8220;large&#8220; circle=&#8220;true&#8220; circle_color=&#8220;#09abb3&#8243; circle_border_color=&#8220;#09abb3&#8243; align=&#8220;center&#8220; link=&#8220;tel:+34935880139&#8243;][mk_font_icons icon=&#8220;mk-li-mail&#8220; color=&#8220;#ffffff&#8220; size=&#8220;large&#8220; circle=&#8220;true&#8220; circle_color=&#8220;#09bd93&#8243; circle_border_color=&#8220;#09bd93&#8243; align=&#8220;center&#8220; link=&#8220;https:\/\/www.busqui.com\/de\/kontakt\/&#8220;][\/vc_column_inner][vc_column_inner width=&#8220;1\/2&#8243;][\/vc_column_inner][\/vc_row_inner][\/vc_column][\/vc_row][vc_row fullwidth=&#8220;true&#8220; fullwidth_content=&#8220;false&#8220; visibility=&#8220;visible-sm&#8220; css=&#8220;.vc_custom_1637582172261{padding-top: 200px !important;padding-right: 0px !important;padding-bottom: 200px !important;background-position: center !important;background-repeat: no-repeat !important;background-size: cover !important;}&#8220;][vc_column width=&#8220;1\/3&#8243;][vc_column_text css=&#8220;.vc_custom_1581951494973{margin-bottom: 0px !important;}&#8220;]\n<h1><span style=\"color: #ffffff;\">Warum uns w\u00e4hlen?<\/span><\/h1>\n<p>&nbsp;<\/p>\n<p><span style=\"color: #ffffff;\"><a style=\"color: #ffffff;\" href=\"https:\/\/www.busqui.com\/\">Startseite<\/a> \u00bb<strong> Warum uns w\u00e4hlen?<\/strong><\/span>[\/vc_column_text][\/vc_column][vc_column width=&#8220;1\/3&#8243;][vc_row_inner is_fullwidth_content=&#8220;false&#8220;][vc_column_inner][mk_font_icons icon=&#8220;mk-moon-phone-2&#8243; color=&#8220;#ffffff&#8220; size=&#8220;large&#8220; circle=&#8220;true&#8220; circle_color=&#8220;#09abb3&#8243; circle_border_color=&#8220;#09abb3&#8243; align=&#8220;center&#8220; link=&#8220;tel:+34935880139&#8243;][\/vc_column_inner][\/vc_row_inner][\/vc_column][vc_column width=&#8220;1\/3&#8243;][vc_row_inner is_fullwidth_content=&#8220;false&#8220;][vc_column_inner][mk_font_icons icon=&#8220;mk-li-mail&#8220; color=&#8220;#ffffff&#8220; size=&#8220;large&#8220; circle=&#8220;true&#8220; circle_color=&#8220;#09bd93&#8243; circle_border_color=&#8220;#09bd93&#8243; align=&#8220;center&#8220; link=&#8220;https:\/\/www.busqui.com\/de\/kontakt\/&#8220;][\/vc_column_inner][\/vc_row_inner][\/vc_column][\/vc_row][vc_row][vc_column][mk_padding_divider size=&#8220;60&#8243;][\/vc_column][\/vc_row][vc_row][vc_column width=&#8220;6\/12&#8243;][mk_image src=&#8220;https:\/\/www.busqui.com\/wp-content\/uploads\/2019\/06\/busqui3134.jpg&#8220; image_size=&#8220;full&#8220; margin_bottom=&#8220;0&#8243;][\/vc_column][vc_column width=&#8220;1\/12&#8243;][\/vc_column][vc_column width=&#8220;5\/12&#8243;][mk_fancy_title tag_name=&#8220;h3&#8243; color=&#8220;#353535&#8243; size=&#8220;20&#8243; font_weight=&#8220;400&#8243; txt_transform=&#8220;capitalize&#8220; letter_spacing=&#8220;1&#8243; margin_bottom=&#8220;0&#8243; font_family=&#8220;none&#8220; responsive_align=&#8220;left&#8220;]\n<h3><strong>DESIGN<\/strong><\/h3>\n[\/mk_fancy_title][vc_column_text css=&#8220;.vc_custom_1581951548204{margin-bottom: 0px !important;}&#8220;]Mecanizados Busqu\u00ed, SL entwickelt und produziert alle Phasen der Formenherstellung von Werkzeugen oder Werkzeugen \u00fcber Spritzen, Mikroperforieren bis hin zur anschlie\u00dfenden Bearbeitung.<\/p>\n<p>Unsere Form ist die einzige in einem St\u00fcck, die sowohl interne als auch externe Ma\u00dfnahmen der Form an die Bed\u00fcrfnisse des Kunden anpasst.<\/p>\n<p>Unser exklusives Design erm\u00f6glicht eine bessere Reinigung, um die Ansammlung von R\u00fcckst\u00e4nden in Schwei\u00dfn\u00e4hten oder Baugruppen zu vermeiden und gleichzeitig eine l\u00e4ngere Lebensdauer zu gew\u00e4hrleisten, da wir aus einem St\u00fcck bestehen und keine Schwachstellen aufweisen.<\/p>\n<p>Das Ergebnis ist, dass wir dem Kunden bei jedem Projekt, das er durchf\u00fchren m\u00f6chte, pers\u00f6nliche Aufmerksamkeit schenken k\u00f6nnen.[\/vc_column_text][\/vc_column][\/vc_row][vc_row][vc_column][mk_padding_divider size=&#8220;100&#8243;][\/vc_column][\/vc_row][vc_row css=&#8220;.vc_custom_1575365055206{background-position: center !important;background-repeat: no-repeat !important;background-size: cover !important;}&#8220;][vc_column width=&#8220;6\/12&#8243;][mk_fancy_title tag_name=&#8220;h3&#8243; color=&#8220;#353535&#8243; size=&#8220;20&#8243; font_weight=&#8220;400&#8243; txt_transform=&#8220;capitalize&#8220; letter_spacing=&#8220;1&#8243; margin_bottom=&#8220;0&#8243; font_family=&#8220;none&#8220; responsive_align=&#8220;left&#8220;]\n<h3><strong>HANDLUNG<\/strong><\/h3>\n[\/mk_fancy_title][vc_column_text css=&#8220;.vc_custom_1581951567035{margin-bottom: 0px !important;}&#8220;]Wir entwickeln exklusive Rahmen, die sie an die Abmessungen der Form und die vom Kunden gew\u00fcnschte K\u00e4sesorte anpassen, wobei stets die f\u00fcr eine bessere Entnahme und Schlie\u00dfung der K\u00e4sekruste am besten geeigneten ber\u00fccksichtigt werden, obwohl die Vielfalt der Rahmen eine gr\u00f6\u00dfere Investition in voraussetzt Forschung und Entwicklung von M. Busqu\u00ed SL<\/p>\n<p>Das Ergebnis ist ein gut geschlossener K\u00e4se mit einer minimalen Markierung, die den Anschein erweckt, als h\u00e4tte man ihn mit einem Tuch gemacht.[\/vc_column_text][\/vc_column][vc_column width=&#8220;1\/12&#8243;][\/vc_column][vc_column width=&#8220;5\/12&#8243;][mk_image src=&#8220;https:\/\/www.busqui.com\/wp-content\/uploads\/2019\/05\/busqui3088.jpg&#8220; image_size=&#8220;full&#8220; margin_bottom=&#8220;0&#8243;][\/vc_column][\/vc_row][vc_row][vc_column][mk_padding_divider size=&#8220;100&#8243;][\/vc_column][\/vc_row][vc_row][vc_column width=&#8220;6\/12&#8243;][mk_image src=&#8220;https:\/\/www.busqui.com\/wp-content\/uploads\/2019\/05\/busqui3156.jpg&#8220; image_size=&#8220;full&#8220; margin_bottom=&#8220;0&#8243;][\/vc_column][vc_column width=&#8220;1\/12&#8243;][\/vc_column][vc_column width=&#8220;5\/12&#8243;][mk_fancy_title tag_name=&#8220;h3&#8243; color=&#8220;#353535&#8243; size=&#8220;20&#8243; font_weight=&#8220;400&#8243; txt_transform=&#8220;capitalize&#8220; letter_spacing=&#8220;1&#8243; margin_bottom=&#8220;0&#8243; font_family=&#8220;none&#8220; responsive_align=&#8220;left&#8220;]\n<h3><strong>MIKROPERFORATION<\/strong><\/h3>\n[\/mk_fancy_title][vc_column_text css=&#8220;.vc_custom_1581951587635{margin-bottom: 0px !important;}&#8220;]Das Kunststoffmaterial wird intern von rautenf\u00f6rmigen Molek\u00fclen gebildet, was ihm seine eigenen Eigenschaften verleiht: Elastizit\u00e4t, Dichte und Widerstand.<\/p>\n<p>Aus unseren Erfahrungen und Studien haben wir eine Kunststoffart ausgew\u00e4hlt, die nach der Mikroperforation einen minimalen Grat erzeugt und den Mikroporendurchmesser \u00fcber die Zeit beibeh\u00e4lt.<\/p>\n<p>F\u00fcr mehr Effizienz wird unsere Mikroperforation in einem Winkel von 45 \u00b0 durchgef\u00fchrt, um den Bruch der chemischen Kette unseres Rohmaterials und den daraus resultierenden Bruch der Form zu vermeiden.<\/p>\n<p>Ebenso kann unsere technische Abteilung den Durchmesser der Mikroperforation zwischen 0,4 und 0,8 mm einstellen.\u00a0Abh\u00e4ngig von der K\u00e4sesorte, die der Kunde erhalten m\u00f6chte.<\/p>\n<p>In die Praxis umgesetzt, bietet unsere Mikroperforationsmethode eine h\u00f6here Haltbarkeit und mechanische Stabilit\u00e4t.[\/vc_column_text][\/vc_column][\/vc_row][vc_row][vc_column][mk_padding_divider size=&#8220;100&#8243;][\/vc_column][\/vc_row][vc_row][vc_column width=&#8220;6\/12&#8243;][mk_fancy_title tag_name=&#8220;h3&#8243; color=&#8220;#353535&#8243; size=&#8220;20&#8243; font_weight=&#8220;400&#8243; txt_transform=&#8220;capitalize&#8220; letter_spacing=&#8220;1&#8243; margin_bottom=&#8220;0&#8243; font_family=&#8220;none&#8220; responsive_align=&#8220;left&#8220;]\n<h3><strong>ROHSTOFFE<\/strong><\/h3>\n[\/mk_fancy_title][vc_column_text css=&#8220;.vc_custom_1581951608587{margin-bottom: 0px !important;}&#8220;]Wir k\u00f6nnen unsere Formen sowohl in PE (Polyethylen) als auch in PP (Polypropylen) injizieren und dabei immer \u00fcber das am besten geeignete Material f\u00fcr die Form nachdenken, die der Kunde ben\u00f6tigt.<\/p>\n<p>Die Qualit\u00e4t beider Materialien ist hochwertig, v\u00f6llig neu und wird von multinationalen Unternehmen wie Basf, BP und Shell geliefert.<\/p>\n<p>Die beiden Kunststofftypen sind geeignet, um mit Lebensmitteln in \u00dcbereinstimmung mit den Vorschriften der EWG und des Spanischen zu dem Zeitpunkt in Kontakt zu kommen, zu dem NORMATIVE 3A DER VEREINIGTEN STAATEN VON AMERIKA.[\/vc_column_text][\/vc_column][vc_column width=&#8220;1\/12&#8243;][\/vc_column][vc_column width=&#8220;5\/12&#8243;][mk_image src=&#8220;https:\/\/www.busqui.com\/wp-content\/uploads\/2019\/06\/busqui3141.jpg&#8220; image_size=&#8220;full&#8220; margin_bottom=&#8220;0&#8243;][\/vc_column][\/vc_row][vc_row][vc_column][mk_padding_divider size=&#8220;100&#8243;][\/vc_column][\/vc_row][vc_row][vc_column width=&#8220;6\/12&#8243;][mk_image src=&#8220;https:\/\/www.busqui.com\/wp-content\/uploads\/2019\/06\/busqui3150.jpg&#8220; image_size=&#8220;full&#8220; margin_bottom=&#8220;0&#8243;][\/vc_column][vc_column width=&#8220;1\/12&#8243;][\/vc_column][vc_column width=&#8220;5\/12&#8243;][mk_fancy_title tag_name=&#8220;h3&#8243; color=&#8220;#353535&#8243; size=&#8220;20&#8243; font_weight=&#8220;400&#8243; txt_transform=&#8220;capitalize&#8220; letter_spacing=&#8220;1&#8243; margin_bottom=&#8220;0&#8243; font_family=&#8220;none&#8220; responsive_align=&#8220;left&#8220;]\n<h3 class=\"one-half\"><strong>LOGOS UND PRODUKTIONSMARKEN<\/strong><\/h3>\n[\/mk_fancy_title][vc_column_text css=&#8220;.vc_custom_1581951626651{margin-bottom: 0px !important;}&#8220;]Busqu\u00ed kann eine einzigartige Matrix f\u00fcr Ihren K\u00e4se erstellen. Auf diese Weise k\u00f6nnen wir das gew\u00fcnschte Logo oder die gew\u00fcnschte Marke in die Form gravieren.<\/p>\n<p>Derzeit ist es notwendig, die R\u00fcckverfolgbarkeit der K\u00e4seproduktion festzustellen, um sowohl die Qualit\u00e4t der Produkte zu gew\u00e4hrleisten als auch mit anderen \u00e4hnlichen Marken wettbewerbsf\u00e4hig zu sein. Daher bietet Ihnen Busqu\u00ed dank einer gro\u00dfen Auswahl an Formen und Farben, ob standardm\u00e4\u00dfig oder auf Ihre Marke zugeschnitten, viele Identit\u00e4ten.<br \/>\nWir schlagen eine fortlaufende Nummerierung vor, die an Ihre Herstellungsart angepasst werden kann, sowie das neue Data Matrix-Format, das auf dem Markt innovativ ist und als Barcode fungiert.<\/p>\n[\/vc_column_text][\/vc_column][\/vc_row][vc_row][vc_column][mk_padding_divider size=&#8220;100&#8243;][\/vc_column][\/vc_row][vc_row][vc_column width=&#8220;6\/12&#8243;][mk_fancy_title tag_name=&#8220;h3&#8243; color=&#8220;#353535&#8243; size=&#8220;20&#8243; font_weight=&#8220;400&#8243; txt_transform=&#8220;capitalize&#8220; letter_spacing=&#8220;1&#8243; margin_bottom=&#8220;0&#8243; font_family=&#8220;none&#8220; responsive_align=&#8220;left&#8220;]\n<h3 class=\"one-half\"><strong>BEENDET<\/strong><\/h3>\n[\/mk_fancy_title][vc_column_text css=&#8220;.vc_custom_1581951637795{margin-bottom: 0px !important;}&#8220;]K\u00e4seproduzenten haben normalerweise das Problem, dass ihr K\u00e4se beim Erwerb einer neuen Form dazu neigt, an den W\u00e4nden zu haften, das Entformen zu behindern und in vielen F\u00e4llen dazu f\u00fchrt, dass der K\u00e4se endg\u00fcltig bricht.<\/p>\n<p>Als Pioniere auf diesem Gebiet haben wir eine exklusive chemische Behandlung entwickelt, die der Wand der Form Gl\u00e4tte verleiht, das Brechen des K\u00e4ses w\u00e4hrend des Entformens vermeidet und ihn in jeder Bestellung systematisch anwendet, wobei die Bed\u00fcrfnisse des Kunden ber\u00fccksichtigt werden.[\/vc_column_text][\/vc_column][vc_column width=&#8220;1\/12&#8243;][\/vc_column][vc_column width=&#8220;5\/12&#8243;][mk_image src=&#8220;https:\/\/www.busqui.com\/wp-content\/uploads\/2019\/05\/busqui3070.jpg&#8220; image_size=&#8220;full&#8220; margin_bottom=&#8220;0&#8243;][\/vc_column][\/vc_row][vc_row][vc_column][mk_padding_divider size=&#8220;100&#8243;][\/vc_column][\/vc_row][vc_row column_padding=&#8220;2&#8243;][vc_column width=&#8220;2\/3&#8243;][vc_single_image image=&#8220;1065&#8243; img_size=&#8220;703&#215;376&#8243; style=&#8220;vc_box_rounded&#8220; css=&#8220;.vc_custom_1571154098541{border-radius: 5px !important;}&#8220;][mk_padding_divider][\/vc_column][vc_column width=&#8220;1\/3&#8243; css=&#8220;.vc_custom_1571153834912{padding-top: 20px !important;padding-right: 40px !important;padding-bottom: 20px !important;padding-left: 40px !important;background-color: #46c183 !important;border-radius: 5px !important;}&#8220;][vc_column_text css=&#8220;.vc_custom_1581951656243{margin-bottom: 0px !important;}&#8220;]\n<h2><span style=\"color: #ffffff;\">Warum unsere Formen w\u00e4hlen?<\/span><\/h2>\n[\/vc_column_text][mk_custom_list icon_color=&#8220;#ffffff&#8220; animation=&#8220;fade-in&#8220;]\n<ul>\n<li><span style=\"color: #ffffff;\">Kundenspezifische K\u00e4seformen.<\/span><\/li>\n<li><span style=\"color: #ffffff;\">Materialien von h\u00f6chster Qualit\u00e4t.<\/span><\/li>\n<li><span style=\"color: #ffffff;\">Eine Leidenschaft f\u00fcr die Lieferung von K\u00e4se mit der perfekten Form.<\/span><\/li>\n<li><span style=\"color: #ffffff;\">Tipps und Unterst\u00fctzung f\u00fcrs Leben.<\/span><\/li>\n<li><span style=\"color: #ffffff;\">Weltweite Lieferung und Support.<\/span><\/li>\n<\/ul>\n[\/mk_custom_list][mk_padding_divider][\/vc_column][\/vc_row]\n<\/section>","protected":false},"excerpt":{"rendered":"<p>[vc_row fullwidth=&#8220;true&#8220; fullwidth_content=&#8220;false&#8220; visibility=&#8220;hidden-sm&#8220; css=&#8220;.vc_custom_1637582166371{padding-top: 200px !important;padding-bottom: 200px !important;background-position: center !important;background-repeat: no-repeat !important;background-size: cover !important;}&#8220;][vc_column width=&#8220;1\/3&#8243;][vc_column_text css=&#8220;.vc_custom_1581951475877{margin-bottom: 0px !important;}&#8220;] Warum uns w\u00e4hlen &nbsp; Startseite \u00bb Warum uns w\u00e4hlen [\/vc_column_text][\/vc_column][vc_column width=&#8220;1\/3&#8243;][\/vc_column][vc_column width=&#8220;1\/3&#8243;][vc_row_inner is_fullwidth_content=&#8220;false&#8220;][vc_column_inner width=&#8220;1\/2&#8243;][mk_font_icons icon=&#8220;mk-moon-phone-2&#8243; color=&#8220;#ffffff&#8220; size=&#8220;large&#8220; circle=&#8220;true&#8220; circle_color=&#8220;#09abb3&#8243; circle_border_color=&#8220;#09abb3&#8243; align=&#8220;center&#8220; link=&#8220;tel:+34935880139&#8243;][mk_font_icons icon=&#8220;mk-li-mail&#8220; color=&#8220;#ffffff&#8220; size=&#8220;large&#8220; circle=&#8220;true&#8220; circle_color=&#8220;#09bd93&#8243; circle_border_color=&#8220;#09bd93&#8243; align=&#8220;center&#8220; link=&#8220;https:\/\/www.busqui.com\/de\/kontakt\/&#8220;][\/vc_column_inner][vc_column_inner width=&#8220;1\/2&#8243;][\/vc_column_inner][\/vc_row_inner][\/vc_column][\/vc_row][vc_row fullwidth=&#8220;true&#8220; fullwidth_content=&#8220;false&#8220; visibility=&#8220;visible-sm&#8220; css=&#8220;.vc_custom_1637582172261{padding-top: 200px [&hellip;]<\/p>\n","protected":false},"author":1,"featured_media":0,"parent":0,"menu_order":0,"comment_status":"closed","ping_status":"closed","template":"","meta":[],"_links":{"self":[{"href":"https:\/\/www.busqui.com\/de\/wp-json\/wp\/v2\/pages\/2251"}],"collection":[{"href":"https:\/\/www.busqui.com\/de\/wp-json\/wp\/v2\/pages"}],"about":[{"href":"https:\/\/www.busqui.com\/de\/wp-json\/wp\/v2\/types\/page"}],"author":[{"embeddable":true,"href":"https:\/\/www.busqui.com\/de\/wp-json\/wp\/v2\/users\/1"}],"replies":[{"embeddable":true,"href":"https:\/\/www.busqui.com\/de\/wp-json\/wp\/v2\/comments?post=2251"}],"version-history":[{"count":0,"href":"https:\/\/www.busqui.com\/de\/wp-json\/wp\/v2\/pages\/2251\/revisions"}],"wp:attachment":[{"href":"https:\/\/www.busqui.com\/de\/wp-json\/wp\/v2\/media?parent=2251"}],"curies":[{"name":"wp","href":"https:\/\/api.w.org\/{rel}","templated":true}]}}