{"id":2246,"date":"2017-03-17T14:23:05","date_gmt":"2017-03-17T14:23:05","guid":{"rendered":"https:\/\/www.busqui.com\/global-service\/"},"modified":"2020-02-17T14:55:44","modified_gmt":"2020-02-17T14:55:44","slug":"globaler-service","status":"publish","type":"page","link":"https:\/\/www.busqui.com\/de\/globaler-service\/","title":{"rendered":"Globaler Service"},"content":{"rendered":"<section class=\"wpb-content-wrapper\">[vc_row fullwidth=&#8220;true&#8220; fullwidth_content=&#8220;false&#8220; visibility=&#8220;hidden-sm&#8220; css=&#8220;.vc_custom_1574164464745{padding-top: 200px !important;padding-right: 0px !important;padding-bottom: 200px !important;background-image: url(https:\/\/www.busqui.com\/wp-content\/uploads\/2019\/11\/dji_0027_fondo.jpg?id=1964) !important;background-position: center !important;background-repeat: no-repeat !important;background-size: cover !important;}&#8220;][vc_column width=&#8220;1\/3&#8243;][vc_column_text css=&#8220;.vc_custom_1581951281918{margin-bottom: 0px !important;}&#8220;]\n<h1><span style=\"color: #ffffff;\">Globaler Service<\/span><\/h1>\n<p>&nbsp;<\/p>\n<p><span style=\"color: #ffffff;\"><a style=\"color: #ffffff;\" href=\"https:\/\/www.busqui.com\/de\/\">Startseite<\/a> \u00bb<strong> Globaler Service<\/strong><\/span>[\/vc_column_text][\/vc_column][vc_column width=&#8220;1\/3&#8243;][\/vc_column][vc_column width=&#8220;1\/3&#8243;][vc_row_inner is_fullwidth_content=&#8220;false&#8220;][vc_column_inner width=&#8220;1\/2&#8243;][mk_font_icons icon=&#8220;mk-moon-phone-2&#8243; color=&#8220;#ffffff&#8220; size=&#8220;large&#8220; circle=&#8220;true&#8220; circle_color=&#8220;#09abb3&#8243; circle_border_color=&#8220;#09abb3&#8243; align=&#8220;center&#8220; link=&#8220;tel:+34935880139&#8243;][mk_font_icons icon=&#8220;mk-li-mail&#8220; color=&#8220;#ffffff&#8220; size=&#8220;large&#8220; circle=&#8220;true&#8220; circle_color=&#8220;#09bd93&#8243; circle_border_color=&#8220;#09bd93&#8243; align=&#8220;center&#8220; link=&#8220;https:\/\/www.busqui.com\/de\/kontakt\/&#8220;][\/vc_column_inner][vc_column_inner width=&#8220;1\/2&#8243;][\/vc_column_inner][\/vc_row_inner][\/vc_column][\/vc_row][vc_row fullwidth=&#8220;true&#8220; fullwidth_content=&#8220;false&#8220; visibility=&#8220;visible-sm&#8220; css=&#8220;.vc_custom_1574164478169{padding-top: 200px !important;padding-right: 0px !important;padding-bottom: 200px !important;background-image: url(https:\/\/www.busqui.com\/wp-content\/uploads\/2019\/11\/dji_0027_fondo.jpg?id=1964) !important;background-position: center !important;background-repeat: no-repeat !important;background-size: cover !important;}&#8220;][vc_column width=&#8220;1\/3&#8243;][vc_column_text css=&#8220;.vc_custom_1574164492381{margin-bottom: 0px !important;}&#8220;]\n<h1 style=\"text-align: center;\"><span style=\"color: #ffffff;\">Global Service<\/span><\/h1>\n<p style=\"text-align: center;\"><span style=\"color: #ffffff;\"><a style=\"color: #ffffff;\" href=\"https:\/\/www.busqui.com\/\">Portada<\/a> \u00bb<strong> Global Service<\/strong><\/span><\/p>\n[\/vc_column_text][\/vc_column][vc_column width=&#8220;1\/3&#8243;][vc_row_inner is_fullwidth_content=&#8220;false&#8220;][vc_column_inner][mk_font_icons icon=&#8220;mk-moon-phone-2&#8243; color=&#8220;#ffffff&#8220; size=&#8220;large&#8220; circle=&#8220;true&#8220; circle_color=&#8220;#09abb3&#8243; circle_border_color=&#8220;#09abb3&#8243; align=&#8220;center&#8220; link=&#8220;tel:+34935880139&#8243;][\/vc_column_inner][\/vc_row_inner][\/vc_column][vc_column width=&#8220;1\/3&#8243;][vc_row_inner is_fullwidth_content=&#8220;false&#8220;][vc_column_inner][mk_font_icons icon=&#8220;mk-li-mail&#8220; color=&#8220;#ffffff&#8220; size=&#8220;large&#8220; circle=&#8220;true&#8220; circle_color=&#8220;#09bd93&#8243; circle_border_color=&#8220;#09bd93&#8243; align=&#8220;center&#8220; link=&#8220;https:\/\/www.busqui.com\/de\/kontakt\/&#8220;][\/vc_column_inner][\/vc_row_inner][\/vc_column][\/vc_row][vc_row][vc_column][mk_padding_divider][vc_column_text css=&#8220;.vc_custom_1581951331988{margin-bottom: 0px !important;}&#8220;]\n<h3><strong>Bei Busqui SL arbeiten wir jeden Tag daran, unseren Kunden einen umfassenden Service zu bieten.<\/strong><\/h3>\n<p>Wir sind das einzige Unternehmen, das seine Kunden zum Zeitpunkt eines Start-ups besucht und unseren besten Fachleuten jederzeit die richtige Beratung bietet.<\/p>\n<p>Zus\u00e4tzlich zu dieser technischen Beratung unterst\u00fctzen wir den Kunden bei der Verwaltung und Erstellung des am besten geeigneten Reinigungsplans.<\/p>\n<p>Aus diesem Grund empfiehlt Busqu\u00ed eine Reihe von Reinigungsprodukten, die ausschlie\u00dflich f\u00fcr die ordnungsgem\u00e4\u00dfe Behandlung der Reinigung und Wartung der mikroperforierten Form sowie f\u00fcr die Erstellung eines Reinigungsplans f\u00fcr jede Art von Produktionslinie zur ordnungsgem\u00e4\u00dfen Wartung der Form entwickelt wurden.[\/vc_column_text][mk_padding_divider][\/vc_column][\/vc_row][vc_row fullwidth=&#8220;true&#8220; parallax=&#8220;content-moving-fade&#8220; parallax_image=&#8220;717&#8243; css=&#8220;.vc_custom_1570453017597{padding-top: 50px !important;padding-right: 50px !important;padding-bottom: 50px !important;padding-left: 50px !important;background-color: #00a651 !important;background-position: center;background-repeat: no-repeat !important;background-size: cover !important;}&#8220;][vc_column][mk_fancy_title size=&#8220;42&#8243; txt_transform=&#8220;uppercase&#8220; font_family=&#8220;none&#8220; drop_shadow=&#8220;true&#8220;]\n<p style=\"text-align: center;\"><span style=\"color: #ffffff;\">INTEGRIERTER SERVICE<\/span><\/p>\n[\/mk_fancy_title][vc_row_inner attached=&#8220;true&#8220; is_fullwidth_content=&#8220;false&#8220; column_padding=&#8220;1&#8243;][vc_column_inner el_class=&#8220;col_servicios&#8220; width=&#8220;1\/3&#8243; css=&#8220;.vc_custom_1549969141963{padding-top: 0px !important;background-color: #ffffff !important;border-radius: 10px !important;}&#8220;][vc_single_image image=&#8220;907&#8243; img_size=&#8220;full&#8220; alignment=&#8220;center&#8220; style=&#8220;vc_box_rounded&#8220; css_animation=&#8220;none&#8220; el_class=&#8220;imagen_servicios&#8220;][mk_fancy_title size=&#8220;30&#8243; force_font_size=&#8220;true&#8220; size_smallscreen=&#8220;30&#8243; size_tablet=&#8220;24&#8243; size_phone=&#8220;26&#8243; font_weight=&#8220;600&#8243; margin_bottom=&#8220;0&#8243; font_family=&#8220;none&#8220;]Rat[\/mk_fancy_title][vc_column_text css=&#8220;.vc_custom_1581951369884{margin-bottom: 0px !important;}&#8220;]\n<h4>Sie haben immer unsere technische Beratung.\u00a0Vor, w\u00e4hrend und nach der Inbetriebnahme<\/h4>\n[\/vc_column_text][mk_padding_divider size=&#8220;5&#8243;][\/vc_column_inner][vc_column_inner el_class=&#8220;col_servicios&#8220; width=&#8220;1\/3&#8243; css=&#8220;.vc_custom_1549969144970{padding-top: 0px !important;background-color: #ffffff !important;border-radius: 10px !important;}&#8220;][vc_single_image image=&#8220;1682&#8243; img_size=&#8220;full&#8220; alignment=&#8220;center&#8220; style=&#8220;vc_box_rounded&#8220; el_class=&#8220;imagen_servicios&#8220;][mk_fancy_title size=&#8220;30&#8243; force_font_size=&#8220;true&#8220; size_smallscreen=&#8220;26&#8243; size_tablet=&#8220;24&#8243; size_phone=&#8220;30&#8243; font_weight=&#8220;600&#8243; margin_bottom=&#8220;0&#8243; font_family=&#8220;none&#8220;]Reinigungsplan[\/mk_fancy_title][vc_column_text css=&#8220;.vc_custom_1581951376835{margin-bottom: 0px !important;}&#8220;]\n<h4>Wir bieten Ihnen spezielle Produkte f\u00fcr eine einwandfreie Reinigung.<\/h4>\n[\/vc_column_text][mk_padding_divider size=&#8220;10&#8243;][\/vc_column_inner][vc_column_inner el_class=&#8220;col_servicios&#8220; width=&#8220;1\/3&#8243; css=&#8220;.vc_custom_1549969148114{padding-top: 0px !important;background-color: #ffffff !important;border-radius: 10px !important;}&#8220;][vc_single_image image=&#8220;1687&#8243; img_size=&#8220;full&#8220; alignment=&#8220;center&#8220; style=&#8220;vc_box_rounded&#8220; el_class=&#8220;imagen_servicios&#8220;][mk_fancy_title size=&#8220;30&#8243; force_font_size=&#8220;true&#8220; size_smallscreen=&#8220;26&#8243; size_tablet=&#8220;24&#8243; size_phone=&#8220;30&#8243; font_weight=&#8220;600&#8243; margin_bottom=&#8220;0&#8243; font_family=&#8220;none&#8220;]Alles, was du brauchst[\/mk_fancy_title][vc_column_text css=&#8220;.vc_custom_1581951384156{margin-bottom: 0px !important;}&#8220;]\n<h4>Wir haben auch Kaseine f\u00fcr K\u00e4se, mit denen Sie Ihr eigenes Produkt herstellen k\u00f6nnen.<\/h4>\n[\/vc_column_text][mk_padding_divider size=&#8220;10&#8243;][\/vc_column_inner][\/vc_row_inner][\/vc_column][\/vc_row][vc_row][vc_column][mk_padding_divider][vc_column_text css=&#8220;.vc_custom_1581951433060{margin-bottom: 0px !important;}&#8220;]Dies sind einige der Produkte, die wir Ihnen anbieten k\u00f6nnen:<\/p>\n<p><span style=\"color: #46c183;\"><b>BUSACID<\/b><\/span><\/p>\n<p>S\u00e4urewaschmittel f\u00fcr die regelm\u00e4\u00dfige Reinigung von S\u00e4ure und Milch im Allgemeinen. Beseitigt Milchsteinablagerungen (Calciumphosphocaseinat), Ablagerungen von Mineral- und Proteinschmutz in Formen, Maschinen und Kreisl\u00e4ufen. Es kann manuell, beim Eintauchen oder in automatischen Reinigungssystemen (CIP) angewendet werden.<\/p>\n<p><span style=\"color: #46c183;\"><b>BUS-ACTIV<\/b><\/span><\/p>\n<p>Bakterizides und desodorierendes Produkt, das bereits in sehr geringer Konzentration gegen alle Arten von Mikroorganismen (Bakterien, Schimmelpilze, Hefen usw.) wirksam ist.<\/p>\n<p>Der Wirkstoff des Produkts ist Peressigs\u00e4ure (10%), die f\u00fcr die perfekte Desinfektion von mikroperforierten Schimmelpilzen sowie von Kreisl\u00e4ufen und Ger\u00e4ten der Milchindustrie indiziert ist.<\/p>\n<p><span style=\"color: #46c183;\"><b>BUSIPLUS<\/b><\/span><\/p>\n<p>Chloriertes alkalisches Waschmittel mit bakterizider Wirkung zur Reinigung und Desinfektion von mikroperforierten Schimmelpilzen in der K\u00e4se- und Milchindustrie im Allgemeinen.[\/vc_column_text][mk_padding_divider][\/vc_column][\/vc_row]\n<\/section>","protected":false},"excerpt":{"rendered":"<p>[vc_row fullwidth=&#8220;true&#8220; fullwidth_content=&#8220;false&#8220; visibility=&#8220;hidden-sm&#8220; css=&#8220;.vc_custom_1574164464745{padding-top: 200px !important;padding-right: 0px !important;padding-bottom: 200px !important;background-image: url(https:\/\/www.busqui.com\/wp-content\/uploads\/2019\/11\/dji_0027_fondo.jpg?id=1964) !important;background-position: center !important;background-repeat: no-repeat !important;background-size: cover !important;}&#8220;][vc_column width=&#8220;1\/3&#8243;][vc_column_text css=&#8220;.vc_custom_1581951281918{margin-bottom: 0px !important;}&#8220;] Globaler Service &nbsp; Startseite \u00bb Globaler Service[\/vc_column_text][\/vc_column][vc_column width=&#8220;1\/3&#8243;][\/vc_column][vc_column width=&#8220;1\/3&#8243;][vc_row_inner is_fullwidth_content=&#8220;false&#8220;][vc_column_inner width=&#8220;1\/2&#8243;][mk_font_icons icon=&#8220;mk-moon-phone-2&#8243; color=&#8220;#ffffff&#8220; size=&#8220;large&#8220; circle=&#8220;true&#8220; circle_color=&#8220;#09abb3&#8243; circle_border_color=&#8220;#09abb3&#8243; align=&#8220;center&#8220; link=&#8220;tel:+34935880139&#8243;][mk_font_icons icon=&#8220;mk-li-mail&#8220; color=&#8220;#ffffff&#8220; size=&#8220;large&#8220; circle=&#8220;true&#8220; circle_color=&#8220;#09bd93&#8243; circle_border_color=&#8220;#09bd93&#8243; align=&#8220;center&#8220; link=&#8220;https:\/\/www.busqui.com\/de\/kontakt\/&#8220;][\/vc_column_inner][vc_column_inner width=&#8220;1\/2&#8243;][\/vc_column_inner][\/vc_row_inner][\/vc_column][\/vc_row][vc_row fullwidth=&#8220;true&#8220; fullwidth_content=&#8220;false&#8220; visibility=&#8220;visible-sm&#8220; css=&#8220;.vc_custom_1574164478169{padding-top: [&hellip;]<\/p>\n","protected":false},"author":1,"featured_media":0,"parent":0,"menu_order":0,"comment_status":"closed","ping_status":"closed","template":"","meta":[],"_links":{"self":[{"href":"https:\/\/www.busqui.com\/de\/wp-json\/wp\/v2\/pages\/2246"}],"collection":[{"href":"https:\/\/www.busqui.com\/de\/wp-json\/wp\/v2\/pages"}],"about":[{"href":"https:\/\/www.busqui.com\/de\/wp-json\/wp\/v2\/types\/page"}],"author":[{"embeddable":true,"href":"https:\/\/www.busqui.com\/de\/wp-json\/wp\/v2\/users\/1"}],"replies":[{"embeddable":true,"href":"https:\/\/www.busqui.com\/de\/wp-json\/wp\/v2\/comments?post=2246"}],"version-history":[{"count":0,"href":"https:\/\/www.busqui.com\/de\/wp-json\/wp\/v2\/pages\/2246\/revisions"}],"wp:attachment":[{"href":"https:\/\/www.busqui.com\/de\/wp-json\/wp\/v2\/media?parent=2246"}],"curies":[{"name":"wp","href":"https:\/\/api.w.org\/{rel}","templated":true}]}}