{"id":2239,"date":"2017-03-17T14:22:30","date_gmt":"2017-03-17T14:22:30","guid":{"rendered":"https:\/\/www.busqui.com\/inicio\/"},"modified":"2024-01-20T07:18:11","modified_gmt":"2024-01-20T07:18:11","slug":"inicio","status":"publish","type":"page","link":"https:\/\/www.busqui.com\/de\/","title":{"rendered":"Zahause"},"content":{"rendered":"<section class=\"wpb-content-wrapper\">[mk_page_section bg_position=&#8220;center bottom&#8220; bg_repeat=&#8220;no-repeat&#8220; bg_stretch=&#8220;true&#8220; enable_3d=&#8220;true&#8220; bg_video=&#8220;yes&#8220; mp4=&#8220;https:\/\/www.busqui.com\/wp-content\/uploads\/2019\/03\/Busqui\u0301 Ae\u0301reo.mp4&#8243; video_color_mask=&#8220;#424242&#8243; min_height=&#8220;700&#8243; js_vertical_centered=&#8220;true&#8220; sidebar=&#8220;sidebar-1&#8243;][vc_column][mk_fancy_title tag_name=&#8220;h1&#8243; color=&#8220;#ffffff&#8220; size=&#8220;42&#8243; force_font_size=&#8220;true&#8220; size_tablet=&#8220;30&#8243; size_phone=&#8220;36&#8243; font_weight=&#8220;300&#8243; txt_transform=&#8220;none&#8220; letter_spacing=&#8220;2&#8243; font_family=&#8220;none&#8220; align=&#8220;center&#8220;]\n<p class=\"titulo_slider\">QUALIT\u00c4TSPRODUKTE F\u00dcR<\/p>\n<p class=\"titulo_slider\">K\u00c4SE MACHEN<\/p>\n[\/mk_fancy_title][vc_row_inner][vc_column_inner width=&#8220;2\/6&#8243;][mk_padding_divider size=&#8220;10&#8243;][mk_button_gradient size=&#8220;large&#8220; corner_style=&#8220;full_rounded&#8220; grandient_color_fallback=&#8220;rgba(112,112,112,0.4)&#8220; url=&#8220;https:\/\/www.busqui.com\/de\/warum-uns-waehlen\/&#8220;]MEHR INFO[\/mk_button_gradient][mk_button_gradient size=&#8220;large&#8220; corner_style=&#8220;full_rounded&#8220; grandient_color_fallback=&#8220;rgba(112,112,112,0.4)&#8220; url=&#8220;https:\/\/www.busqui.com\/de\/kontakt\/&#8220;]KONTAKT[\/mk_button_gradient][\/vc_column_inner][vc_column_inner width=&#8220;1\/6&#8243;][\/vc_column_inner][vc_column_inner width=&#8220;1\/2&#8243;][\/vc_column_inner][\/vc_row_inner][\/vc_column][\/mk_page_section][mk_page_section bg_image=&#8220;https:\/\/www.busqui.com\/wp-content\/uploads\/2019\/03\/background_busqui_2.png&#8220; bg_color=&#8220;#f8f8f8&#8243; enable_3d=&#8220;true&#8220; js_vertical_centered=&#8220;true&#8220; padding_top=&#8220;80&#8243; padding_bottom=&#8220;80&#8243; sidebar=&#8220;sidebar-1&#8243;][vc_column][vc_row_inner][vc_column_inner width=&#8220;1\/6&#8243;][\/vc_column_inner][vc_column_inner width=&#8220;2\/3&#8243;][mk_fancy_title color=&#8220;#353535&#8243; size=&#8220;42&#8243; force_font_size=&#8220;true&#8220; size_phone=&#8220;20&#8243; font_weight=&#8220;400&#8243; txt_transform=&#8220;capitalize&#8220; letter_spacing=&#8220;1&#8243; font_family=&#8220;none&#8220; align=&#8220;center&#8220;]Unsere Formen[\/mk_fancy_title][vc_column_text align=&#8220;center&#8220; css=&#8220;.vc_custom_1581950769772{margin-bottom: 0px !important;}&#8220;]<span style=\"font-size: 20px;\">Mecanizados Busqu\u00ed, SL entwickelt und produziert alle Phasen der Formenherstellung vom Werkzeug bis zur Injektion, Mikroperforation und anschlie\u00dfenden Bearbeitung.<\/span>[\/vc_column_text][\/vc_column_inner][vc_column_inner width=&#8220;1\/6&#8243;][\/vc_column_inner][\/vc_row_inner][mk_padding_divider size=&#8220;60&#8243;][vc_row_inner][vc_column_inner][mk_portfolio_carousel style=&#8220;modern&#8220; hover_scenarios=&#8220;light-zoomin&#8220; count=&#8220;4&#8243; image_size=&#8220;large&#8220; el_class=&#8220;hidden&#8220;][\/vc_column_inner][\/vc_row_inner][vc_row_inner attached=&#8220;true&#8220; column_padding=&#8220;1&#8243;][vc_column_inner el_class=&#8220;col_moldes&#8220; width=&#8220;1\/3&#8243; css=&#8220;.vc_custom_1555501965070{padding-top: 20px !important;padding-right: 20px !important;padding-bottom: 20px !important;padding-left: 20px !important;background-image: url(https:\/\/www.busqui.com\/wp-content\/uploads\/2019\/04\/moldes_v2.jpg?id=932) !important;background-position: center !important;background-repeat: no-repeat !important;background-size: cover !important;}&#8220;][vc_column_text css=&#8220;.vc_custom_1581953845770{margin-bottom: 0px !important;}&#8220;]\n<h2 style=\"text-align: center;\">Individuelle Formen<\/h2>\n[\/vc_column_text][mk_button dimension=&#8220;flat&#8220; corner_style=&#8220;full_rounded&#8220; size=&#8220;medium&#8220; url=&#8220;https:\/\/www.busqui.com\/de\/individuelle-formen\/&#8220; align=&#8220;center&#8220; margin_top=&#8220;250&#8243; margin_bottom=&#8220;10&#8243; bg_color=&#8220;#46c183&#8243; btn_hover_bg=&#8220;#00a651&#8243;]MEHR INFO[\/mk_button][\/vc_column_inner][vc_column_inner el_class=&#8220;col_moldes&#8220; width=&#8220;1\/3&#8243; css=&#8220;.vc_custom_1555501923317{padding-top: 20px !important;padding-right: 20px !important;padding-bottom: 20px !important;padding-left: 20px !important;background-image: url(https:\/\/www.busqui.com\/wp-content\/uploads\/2019\/04\/multimoldes.jpg?id=974) !important;background-position: center !important;background-repeat: no-repeat !important;background-size: cover !important;}&#8220;][vc_column_text css=&#8220;.vc_custom_1581950789485{margin-bottom: 0px !important;}&#8220;]\n<h2 style=\"text-align: center;\">Multi-Formen<\/h2>\n[\/vc_column_text][mk_button dimension=&#8220;flat&#8220; corner_style=&#8220;full_rounded&#8220; size=&#8220;medium&#8220; url=&#8220;https:\/\/www.busqui.com\/de\/multi-formen\/&#8220; align=&#8220;center&#8220; margin_top=&#8220;250&#8243; margin_bottom=&#8220;10&#8243; bg_color=&#8220;#46c183&#8243; btn_hover_bg=&#8220;#00a651&#8243;]MEHR INFO[\/mk_button][\/vc_column_inner][vc_column_inner el_class=&#8220;col_moldes&#8220; width=&#8220;1\/3&#8243; css=&#8220;.vc_custom_1555501931502{padding-top: 20px !important;padding-right: 20px !important;padding-bottom: 20px !important;padding-left: 20px !important;background-image: url(https:\/\/www.busqui.com\/wp-content\/uploads\/2019\/04\/multimoldes_queso_fresco.jpg?id=979) !important;background-position: center !important;background-repeat: no-repeat !important;background-size: cover !important;}&#8220;][vc_column_text css=&#8220;.vc_custom_1581953930019{margin-bottom: 0px !important;}&#8220;]\n<h2 style=\"text-align: center;\">Mehrfachformen f\u00fcr Frischk\u00e4se<\/h2>\n[\/vc_column_text][mk_button dimension=&#8220;flat&#8220; corner_style=&#8220;full_rounded&#8220; size=&#8220;medium&#8220; url=&#8220;https:\/\/www.busqui.com\/de\/formen-fuer-frischen-kaese\/&#8220; align=&#8220;center&#8220; margin_top=&#8220;250&#8243; margin_bottom=&#8220;10&#8243; bg_color=&#8220;#46c183&#8243; btn_hover_bg=&#8220;#00a651&#8243;]MEHR INFO[\/mk_button][\/vc_column_inner][\/vc_row_inner][\/vc_column][\/mk_page_section][mk_page_section bg_image=&#8220;https:\/\/www.busqui.com\/wp-content\/uploads\/2019\/04\/dji_0027.jpg&#8220; bg_repeat=&#8220;no-repeat&#8220; bg_stretch=&#8220;true&#8220; enable_3d=&#8220;true&#8220; speed_factor=&#8220;0.6&#8243; video_color_mask=&#8220;#424242&#8243; video_opacity=&#8220;0.7&#8243; min_height=&#8220;600&#8243; js_vertical_centered=&#8220;true&#8220; sidebar=&#8220;sidebar-1&#8243;][vc_column width=&#8220;1\/6&#8243;][\/vc_column][vc_column width=&#8220;2\/3&#8243;][mk_fancy_title tag_name=&#8220;h1&#8243; color=&#8220;#ffffff&#8220; size=&#8220;42&#8243; font_weight=&#8220;300&#8243; txt_transform=&#8220;none&#8220; letter_spacing=&#8220;2&#8243; font_family=&#8220;none&#8220; align=&#8220;center&#8220;]\n<p class=\"titulo_slider\">WIR \u00c4NDERN IHRE MOLDS,<\/p>\n<p class=\"titulo_slider\">NICHT DEIN K\u00c4SE<\/p>\n[\/mk_fancy_title][mk_button_gradient size=&#8220;large&#8220; corner_style=&#8220;full_rounded&#8220; grandient_color_fallback=&#8220;rgba(112,112,112,0.4)&#8220; url=&#8220;https:\/\/www.busqui.com\/de\/globaler-service\/&#8220;]MEHR INFO[\/mk_button_gradient][mk_button_gradient size=&#8220;large&#8220; corner_style=&#8220;full_rounded&#8220; grandient_color_fallback=&#8220;rgba(112,112,112,0.4)&#8220; url=&#8220;https:\/\/www.busqui.com\/de\/kontakt\/&#8220;]KONTAKT[\/mk_button_gradient][\/vc_column][vc_column width=&#8220;1\/6&#8243;][\/vc_column][\/mk_page_section][vc_row fullwidth=&#8220;true&#8220; el_class=&#8220;align_center&#8220; css=&#8220;.vc_custom_1551963712330{padding-top: 40px !important;background: #f8f8f8 url(https:\/\/www.busqui.com\/wp-content\/uploads\/2019\/03\/background_busqui_2.png?id=847) !important;background-position: 0 0 !important;background-repeat: repeat !important;}&#8220;][vc_column][vc_row_inner is_fullwidth_content=&#8220;false&#8220;][vc_column_inner width=&#8220;1\/4&#8243;][mk_icon_box2 icon_size=&#8220;64&#8243; icon=&#8220;mk-icon-pencil&#8220; icon_color=&#8220;#00a651&#8243; title_top_padding=&#8220;0&#8243; title_bottom_padding=&#8220;0&#8243;][\/mk_icon_box2][mk_fancy_title tag_name=&#8220;h3&#8243; color=&#8220;#646464&#8243; size=&#8220;20&#8243; font_weight=&#8220;500&#8243; txt_transform=&#8220;capitalize&#8220; letter_spacing=&#8220;1&#8243; margin_bottom=&#8220;0&#8243; font_family=&#8220;none&#8220;]\n<p style=\"text-align: center;\">Personalisierung<\/p>\n[\/mk_fancy_title][vc_column_text disable_pattern=&#8220;false&#8220; css=&#8220;.vc_custom_1581950846799{margin-bottom: 0px !important;}&#8220;]\n<p style=\"text-align: center;\">Ihre Identit\u00e4t mit einer gro\u00dfen Auswahl an Mustern, Farben\u2026<\/p>\n[\/vc_column_text][mk_padding_divider][\/vc_column_inner][vc_column_inner width=&#8220;1\/4&#8243;][mk_icon_box2 icon_size=&#8220;64&#8243; icon=&#8220;mk-icon-sort-amount-asc&#8220; icon_color=&#8220;#00a651&#8243; title_top_padding=&#8220;0&#8243; title_bottom_padding=&#8220;0&#8243;][\/mk_icon_box2][mk_fancy_title tag_name=&#8220;h3&#8243; color=&#8220;#646464&#8243; size=&#8220;20&#8243; font_weight=&#8220;500&#8243; txt_transform=&#8220;capitalize&#8220; letter_spacing=&#8220;1&#8243; margin_bottom=&#8220;0&#8243; font_family=&#8220;none&#8220;]\n<p style=\"text-align: center;\">R\u00fcckverfolgbarkeit<\/p>\n[\/mk_fancy_title][vc_column_text disable_pattern=&#8220;false&#8220; css=&#8220;.vc_custom_1581950854932{margin-bottom: 0px !important;}&#8220;]\n<p style=\"text-align: center;\">Nummerierungssequenzen, anpassbar, Datenmatrixformat\u2026<\/p>\n[\/vc_column_text][mk_padding_divider][\/vc_column_inner][vc_column_inner width=&#8220;1\/4&#8243;][mk_icon_box2 icon_size=&#8220;64&#8243; icon=&#8220;mk-icon-cube&#8220; icon_color=&#8220;#00a651&#8243; title_top_padding=&#8220;0&#8243; title_bottom_padding=&#8220;0&#8243;][\/mk_icon_box2][mk_fancy_title tag_name=&#8220;h3&#8243; color=&#8220;#646464&#8243; size=&#8220;20&#8243; font_weight=&#8220;500&#8243; txt_transform=&#8220;capitalize&#8220; letter_spacing=&#8220;1&#8243; margin_bottom=&#8220;0&#8243; font_family=&#8220;none&#8220;]\n<p style=\"text-align: center;\">Haltbarkeit<\/p>\n[\/mk_fancy_title][vc_column_text disable_pattern=&#8220;false&#8220; css=&#8220;.vc_custom_1581950875229{margin-bottom: 0px !important;}&#8220;]\n<p style=\"text-align: center;\">Weniger Bruch und einfache Reinigung<\/p>\n[\/vc_column_text][mk_padding_divider][\/vc_column_inner][vc_column_inner width=&#8220;1\/4&#8243;][mk_icon_box2 icon_size=&#8220;64&#8243; icon=&#8220;mk-icon-desktop&#8220; icon_color=&#8220;#00a651&#8243; title_top_padding=&#8220;0&#8243; title_bottom_padding=&#8220;0&#8243;][\/mk_icon_box2][mk_fancy_title tag_name=&#8220;h3&#8243; color=&#8220;#646464&#8243; size=&#8220;20&#8243; font_weight=&#8220;500&#8243; txt_transform=&#8220;capitalize&#8220; letter_spacing=&#8220;1&#8243; margin_bottom=&#8220;0&#8243; font_family=&#8220;none&#8220;]\n<p style=\"text-align: center;\">Technologie<\/p>\n[\/mk_fancy_title][vc_column_text disable_pattern=&#8220;false&#8220; css=&#8220;.vc_custom_1581951096567{margin-bottom: 0px !important;}&#8220;]\n<p style=\"text-align: center;\">Patentiertes System f\u00fcr die beste Form<\/p>\n[\/vc_column_text][mk_padding_divider][\/vc_column_inner][\/vc_row_inner][vc_row_inner][vc_column_inner][mk_button dimension=&#8220;flat&#8220; corner_style=&#8220;full_rounded&#8220; size=&#8220;x-large&#8220; url=&#8220;https:\/\/www.busqui.com\/de\/warum-uns-waehlen\/&#8220; align=&#8220;center&#8220; margin_bottom=&#8220;100&#8243; bg_color=&#8220;rgba(112,112,112,0.4)&#8220; btn_hover_bg=&#8220;#46c183&#8243;]ICH M\u00d6CHTE MEHR WISSEN[\/mk_button][\/vc_column_inner][\/vc_row_inner][\/vc_column][\/vc_row][vc_row fullwidth=&#8220;true&#8220; parallax=&#8220;content-moving&#8220; parallax_image=&#8220;716&#8243; css=&#8220;.vc_custom_1550047377362{padding-top: 50px !important;padding-right: 50px !important;padding-bottom: 50px !important;padding-left: 50px !important;background-color: #00a651 !important;background-position: center;background-repeat: no-repeat !important;background-size: cover !important;}&#8220;][vc_column][mk_fancy_title size=&#8220;42&#8243; txt_transform=&#8220;uppercase&#8220; font_family=&#8220;none&#8220;]\n<p style=\"text-align: center;\"><span style=\"color: #ffffff;\">Integrated Service<\/span><\/p>\n[\/mk_fancy_title][vc_row_inner attached=&#8220;true&#8220; is_fullwidth_content=&#8220;false&#8220; column_padding=&#8220;1&#8243;][vc_column_inner el_class=&#8220;col_servicios&#8220; width=&#8220;1\/3&#8243; css=&#8220;.vc_custom_1549969141963{padding-top: 0px !important;background-color: #ffffff !important;border-radius: 10px !important;}&#8220;][vc_single_image image=&#8220;907&#8243; img_size=&#8220;full&#8220; alignment=&#8220;center&#8220; style=&#8220;vc_box_rounded&#8220; css_animation=&#8220;none&#8220; el_class=&#8220;imagen_servicios&#8220;][mk_fancy_title size=&#8220;30&#8243; force_font_size=&#8220;true&#8220; size_smallscreen=&#8220;30&#8243; size_tablet=&#8220;24&#8243; size_phone=&#8220;26&#8243; font_weight=&#8220;600&#8243; margin_bottom=&#8220;0&#8243; font_family=&#8220;none&#8220;]Rat[\/mk_fancy_title][vc_column_text css=&#8220;.vc_custom_1581951122821{margin-bottom: 0px !important;}&#8220;]\n<h4>Sie haben immer unsere technische Beratung.\u00a0Vor, w\u00e4hrend und nach der Inbetriebnahme<\/h4>\n[\/vc_column_text][mk_padding_divider size=&#8220;5&#8243;][\/vc_column_inner][vc_column_inner el_class=&#8220;col_servicios&#8220; width=&#8220;1\/3&#8243; css=&#8220;.vc_custom_1549969144970{padding-top: 0px !important;background-color: #ffffff !important;border-radius: 10px !important;}&#8220;][vc_single_image image=&#8220;1682&#8243; img_size=&#8220;full&#8220; alignment=&#8220;center&#8220; style=&#8220;vc_box_rounded&#8220; el_class=&#8220;imagen_servicios&#8220;][mk_fancy_title size=&#8220;30&#8243; force_font_size=&#8220;true&#8220; size_smallscreen=&#8220;26&#8243; size_tablet=&#8220;24&#8243; size_phone=&#8220;30&#8243; font_weight=&#8220;600&#8243; margin_bottom=&#8220;0&#8243; font_family=&#8220;none&#8220;]Reinigungsplan[\/mk_fancy_title][vc_column_text css=&#8220;.vc_custom_1581951127709{margin-bottom: 0px !important;}&#8220;]\n<h4>Wir bieten Ihnen spezielle Produkte f\u00fcr eine einwandfreie Reinigung.<\/h4>\n[\/vc_column_text][mk_padding_divider size=&#8220;30&#8243;][\/vc_column_inner][vc_column_inner el_class=&#8220;col_servicios&#8220; width=&#8220;1\/3&#8243; css=&#8220;.vc_custom_1549969148114{padding-top: 0px !important;background-color: #ffffff !important;border-radius: 10px !important;}&#8220;][vc_single_image image=&#8220;1687&#8243; img_size=&#8220;full&#8220; alignment=&#8220;center&#8220; style=&#8220;vc_box_rounded&#8220; el_class=&#8220;imagen_servicios&#8220;][mk_fancy_title size=&#8220;30&#8243; force_font_size=&#8220;true&#8220; size_smallscreen=&#8220;26&#8243; size_tablet=&#8220;24&#8243; size_phone=&#8220;30&#8243; font_weight=&#8220;600&#8243; margin_bottom=&#8220;0&#8243; font_family=&#8220;none&#8220;]Alles, was du brauchst[\/mk_fancy_title][vc_column_text css=&#8220;.vc_custom_1581951148413{margin-bottom: 0px !important;}&#8220;]\n<h4>Wir haben auch Kaseine f\u00fcr K\u00e4se, mit denen Sie Ihr eigenes Produkt herstellen k\u00f6nnen.<\/h4>\n[\/vc_column_text][mk_padding_divider size=&#8220;30&#8243;][\/vc_column_inner][\/vc_row_inner][\/vc_column][\/vc_row][mk_page_section bg_image=&#8220;https:\/\/www.busqui.com\/wp-content\/uploads\/2019\/03\/background_busqui_2.png&#8220; padding_top=&#8220;40&#8243; padding_bottom=&#8220;0&#8243; sidebar=&#8220;sidebar-1&#8243;][vc_column width=&#8220;1\/4&#8243;][mk_icon_box2 icon_size=&#8220;64&#8243; icon=&#8220;mk-icon-calendar&#8220; icon_color=&#8220;#00a651&#8243; title_top_padding=&#8220;0&#8243; title_bottom_padding=&#8220;0&#8243;][\/mk_icon_box2][mk_fancy_title tag_name=&#8220;h3&#8243; color=&#8220;#646464&#8243; size=&#8220;20&#8243; font_weight=&#8220;500&#8243; txt_transform=&#8220;capitalize&#8220; letter_spacing=&#8220;1&#8243; margin_bottom=&#8220;0&#8243; font_family=&#8220;none&#8220;]\n<p style=\"text-align: center;\">+ 30 Jahre<\/p>\n[\/mk_fancy_title][mk_padding_divider][\/vc_column][vc_column width=&#8220;1\/4&#8243;][mk_icon_box2 icon_size=&#8220;64&#8243; icon=&#8220;mk-icon-globe&#8220; icon_color=&#8220;#00a651&#8243; title_top_padding=&#8220;0&#8243; title_bottom_padding=&#8220;0&#8243;][\/mk_icon_box2][mk_fancy_title tag_name=&#8220;h3&#8243; color=&#8220;#646464&#8243; size=&#8220;20&#8243; font_weight=&#8220;500&#8243; txt_transform=&#8220;capitalize&#8220; letter_spacing=&#8220;1&#8243; margin_bottom=&#8220;0&#8243; font_family=&#8220;none&#8220;]\n<p style=\"text-align: center;\">+ 50 L\u00e4nder<\/p>\n[\/mk_fancy_title][mk_padding_divider][\/vc_column][vc_column width=&#8220;1\/4&#8243;][mk_icon_box2 icon_size=&#8220;64&#8243; icon=&#8220;mk-icon-slack&#8220; icon_color=&#8220;#00a651&#8243; title_top_padding=&#8220;0&#8243; title_bottom_padding=&#8220;0&#8243;][\/mk_icon_box2][mk_fancy_title tag_name=&#8220;h3&#8243; color=&#8220;#646464&#8243; size=&#8220;20&#8243; font_weight=&#8220;500&#8243; txt_transform=&#8220;capitalize&#8220; letter_spacing=&#8220;1&#8243; margin_bottom=&#8220;0&#8243; font_family=&#8220;none&#8220;]\n<p style=\"text-align: center;\">+ 700 Referenzen<\/p>\n[\/mk_fancy_title][mk_padding_divider][\/vc_column][vc_column width=&#8220;1\/4&#8243;][mk_icon_box2 icon_size=&#8220;64&#8243; icon=&#8220;mk-moon-user-3&#8243; icon_color=&#8220;#00a651&#8243; title_top_padding=&#8220;0&#8243; title_bottom_padding=&#8220;0&#8243;][\/mk_icon_box2][mk_fancy_title tag_name=&#8220;h3&#8243; color=&#8220;#646464&#8243; size=&#8220;20&#8243; font_weight=&#8220;500&#8243; txt_transform=&#8220;capitalize&#8220; letter_spacing=&#8220;1&#8243; margin_bottom=&#8220;0&#8243; font_family=&#8220;none&#8220;]\n<p style=\"text-align: center;\">+ 2000 Kunden<\/p>\n[\/mk_fancy_title][mk_padding_divider][\/vc_column][\/mk_page_section][vc_row fullwidth=&#8220;true&#8220; el_class=&#8220;align_center&#8220; css=&#8220;.vc_custom_1553079072555{margin-bottom: 0px !important;background-image: url(https:\/\/www.busqui.com\/wp-content\/uploads\/2019\/03\/background_busqui_2.png?id=847) !important;background-position: 0 0 !important;background-repeat: repeat !important;}&#8220;][vc_column][mk_button dimension=&#8220;flat&#8220; corner_style=&#8220;full_rounded&#8220; size=&#8220;x-large&#8220; url=&#8220;https:\/\/www.busqui.com\/de\/busqui\/&#8220; align=&#8220;center&#8220; margin_bottom=&#8220;60&#8243; bg_color=&#8220;rgba(112,112,112,0.4)&#8220; btn_hover_bg=&#8220;#46c183&#8243;]Lernen Sie uns besser kennen[\/mk_button][\/vc_column][\/vc_row][vc_row css=&#8220;.vc_custom_1549977574436{margin-top: 100px !important;margin-bottom: 100px !important;}&#8220;][vc_column][mk_fancy_title size=&#8220;42&#8243; font_family=&#8220;none&#8220;]\n<p style=\"text-align: center;\">International suchen<\/p>\n[\/mk_fancy_title][vc_column_text css=&#8220;.vc_custom_1581951227204{margin-bottom: 0px !important;}&#8220;]Derzeit hat Busqu\u00ed mehrere internationale Mitarbeiter auf der ganzen Welt.\u00a0Dank der gemeinsamen Arbeit haben wir unsere Pr\u00e4senz im Ausland verst\u00e4rkt.[\/vc_column_text][vc_video host=&#8220;self_hosted&#8220; mp4=&#8220;https:\/\/www.busqui.com\/wp-content\/uploads\/2019\/04\/busqui_video_home.mp4&#8243; custom_thumbnail=&#8220;true&#8220; aspect_ratio=&#8220;true&#8220; play_icon=&#8220;mk-moon-play&#8220; play_icon_size=&#8220;128&#8243; play_icon_color=&#8220;rgba(0,0,0,0.7)&#8220; play_target=&#8220;same&#8220; thumbnail_image=&#8220;2531&#8243;][vc_column_text css=&#8220;.vc_custom_1556093767007{margin-bottom: 0px !important;}&#8220;]\n<div style=\"display: none;\"><div id=\"mapsvg-318\" class=\"mapsvg\"><\/div><\/div>\n[\/vc_column_text][vc_row_inner][vc_column_inner width=&#8220;1\/2&#8243;][\/vc_column_inner][vc_column_inner width=&#8220;1\/2&#8243;][mk_padding_divider size=&#8220;19&#8243;][\/vc_column_inner][\/vc_row_inner][mk_button dimension=&#8220;flat&#8220; corner_style=&#8220;full_rounded&#8220; size=&#8220;x-large&#8220; url=&#8220;https:\/\/www.busqui.com\/de\/kontakt\/&#8220; align=&#8220;center&#8220; bg_color=&#8220;rgba(112,112,112,0.4)&#8220; btn_hover_bg=&#8220;#46c183&#8243;]SOLLEN WIR ZUSAMMENARBEITEN?[\/mk_button][\/vc_column][\/vc_row][vc_row disable_element=&#8220;yes&#8220;][vc_column][vc_icon][\/vc_column][\/vc_row][vc_row][vc_column][vc_raw_html]JTNDZGl2JTIwY2xhc3MlM0QlMjJtay1xdWljay1jb250YWN0LXdyYXBwZXIlMjBqcy1ib3R0b20tY29ybmVyLWJ0biUyMGpzLWJvdHRvbS1jb3JuZXItYnRuLS1jb250YWN0JTIyJTNFJTIwJTIwJTIwJTIwJTIwJTIwJTIwJTBBJTIwJTIwJTIwJTIwJTNDYSUyMGhyZWYlM0QlMjIlMjNwcHNTaG93UG9wVXBfMTAwJTIyJTIwY2xhc3MlM0QlMjJtay1xdWljay1jb250YWN0LWxpbmslMjIlM0UlM0NzdmclMjBjbGFzcyUzRCUyMm1rLXN2Zy1pY29uJTIyJTIwZGF0YS1uYW1lJTNEJTIybWstaWNvbi1lbnZlbG9wZSUyMiUyMGRhdGEtY2FjaGVpZCUzRCUyMmljb24tNWM2NTQwYWY4YTA4MSUyMiUyMHN0eWxlJTNEJTIyJTIwaGVpZ2h0JTNBMjBweCUzQiUyMHdpZHRoJTNBJTIwMjBweCUzQiUyMCUyMiUyMHhtbG5zJTNEJTIyaHR0cCUzQSUyRiUyRnd3dy53My5vcmclMkYyMDAwJTJGc3ZnJTIyJTIwdmlld0JveCUzRCUyMjAlMjAwJTIwMTc5MiUyMDE3OTIlMjIlM0UlM0NwYXRoJTIwZCUzRCUyMk0xNzkyJTIwNzEwdjc5NHEwJTIwNjYtNDclMjAxMTN0LTExMyUyMDQ3aC0xNDcycS02NiUyMDAtMTEzLTQ3dC00Ny0xMTN2LTc5NHE0NCUyMDQ5JTIwMTAxJTIwODclMjAzNjIlMjAyNDYlMjA0OTclMjAzNDUlMjA1NyUyMDQyJTIwOTIuNSUyMDY1LjV0OTQuNSUyMDQ4JTIwMTEwJTIwMjQuNWgycTUxJTIwMCUyMDExMC0yNC41dDk0LjUtNDglMjA5Mi41LTY1LjVxMTcwLTEyMyUyMDQ5OC0zNDUlMjA1Ny0zOSUyMDEwMC04N3ptMC0yOTRxMCUyMDc5LTQ5JTIwMTUxdC0xMjIlMjAxMjNxLTM3NiUyMDI2MS00NjglMjAzMjUtMTAlMjA3LTQyLjUlMjAzMC41dC01NCUyMDM4LTUyJTIwMzIuNS01Ny41JTIwMjctNTAlMjA5aC0ycS0yMyUyMDAtNTAtOXQtNTcuNS0yNy01Mi0zMi41LTU0LTM4LTQyLjUtMzAuNXEtOTEtNjQtMjYyLTE4Mi41dC0yMDUtMTQyLjVxLTYyLTQyLTExNy0xMTUuNXQtNTUtMTM2LjVxMC03OCUyMDQxLjUtMTMwdDExOC41LTUyaDE0NzJxNjUlMjAwJTIwMTEyLjUlMjA0N3Q0Ny41JTIwMTEzeiUyMiUzRSUzQyUyRnBhdGglM0UlM0MlMkZzdmclM0UlM0MlMkZhJTNFJTBBJTNDJTJGZGl2JTNF[\/vc_raw_html][\/vc_column][\/vc_row][vc_row][vc_column][vc_single_image image=&#8220;2628&#8243; img_size=&#8220;full&#8220; alignment=&#8220;center&#8220; onclick=&#8220;custom_link&#8220; img_link_target=&#8220;_blank&#8220; link=&#8220;https:\/\/www.anugafoodtec.com\/exhibitor\/busqui&#8220;][\/vc_column][\/vc_row]\n<\/section>","protected":false},"excerpt":{"rendered":"<p>[mk_page_section bg_position=&#8220;center bottom&#8220; bg_repeat=&#8220;no-repeat&#8220; bg_stretch=&#8220;true&#8220; enable_3d=&#8220;true&#8220; bg_video=&#8220;yes&#8220; mp4=&#8220;https:\/\/www.busqui.com\/wp-content\/uploads\/2019\/03\/Busqui\u0301 Ae\u0301reo.mp4&#8243; video_color_mask=&#8220;#424242&#8243; min_height=&#8220;700&#8243; js_vertical_centered=&#8220;true&#8220; sidebar=&#8220;sidebar-1&#8243;][vc_column][mk_fancy_title tag_name=&#8220;h1&#8243; color=&#8220;#ffffff&#8220; size=&#8220;42&#8243; force_font_size=&#8220;true&#8220; size_tablet=&#8220;30&#8243; size_phone=&#8220;36&#8243; font_weight=&#8220;300&#8243; txt_transform=&#8220;none&#8220; letter_spacing=&#8220;2&#8243; font_family=&#8220;none&#8220; align=&#8220;center&#8220;] QUALIT\u00c4TSPRODUKTE F\u00dcR K\u00c4SE MACHEN [\/mk_fancy_title][vc_row_inner][vc_column_inner width=&#8220;2\/6&#8243;][mk_padding_divider size=&#8220;10&#8243;][mk_button_gradient size=&#8220;large&#8220; corner_style=&#8220;full_rounded&#8220; grandient_color_fallback=&#8220;rgba(112,112,112,0.4)&#8220; url=&#8220;https:\/\/www.busqui.com\/de\/warum-uns-waehlen\/&#8220;]MEHR INFO[\/mk_button_gradient][mk_button_gradient size=&#8220;large&#8220; corner_style=&#8220;full_rounded&#8220; grandient_color_fallback=&#8220;rgba(112,112,112,0.4)&#8220; url=&#8220;https:\/\/www.busqui.com\/de\/kontakt\/&#8220;]KONTAKT[\/mk_button_gradient][\/vc_column_inner][vc_column_inner width=&#8220;1\/6&#8243;][\/vc_column_inner][vc_column_inner width=&#8220;1\/2&#8243;][\/vc_column_inner][\/vc_row_inner][\/vc_column][\/mk_page_section][mk_page_section bg_image=&#8220;https:\/\/www.busqui.com\/wp-content\/uploads\/2019\/03\/background_busqui_2.png&#8220; bg_color=&#8220;#f8f8f8&#8243; enable_3d=&#8220;true&#8220; js_vertical_centered=&#8220;true&#8220; padding_top=&#8220;80&#8243; padding_bottom=&#8220;80&#8243; sidebar=&#8220;sidebar-1&#8243;][vc_column][vc_row_inner][vc_column_inner width=&#8220;1\/6&#8243;][\/vc_column_inner][vc_column_inner width=&#8220;2\/3&#8243;][mk_fancy_title color=&#8220;#353535&#8243; size=&#8220;42&#8243; force_font_size=&#8220;true&#8220; size_phone=&#8220;20&#8243; [&hellip;]<\/p>\n","protected":false},"author":1,"featured_media":0,"parent":0,"menu_order":0,"comment_status":"closed","ping_status":"closed","template":"","meta":[],"_links":{"self":[{"href":"https:\/\/www.busqui.com\/de\/wp-json\/wp\/v2\/pages\/2239"}],"collection":[{"href":"https:\/\/www.busqui.com\/de\/wp-json\/wp\/v2\/pages"}],"about":[{"href":"https:\/\/www.busqui.com\/de\/wp-json\/wp\/v2\/types\/page"}],"author":[{"embeddable":true,"href":"https:\/\/www.busqui.com\/de\/wp-json\/wp\/v2\/users\/1"}],"replies":[{"embeddable":true,"href":"https:\/\/www.busqui.com\/de\/wp-json\/wp\/v2\/comments?post=2239"}],"version-history":[{"count":1,"href":"https:\/\/www.busqui.com\/de\/wp-json\/wp\/v2\/pages\/2239\/revisions"}],"predecessor-version":[{"id":2635,"href":"https:\/\/www.busqui.com\/de\/wp-json\/wp\/v2\/pages\/2239\/revisions\/2635"}],"wp:attachment":[{"href":"https:\/\/www.busqui.com\/de\/wp-json\/wp\/v2\/media?parent=2239"}],"curies":[{"name":"wp","href":"https:\/\/api.w.org\/{rel}","templated":true}]}}